{"id":10362,"date":"2015-02-11T09:52:19","date_gmt":"2015-02-11T08:52:19","guid":{"rendered":"https:\/\/www.alzira.es\/subastas\/"},"modified":"2022-01-15T21:20:18","modified_gmt":"2022-01-15T20:20:18","slug":"subastas-cas-no","status":"publish","type":"page","link":"https:\/\/www.alzira.es\/es\/servicios-municipales\/economia-y-recaudacion\/subastas-cas-no\/","title":{"rendered":"Subastas-cas-no"},"content":{"rendered":"\n<p>Edicto del Servicio de Recaudaci\u00f3n Municipal del Ayuntamiento de Alzira sobre acuerdo de subasta<\/p>\n\n\n\n<p>De conformidad con lo dispuesto en el art\u00edculo 101 del Reglamento General de Recaudaci\u00f3n, se pone en conocimiento del deudor abajo relacionado, y de todas las otras personas a quien interese, que en el expediente administrativo de apremio que se cita, la Tesorera ha dictado acuerdo de enajenaci\u00f3n en p\u00fablica subasta de los bienes embargados, observ\u00e1ndose en su tr\u00e1mite y realizaci\u00f3n las prescripciones de los art\u00edculos 103 y 104 del citado Reglamento.<br>El acto de subasta se celebrar\u00e1 en el Sal\u00f3n de Plenos, el d\u00eda 24 de noviembre &nbsp;a las 12\u201900 horas. En caso de que la subasta fuese suspendida por cualquier motivo, se celebrar\u00e1 nueva subasta el d\u00eda 25 de noviembre &nbsp;a las 12:00 horas, en el mismo lugar, sin necesidad de efectuar un nuevo anuncio.<br>Las condiciones generales de la subasta podr\u00e1n ser consultadas en las dependencias del servicio de Recaudaci\u00f3n Municipal del Ayuntamiento de Alzira, as\u00ed como en el BOP de Valencia n \u00ba 122 de fecha 24 de mayo de 2013, p\u00e1ginas 189-190&nbsp;<br>Se establece como condiciones particulares, en sustituci\u00f3n de las condiciones generales, las siguientes:<br>Primera.- En caso de haberse efectuado el dep\u00f3sito mediante cheque, \u00e9ste podr\u00e1 devolverse a los licitadores en el mismo acto de la subasta, o posteriormente siempre que \u00e9ste cheque no haya sido ingresado en las cuentas del Ayuntamiento.&nbsp;<\/p>\n\n\n\n<p>Segunda: El tr\u00e1mite de adjudicaci\u00f3n directa, en caso de que sea necesario, tendr\u00e1 una duraci\u00f3n inicial de un mes contado a partir de la fecha de celebraci\u00f3n de la subasta. Este plazo se prorrogar\u00e1 autom\u00e1ticamente por meses sucesivos hasta un m\u00e1ximo de tres meses contados a partir de la fecha de celebraci\u00f3n de la subasta, de conformidad con el art\u00edculo 104.7 y 107 del Reglamento General de Recaudaci\u00f3n.<br>Durante dichos plazos, los licitadores podr\u00e1n presentar ofertas en sobre cerrado a la mesa de subasta. Estas ofertas se podr\u00e1n presentar en el registro de entrada del Ayuntamiento y deber\u00e1n ir acompa\u00f1adas del dep\u00f3sito por el importe \u00edntegro de la oferta, constituido \u00fanicamente mediante cheque nominativo y bancario a favor del Ayuntamiento de Alzira.&nbsp;<br>En caso de que se presenten ofertas, la mesa se reunir\u00e1 dentro de los diez d\u00edas siguientes a la finalizaci\u00f3n del plazo del primer mes, o de sus pr\u00f3rrogas, pudiendo proceder a la adjudicaci\u00f3n de los bienes si alguna de ellas se considera suficiente en ese momento.&nbsp;<br>Finalizado el plazo m\u00e1ximo de tres meses desde la subasta, sin que se hayan presentado ofertas, o si las mismas se consideran insuficientes, el Ayuntamiento podr\u00e1 adjudicarse a su favor, en pago de las deudas no cubiertas, los bienes embargados, conforme a lo dispuesto en el art. 109 del Reglamento General de Recaudaci\u00f3n.&nbsp;<\/p>\n\n\n\n<p>RELACI\u00d3N DE LOS BIENES A ENAJENAR:<br>LOTE I:<\/p>\n\n\n\n<p>FINCA : R\u00fastica tierra naranjos con casa en Alzira, en paraje Llano de la Murta o Cementerio. Con una cabida de 642,07 \u00e1reas, con derecho sobre la misma en cuanto a 1\/1 en pleno dominio e inscrita en el tomo 2214, libro 867, folio 101, finca n\u00ba 60450 del Registro de la Propiedad de Alzira.&nbsp;<\/p>\n\n\n\n<p>Titularidad: CASCRIVA, SL.,con CIF. B96892187.<br>Referencia catastral: 46017A053000760000IU, 46017A053001410000IU y 001001200YJ23E0001WU<br>Derechos de Titularidad.- Cien por ciento del pleno dominio.&nbsp;<br>Valoraci\u00f3n: &nbsp; 273.245\u201918 \u20ac \u20ac &nbsp; &nbsp; &nbsp;<br>&nbsp; &nbsp;<br>Cargas:<br>1) &#8211; No tiene cargas o grav\u00e1menes anteriores por lo que su valoraci\u00f3n es \u00edntegra.<br>2) &nbsp;Carga que se ejecuta : Embargo contra los derechos que puedan corresponder a Cascriva S.L. sobre la finca registral 60450 a favor del Ayuntamiento en reclamaci\u00f3n de d\u00e9bitos a la Hacienda P\u00fablica, anotaci\u00f3n letra A de 15 de diciembre de 2014.&nbsp;<\/p>\n\n\n\n<p>&nbsp; &nbsp; &nbsp; &nbsp; &nbsp; &nbsp; &nbsp; &nbsp; &nbsp; &nbsp; &nbsp; &nbsp; &nbsp; &nbsp; &nbsp; &nbsp; &nbsp; &nbsp; &nbsp; &nbsp; &nbsp; &nbsp; &nbsp; &nbsp; &nbsp;&nbsp;<br>TIPO DE SUBASTA EN PRIMERA LICITACI\u00d3N.: &nbsp; &nbsp;273.245\u201918 &nbsp;\u20ac<br>DEP\u00d3SITO.: &nbsp;54.649,04 \u20ac<br>TRAMOS: 1.000 \u20ac<br>TI PO DE SUBASTA EN SEGUNDA LICITACI\u00d3N : 204.933,89 \u20ac<br>DEP\u00d3SITO: 40.986,78 \u20ac<br>TRAMOS: 1.000 \u20ac<\/p>\n\n\n\n<p>LOTE II:<\/p>\n\n\n\n<p>FINCA: Urbana vivienda con situaci\u00f3n en la calle Mayor Santa Catalina n\u00ba 2, piso Plant. de Alzira. Con una cabida de 111,24 m2, con referencia catastral 00130V146911500002TW, con derecho sobre la misma en cuanto a 1\/1 en pleno dominio &nbsp;n \u00ba de IDUFIR 46073000162940 e inscrita en el tomo 1897, libro 687, folio 81, finca n\u00ba 20542 del Registro de la Propiedad de Alzira<\/p>\n\n\n\n<p>FINCA : Urbana vivienda vinculada de forma inseparable a la vivienda en primera planta del edificio colindante que es la n\u00famero dos de propiedad horizontal (registral 20.542) en Alzira, en calle Santa Teresa n\u00ba 3, piso primero, de superficie construida 36,45 m2, con derecho sobre la misma en cuanto a 1\/1 en pleno dominio e inscrita en el tomo 2283, libro 905, folio 173, finca n\u00ba 61467 del Registro de la Propiedad de Alzira<\/p>\n\n\n\n<p>TITULARIDAD: CASCRIVA S.L. &nbsp;con CIF. B96892187.<br>Referencia catastral: 00130V146911500002TW<br>Derechos de Titularidad.- Cien por ciento del pleno dominio.&nbsp;<br>Valoraci\u00f3n: &nbsp;157.515,70 \u20ac &nbsp; &nbsp; &nbsp;<br>&nbsp;<br>Cargas:<br>1) &#8211; No tiene cargas o grav\u00e1menes anteriores por lo que su valoraci\u00f3n es \u00edntegra.<br>2) &nbsp;Carga que se ejecuta : Embargo contra los derechos que puedan corresponder a Cascriva S.L. sobre la finca registral 20542 a favor del Ayuntamiento en reclamaci\u00f3n de d\u00e9bitos a la Hacienda P\u00fablica, anotaci\u00f3n letra A de 15 de diciembre de 2014, y contra los derechos que Cascriva S.L. tenga sobre la finca &nbsp;registral &nbsp;n\u00ba 61467 vinculada de forma inseparable a la finca 20542.&nbsp;<br>&nbsp;&nbsp;<br>TIPO DE SUBASTA EN PRIMERA LICITACI\u00d3N.: &nbsp; &nbsp;157.515,70 &nbsp;\u20ac<br>DEP\u00d3SITO.: &nbsp;31.503,14 \u20ac<br>TRAMOS: 1.000 \u20ac<br>TI PO DE SUBASTA EN SEGUNDA LICITACI\u00d3N : 118.136,77 \u20ac<br>DEP\u00d3SITO: 23.627,35 \u20ac<br>TRAMOS: 1.000 \u20ac<\/p>\n","protected":false},"excerpt":{"rendered":"<p>Edicto del Servicio de Recaudaci\u00f3n Municipal del Ayuntamiento de Alzira sobre acuerdo de subasta De conformidad con lo dispuesto en el art\u00edculo 101 del Reglamento General de Recaudaci\u00f3n, se pone en conocimiento del deudor abajo relacionado, y de todas las otras personas a quien interese, que en el expediente administrativo de apremio que se cita, &hellip; <\/p>\n<p class=\"link-more\"><a href=\"https:\/\/www.alzira.es\/es\/servicios-municipales\/economia-y-recaudacion\/subastas-cas-no\/\" class=\"more-link\">Continuar leyendo<span class=\"screen-reader-text\"> \u00abSubastas-cas-no\u00bb<\/span><\/a><\/p>\n","protected":false},"author":29,"featured_media":0,"parent":84774,"menu_order":15,"comment_status":"closed","ping_status":"closed","template":"","meta":{"_acf_changed":false,"footnotes":""},"class_list":["post-10362","page","type-page","status-publish","hentry"],"acf":[],"_links":{"self":[{"href":"https:\/\/www.alzira.es\/es\/wp-json\/wp\/v2\/pages\/10362","targetHints":{"allow":["GET"]}}],"collection":[{"href":"https:\/\/www.alzira.es\/es\/wp-json\/wp\/v2\/pages"}],"about":[{"href":"https:\/\/www.alzira.es\/es\/wp-json\/wp\/v2\/types\/page"}],"author":[{"embeddable":true,"href":"https:\/\/www.alzira.es\/es\/wp-json\/wp\/v2\/users\/29"}],"replies":[{"embeddable":true,"href":"https:\/\/www.alzira.es\/es\/wp-json\/wp\/v2\/comments?post=10362"}],"version-history":[{"count":3,"href":"https:\/\/www.alzira.es\/es\/wp-json\/wp\/v2\/pages\/10362\/revisions"}],"predecessor-version":[{"id":111101,"href":"https:\/\/www.alzira.es\/es\/wp-json\/wp\/v2\/pages\/10362\/revisions\/111101"}],"up":[{"embeddable":true,"href":"https:\/\/www.alzira.es\/es\/wp-json\/wp\/v2\/pages\/84774"}],"wp:attachment":[{"href":"https:\/\/www.alzira.es\/es\/wp-json\/wp\/v2\/media?parent=10362"}],"curies":[{"name":"wp","href":"https:\/\/api.w.org\/{rel}","templated":true}]}}