{"id":106197,"date":"2021-11-30T10:40:36","date_gmt":"2021-11-30T09:40:36","guid":{"rendered":"https:\/\/www.alzira.es\/?page_id=106197"},"modified":"2021-11-30T10:40:37","modified_gmt":"2021-11-30T09:40:37","slug":"educacion-cij","status":"publish","type":"page","link":"https:\/\/www.alzira.es\/es\/servicios-municipales\/centre-dinformacio-juvenil-el-centro\/educacion-cij\/educacion-cij\/","title":{"rendered":"Educaci\u00f3n CIJ"},"content":{"rendered":"<p style=\"text-align: justify;\">\n<p style=\"text-align: justify;\">En el CIJ puedes encontrar informaci\u00f3n sobre temas de inter\u00e9s relacionados con la educaci\u00f3n:<\/p>\n<p style=\"margin-left: 40px;\"><span style=\"color: #ff6600;\">\u2022 Formaci\u00f3n reglada<br \/>\n\u2022 Formaci\u00f3n Professional Ocupacional<br \/>\n\u2022 Programas de Garantia Social<br \/>\n\u2022 Acceso a la Universidad<br \/>\n\u2022 Estudios en el\u00a0extranjero<br \/>\n\u2022 Masters\u00a0y Postgrados<br \/>\n\u2022 Cursos de formaci\u00f3n<br \/>\n\u2022 Becas\u00a0y ayudas al estudio<\/span><\/p>\n<p style=\"text-align: justify;\">\n<p style=\"text-align: center;\"><strong>ASESORIA DE ESTUDIOS<\/strong><\/p>\n<p style=\"text-align: center;\">CENTRO\u00a0DE INFORMACI\u00d3N JUVENIL<br \/>\nC\/ Escoles Pies, 4. 46600 Alzira<br \/>\nTel. 96 241 74 07 \/ 96 241 57 56<\/p>\n<p style=\"text-align: center;\">DE LUNES A VIERNES<br \/>\nMA\u00d1ANAS,\u00a0de 10.30 a 14 h. y<br \/>\nTARDES, de 17\u00a0a 19.30\u00a0h (excepto viernes)<\/p>\n<p style=\"text-align: center;\">\u00a0\u00a0Del 16 de junio al 15 de septiembre, \u00a0el horario es s\u00f3lo de 10.30 a 14 h.<\/p>\n<p style=\"text-align: justify;\">El Ajuntamento de\u00a0Alzira pone a tu disposici\u00f3n un servicio de Asesor\u00eda de Estudios, donde podr\u00e1s informarte y resolver tus dudas alrededor de:<\/p>\n<p style=\"text-align: justify; margin-left: 40px;\">&#8211; estudios (ciclos formativos, batchilleratos, ense\u00f1anzas art\u00edsticas, idiomas, estudios universitarios&#8230;).<br \/>\n&#8211; centros de ense\u00f1anza donde realizarlos.<br \/>\n&#8211; beques y ayudas para el estudio.<br \/>\n&#8211; programas de Formaci\u00f3n del SERVEF (FPO, Programas de Garantia Social, Escuelas Talleres i Casas de Oficios&#8230;).<br \/>\n&#8211; pruebas de la Junta Qualificadora de Coneixements de Valenci\u00e0.<br \/>\n&#8230; y mucho m\u00e1s.<\/p>\n<p style=\"text-align: justify;\"><strong>PARA M\u00c1S INFORMACI\u00d3N:<\/strong><\/p>\n<p style=\"text-align: justify; margin-left: 40px;\"><a href=\"http:\/\/wwwn.mec.es\/index.html\">Ministerio de Educaci\u00f3n, Ciencia i tecnolog\u00eda (MEC) <\/a><\/p>\n<p style=\"text-align: justify; margin-left: 40px;\"><a href=\"http:\/\/www.educaweb.com\/\">EDUCAWEB (Educaci\u00f3n, Formaci\u00f3n\u00a0y Trabajo)<\/a><\/p>\n<p style=\"text-align: justify; margin-left: 40px;\"><a href=\"http:\/\/www.gva.es\/jsp\/portalgv.jsp\">Conselleria d&#8217;Educaci\u00f3<\/a><\/p>\n","protected":false},"excerpt":{"rendered":"<p>En el CIJ puedes encontrar informaci\u00f3n sobre temas de inter\u00e9s relacionados con la educaci\u00f3n: \u2022 Formaci\u00f3n reglada \u2022 Formaci\u00f3n Professional Ocupacional \u2022 Programas de Garantia Social \u2022 Acceso a la Universidad \u2022 Estudios en el\u00a0extranjero \u2022 Masters\u00a0y Postgrados \u2022 Cursos de formaci\u00f3n \u2022 Becas\u00a0y ayudas al estudio ASESORIA DE ESTUDIOS CENTRO\u00a0DE INFORMACI\u00d3N JUVENIL C\/ Escoles &hellip; <\/p>\n<p class=\"link-more\"><a href=\"https:\/\/www.alzira.es\/es\/servicios-municipales\/centre-dinformacio-juvenil-el-centro\/educacion-cij\/educacion-cij\/\" class=\"more-link\">Continuar leyendo<span class=\"screen-reader-text\"> \u00abEducaci\u00f3n CIJ\u00bb<\/span><\/a><\/p>\n","protected":false},"author":29,"featured_media":0,"parent":1196,"menu_order":0,"comment_status":"closed","ping_status":"closed","template":"","meta":{"_acf_changed":false,"footnotes":""},"class_list":["post-106197","page","type-page","status-publish","hentry"],"acf":[],"_links":{"self":[{"href":"https:\/\/www.alzira.es\/es\/wp-json\/wp\/v2\/pages\/106197","targetHints":{"allow":["GET"]}}],"collection":[{"href":"https:\/\/www.alzira.es\/es\/wp-json\/wp\/v2\/pages"}],"about":[{"href":"https:\/\/www.alzira.es\/es\/wp-json\/wp\/v2\/types\/page"}],"author":[{"embeddable":true,"href":"https:\/\/www.alzira.es\/es\/wp-json\/wp\/v2\/users\/29"}],"replies":[{"embeddable":true,"href":"https:\/\/www.alzira.es\/es\/wp-json\/wp\/v2\/comments?post=106197"}],"version-history":[{"count":1,"href":"https:\/\/www.alzira.es\/es\/wp-json\/wp\/v2\/pages\/106197\/revisions"}],"predecessor-version":[{"id":106202,"href":"https:\/\/www.alzira.es\/es\/wp-json\/wp\/v2\/pages\/106197\/revisions\/106202"}],"up":[{"embeddable":true,"href":"https:\/\/www.alzira.es\/es\/wp-json\/wp\/v2\/pages\/1196"}],"wp:attachment":[{"href":"https:\/\/www.alzira.es\/es\/wp-json\/wp\/v2\/media?parent=106197"}],"curies":[{"name":"wp","href":"https:\/\/api.w.org\/{rel}","templated":true}]}}