{"id":106475,"date":"2021-12-01T16:11:24","date_gmt":"2021-12-01T15:11:24","guid":{"rendered":"https:\/\/www.alzira.es\/?page_id=106475"},"modified":"2022-07-05T12:25:21","modified_gmt":"2022-07-05T10:25:21","slug":"convocatoria-06-2020-seleccion-en-propiedad-de-una-plaza-de-psicologo-psicologa-por-el-sistema-de-concurso-oposicion-libre-plaza-40108","status":"publish","type":"page","link":"https:\/\/www.alzira.es\/es\/servicios-municipales\/recursos-humanos\/empleo-permanente\/convocatoria-06-2020-seleccion-en-propiedad-de-una-plaza-de-psicologo-psicologa-por-el-sistema-de-concurso-oposicion-libre-plaza-40108\/","title":{"rendered":"CONVOCATORIA 06\/2020.- Selecci\u00f3n en propiedad de UNA plaza de Psic\u00f3logo \/ Psic\u00f3loga por el sistema de concurso oposici\u00f3n libre"},"content":{"rendered":"<p><span style=\"color: #993300;\">NOMBRAMIENTO Y CONSTITUCI\u00d3N DE LA BOLSA<\/span><\/p>\n<p><strong>DOCUMENTOS DEL EXPEDIENTE:<\/strong><\/p>\n\n\n<figure class=\"wp-block-table is-style-stripes\"><table><tbody><tr><td><strong>Nombre Fichero<\/strong><\/td><td class=\"has-text-align-center\" data-align=\"center\"><strong>Fecha Publicaci\u00f3n<\/strong><\/td><\/tr><tr><td><a href=\"https:\/\/www.alzira.es\/wp-content\/uploads\/2022\/07\/Nomenament-i-ordre-de-crida-1.pdf\" target=\"_blank\" rel=\"noreferrer noopener\">Nombramiento y constituci\u00f3n de la bolsa<\/a><\/td><td class=\"has-text-align-center\" data-align=\"center\">05\/07\/2022<\/td><\/tr><tr><td><a href=\"https:\/\/www.alzira.es\/wp-content\/uploads\/2022\/06\/Edicte-fase-concurs-definitiu.pdf\" target=\"_blank\" rel=\"noreferrer noopener\">Edicto: Resultado definitivo concurso de m\u00e9ritos<\/a><\/td><td class=\"has-text-align-center\" data-align=\"center\">29\/06\/2022<\/td><\/tr><tr><td><a href=\"https:\/\/www.alzira.es\/wp-content\/uploads\/2022\/06\/Edicte-fase-concurs-provisional-1.pdf\" target=\"_blank\" rel=\"noreferrer noopener\">Edicto: Resultado provisional concurso de m\u00e9ritos<\/a><\/td><td class=\"has-text-align-center\" data-align=\"center\">06\/06\/2022<\/td><\/tr><tr><td><a href=\"https:\/\/www.alzira.es\/wp-content\/uploads\/2022\/05\/Edicte-Resultats-2n-exercici-i-concurs-de-merits.pdf\" target=\"_blank\" rel=\"noreferrer noopener\">Edicto: Resultados 2do ejercicio y m\u00e9ritos<\/a><\/td><td class=\"has-text-align-center\" data-align=\"center\">13\/05\/2022<\/td><\/tr><tr><td><a href=\"https:\/\/www.alzira.es\/wp-content\/uploads\/2022\/05\/Correccio-anunci-data-2n-exercici-1.pdf\" target=\"_blank\" rel=\"noreferrer noopener\">Anuncio: Fecha segundo ejercicio<\/a><\/td><td class=\"has-text-align-center\" data-align=\"center\">02\/05\/2022<\/td><\/tr><tr><td><a href=\"https:\/\/www.alzira.es\/wp-content\/uploads\/2022\/03\/Edicte-resultats-1er-exercici-signat.pdf\" target=\"_blank\" rel=\"noreferrer noopener\">Edicto: Resultados 1er ejercicio<\/a><\/td><td class=\"has-text-align-center\" data-align=\"center\">31\/03\/2022<\/td><\/tr><tr><td><a href=\"https:\/\/www.alzira.es\/wp-content\/uploads\/2022\/03\/Acta-3-Obertura-sobre.pdf\" target=\"_blank\" rel=\"noreferrer noopener\">Acta: Apertura sobre c\u00f3digo identificativo<\/a><\/td><td class=\"has-text-align-center\" data-align=\"center\">31\/03\/2022<\/td><\/tr><tr><td><a href=\"https:\/\/www.alzira.es\/wp-content\/uploads\/2022\/03\/Edicte-obertura-Piscoleg.pdf\" target=\"_blank\" rel=\"noreferrer noopener\">Edicto: Apertura sobre c\u00f3digo identificativo<\/a><\/td><td class=\"has-text-align-center\" data-align=\"center\">28\/03\/2022<\/td><\/tr><tr><td><a href=\"https:\/\/www.alzira.es\/wp-content\/uploads\/2022\/02\/Decret-modificacio-data-primer-exercici.pdf\" target=\"_blank\" rel=\"noreferrer noopener\">Modificaci\u00f3n fecha primer ejercicio<\/a><\/td><td class=\"has-text-align-center\" data-align=\"center\"><\/td><\/tr><tr><td><a href=\"https:\/\/www.alzira.es\/wp-content\/uploads\/2022\/02\/Decret-llistat-definitiu-admesos-tribunal-i-data-examen-1.pdf\" target=\"_blank\" rel=\"noreferrer noopener\">Listado definitivo admitidos, tribunal y fecha primer ejercicio<\/a><\/td><td class=\"has-text-align-center\" data-align=\"center\">03\/02\/2022<\/td><\/tr><tr><td><a href=\"https:\/\/www.alzira.es\/wp-content\/uploads\/2021\/12\/Decret-llistat-provisional-admesos-i-exclosos-2.pdf\" target=\"_blank\" rel=\"noreferrer noopener\">Listado provisional admitidos y excluidos<\/a><\/td><td class=\"has-text-align-center\" data-align=\"center\"><\/td><\/tr><tr><td><a href=\"https:\/\/www.alzira.es\/wp-content\/uploads\/2021\/12\/BOE-20211108-PSICOLEG-A.pdf\" target=\"_blank\" rel=\"noreferrer noopener\">BOE n\u00fam. 267 de 08112021<\/a><\/td><td class=\"has-text-align-center\" data-align=\"center\"><\/td><\/tr><tr><td><a href=\"https:\/\/www.alzira.es\/wp-content\/uploads\/2021\/12\/Autobaremacio-psicoleg.xlsx\" target=\"_blank\" rel=\"noreferrer noopener\">Autobaremaci\u00f3 psic\u00f2leg<\/a><\/td><td class=\"has-text-align-center\" data-align=\"center\"><\/td><\/tr><tr><td><a href=\"https:\/\/www.alzira.es\/wp-content\/uploads\/2021\/12\/anunci_bop_aprovacio_convocatoria.pdf\" target=\"_blank\" rel=\"noreferrer noopener\">Anunci BOP sobre convocat\u00f2ria i bases espec\u00edfiques del proc\u00e9s selectiu per a cobrir una pla\u00e7a de psic\u00f2leg\/loga<\/a><\/td><td class=\"has-text-align-center\" data-align=\"center\"><\/td><\/tr><tr><td><a href=\"https:\/\/www.alzira.es\/wp-content\/uploads\/2021\/12\/bases_especifiques.pdf\" target=\"_blank\" rel=\"noreferrer noopener\">BASES ESPEC\u00cdFIQUES<\/a><\/td><td class=\"has-text-align-center\" data-align=\"center\"><\/td><\/tr><tr><td><a href=\"https:\/\/www.alzira.es\/wp-content\/uploads\/2021\/12\/bases_generales.pdf\" target=\"_blank\" rel=\"noreferrer noopener\">BASES GENERALES<\/a><\/td><td class=\"has-text-align-center\" data-align=\"center\"><\/td><\/tr><tr><td><a href=\"https:\/\/www.alzira.es\/wp-content\/uploads\/2021\/12\/bases_generals.pdf\" target=\"_blank\" rel=\"noreferrer noopener\">BASES GENERALS<\/a><\/td><td class=\"has-text-align-center\" data-align=\"center\"><\/td><\/tr><\/tbody><\/table><\/figure>\n","protected":false},"excerpt":{"rendered":"<p>NOMBRAMIENTO Y CONSTITUCI\u00d3N DE LA BOLSA DOCUMENTOS DEL EXPEDIENTE: Nombre Fichero Fecha Publicaci\u00f3n Nombramiento y constituci\u00f3n de la bolsa 05\/07\/2022 Edicto: Resultado definitivo concurso de m\u00e9ritos 29\/06\/2022 Edicto: Resultado provisional concurso de m\u00e9ritos 06\/06\/2022 Edicto: Resultados 2do ejercicio y m\u00e9ritos 13\/05\/2022 Anuncio: Fecha segundo ejercicio 02\/05\/2022 Edicto: Resultados 1er ejercicio 31\/03\/2022 Acta: Apertura sobre c\u00f3digo &hellip; <\/p>\n<p class=\"link-more\"><a href=\"https:\/\/www.alzira.es\/es\/servicios-municipales\/recursos-humanos\/empleo-permanente\/convocatoria-06-2020-seleccion-en-propiedad-de-una-plaza-de-psicologo-psicologa-por-el-sistema-de-concurso-oposicion-libre-plaza-40108\/\" class=\"more-link\">Continuar leyendo<span class=\"screen-reader-text\"> \u00abCONVOCATORIA 06\/2020.- Selecci\u00f3n en propiedad de UNA plaza de Psic\u00f3logo \/ Psic\u00f3loga por el sistema de concurso oposici\u00f3n libre\u00bb<\/span><\/a><\/p>\n","protected":false},"author":29,"featured_media":0,"parent":105851,"menu_order":0,"comment_status":"closed","ping_status":"closed","template":"","meta":{"_acf_changed":false,"footnotes":""},"class_list":["post-106475","page","type-page","status-publish","hentry"],"acf":[],"_links":{"self":[{"href":"https:\/\/www.alzira.es\/es\/wp-json\/wp\/v2\/pages\/106475","targetHints":{"allow":["GET"]}}],"collection":[{"href":"https:\/\/www.alzira.es\/es\/wp-json\/wp\/v2\/pages"}],"about":[{"href":"https:\/\/www.alzira.es\/es\/wp-json\/wp\/v2\/types\/page"}],"author":[{"embeddable":true,"href":"https:\/\/www.alzira.es\/es\/wp-json\/wp\/v2\/users\/29"}],"replies":[{"embeddable":true,"href":"https:\/\/www.alzira.es\/es\/wp-json\/wp\/v2\/comments?post=106475"}],"version-history":[{"count":2,"href":"https:\/\/www.alzira.es\/es\/wp-json\/wp\/v2\/pages\/106475\/revisions"}],"predecessor-version":[{"id":124748,"href":"https:\/\/www.alzira.es\/es\/wp-json\/wp\/v2\/pages\/106475\/revisions\/124748"}],"up":[{"embeddable":true,"href":"https:\/\/www.alzira.es\/es\/wp-json\/wp\/v2\/pages\/105851"}],"wp:attachment":[{"href":"https:\/\/www.alzira.es\/es\/wp-json\/wp\/v2\/media?parent=106475"}],"curies":[{"name":"wp","href":"https:\/\/api.w.org\/{rel}","templated":true}]}}