{"id":107101,"date":"2021-12-13T13:18:49","date_gmt":"2021-12-13T12:18:49","guid":{"rendered":"https:\/\/alzira.es\/recursos\/"},"modified":"2022-04-11T13:46:25","modified_gmt":"2022-04-11T11:46:25","slug":"recursos","status":"publish","type":"page","link":"https:\/\/alzira.es\/es\/servicios-municipales\/cooperacion-y-solidaridad\/recursos\/","title":{"rendered":"Recursos"},"content":{"rendered":"\t\t<div data-elementor-type=\"wp-page\" data-elementor-id=\"107101\" class=\"elementor elementor-107101 elementor-107064\">\n\t\t\t\t\t\t<section class=\"elementor-section elementor-top-section elementor-element elementor-element-b4321f0 elementor-section-boxed elementor-section-height-default elementor-section-height-default\" data-id=\"b4321f0\" data-element_type=\"section\">\n\t\t\t\t\t\t<div class=\"elementor-container elementor-column-gap-default\">\n\t\t\t\t\t<div class=\"elementor-column elementor-col-50 elementor-top-column elementor-element elementor-element-f5315f2\" data-id=\"f5315f2\" data-element_type=\"column\">\n\t\t\t<div class=\"elementor-widget-wrap elementor-element-populated\">\n\t\t\t\t\t\t<div class=\"elementor-element elementor-element-49a4a50 elementor-widget elementor-widget-spacer\" data-id=\"49a4a50\" data-element_type=\"widget\" data-widget_type=\"spacer.default\">\n\t\t\t\t<div class=\"elementor-widget-container\">\n\t\t\t\t\t\t\t<div class=\"elementor-spacer\">\n\t\t\t<div class=\"elementor-spacer-inner\"><\/div>\n\t\t<\/div>\n\t\t\t\t\t\t<\/div>\n\t\t\t\t<\/div>\n\t\t\t\t<div class=\"elementor-element elementor-element-80d0318 elementor-widget elementor-widget-image\" data-id=\"80d0318\" data-element_type=\"widget\" data-widget_type=\"image.default\">\n\t\t\t\t<div class=\"elementor-widget-container\">\n\t\t\t\t\t\t\t\t\t\t\t\t\t\t\t\t<a href=\"https:\/\/alzira.es\/wp-content\/uploads\/2022\/04\/EDUCACIO%CC%81-PER-AL-DESENVOLUPAMENT-SOSTENIBLE.pdf\" target=\"_blank\">\n\t\t\t\t\t\t\t<img fetchpriority=\"high\" decoding=\"async\" width=\"525\" height=\"525\" src=\"https:\/\/alzira.es\/wp-content\/uploads\/2022\/01\/Infografia_DesarrolloSostenible_val-08-08-08-modified-1072x1072.png\" class=\"attachment-large size-large wp-image-109665\" alt=\"\" srcset=\"https:\/\/alzira.es\/wp-content\/uploads\/2022\/01\/Infografia_DesarrolloSostenible_val-08-08-08-modified-1072x1072.png 1072w, https:\/\/alzira.es\/wp-content\/uploads\/2022\/01\/Infografia_DesarrolloSostenible_val-08-08-08-modified-510x510.png 510w, https:\/\/alzira.es\/wp-content\/uploads\/2022\/01\/Infografia_DesarrolloSostenible_val-08-08-08-modified-350x350.png 350w, https:\/\/alzira.es\/wp-content\/uploads\/2022\/01\/Infografia_DesarrolloSostenible_val-08-08-08-modified-768x768.png 768w, https:\/\/alzira.es\/wp-content\/uploads\/2022\/01\/Infografia_DesarrolloSostenible_val-08-08-08-modified-300x300.png 300w, https:\/\/alzira.es\/wp-content\/uploads\/2022\/01\/Infografia_DesarrolloSostenible_val-08-08-08-modified-100x100.png 100w, https:\/\/alzira.es\/wp-content\/uploads\/2022\/01\/Infografia_DesarrolloSostenible_val-08-08-08-modified.png 1457w\" sizes=\"100vw\" \/>\t\t\t\t\t\t\t\t<\/a>\n\t\t\t\t\t\t\t\t\t\t\t\t\t\t\t<\/div>\n\t\t\t\t<\/div>\n\t\t\t\t\t<\/div>\n\t\t<\/div>\n\t\t\t\t<div class=\"elementor-column elementor-col-50 elementor-top-column elementor-element elementor-element-3698b88\" data-id=\"3698b88\" data-element_type=\"column\">\n\t\t\t<div class=\"elementor-widget-wrap elementor-element-populated\">\n\t\t\t\t\t\t<div class=\"elementor-element elementor-element-4c1bb3f elementor-widget elementor-widget-spacer\" data-id=\"4c1bb3f\" data-element_type=\"widget\" data-widget_type=\"spacer.default\">\n\t\t\t\t<div class=\"elementor-widget-container\">\n\t\t\t\t\t\t\t<div class=\"elementor-spacer\">\n\t\t\t<div class=\"elementor-spacer-inner\"><\/div>\n\t\t<\/div>\n\t\t\t\t\t\t<\/div>\n\t\t\t\t<\/div>\n\t\t\t\t<div class=\"elementor-element elementor-element-db55054 elementor-widget elementor-widget-text-editor\" data-id=\"db55054\" data-element_type=\"widget\" data-widget_type=\"text-editor.default\">\n\t\t\t\t<div class=\"elementor-widget-container\">\n\t\t\t\t\t\t\t\t\t<p><a href=\"https:\/\/alzira.es\/wp-content\/uploads\/2022\/04\/EDUCACIO%CC%81-PER-AL-DESENVOLUPAMENT-SOSTENIBLE.pdf\" target=\"_blank\" rel=\"noopener\"><strong>&#8211; \u201cEducaci\u00f3n para el desarrollo sostenible\u00bb (EDS).<\/strong>\u00a0<\/a><\/p><p>Cat\u00e1logo de propuestas formativas para centros educativos.<\/p><p>EDITA: Ayuntamiento de Alzira.\u00a0<\/p><p>COL\u2022LABORA: Conseller\u00eda de Cooperaci\u00f3n<\/p>\t\t\t\t\t\t\t\t<\/div>\n\t\t\t\t<\/div>\n\t\t\t\t\t<\/div>\n\t\t<\/div>\n\t\t\t\t\t<\/div>\n\t\t<\/section>\n\t\t\t\t<section class=\"elementor-section elementor-top-section elementor-element elementor-element-7947e6f elementor-section-boxed elementor-section-height-default elementor-section-height-default\" data-id=\"7947e6f\" data-element_type=\"section\">\n\t\t\t\t\t\t<div class=\"elementor-container elementor-column-gap-default\">\n\t\t\t\t\t<div class=\"elementor-column elementor-col-50 elementor-top-column elementor-element elementor-element-a171520\" data-id=\"a171520\" data-element_type=\"column\">\n\t\t\t<div class=\"elementor-widget-wrap elementor-element-populated\">\n\t\t\t\t\t\t<div class=\"elementor-element elementor-element-4449853 elementor-widget elementor-widget-image\" data-id=\"4449853\" data-element_type=\"widget\" data-widget_type=\"image.default\">\n\t\t\t\t<div class=\"elementor-widget-container\">\n\t\t\t\t\t\t\t\t\t\t\t\t\t\t\t<img decoding=\"async\" width=\"525\" height=\"110\" data-src=\"https:\/\/alzira.es\/wp-content\/uploads\/2022\/01\/cropped-cabecera-pagina-web-e1641553011839.jpg\" class=\"attachment-large size-large wp-image-109660 lazyload\" alt=\"\" data-sizes=\"100vw\" src=\"data:image\/svg+xml;base64,PHN2ZyB3aWR0aD0iMSIgaGVpZ2h0PSIxIiB4bWxucz0iaHR0cDovL3d3dy53My5vcmcvMjAwMC9zdmciPjwvc3ZnPg==\" style=\"--smush-placeholder-width: 525px; --smush-placeholder-aspect-ratio: 525\/110;\" \/>\t\t\t\t\t\t\t\t\t\t\t\t\t\t\t<\/div>\n\t\t\t\t<\/div>\n\t\t\t\t\t<\/div>\n\t\t<\/div>\n\t\t\t\t<div class=\"elementor-column elementor-col-50 elementor-top-column elementor-element elementor-element-424b474\" data-id=\"424b474\" data-element_type=\"column\">\n\t\t\t<div class=\"elementor-widget-wrap elementor-element-populated\">\n\t\t\t\t\t\t<div class=\"elementor-element elementor-element-bf858f7 elementor-widget elementor-widget-text-editor\" data-id=\"bf858f7\" data-element_type=\"widget\" data-widget_type=\"text-editor.default\">\n\t\t\t\t<div class=\"elementor-widget-container\">\n\t\t\t\t\t\t\t\t\t<p><strong style=\"background-color: inherit; font-size: 1rem;\">&#8211; Teachers for future (<\/strong><a href=\"https:\/\/teachersforfuturespain.org\/\" target=\"_blank\" rel=\"noopener\">https:\/\/teachersforfuturespain.org\/<\/a><strong style=\"background-color: inherit; font-size: 1rem;\">).<\/strong><span style=\"background-color: inherit; font-size: 1rem;\">\u00a0<\/span><\/p><p>Colectivo de docentes, independiente de cualquier partido pol\u00edtico, religi\u00f3n o sindicato; los cuales desarrollan acciones por el clima y la educaci\u00f3n ecosocial.<\/p><p>En el web se puede encontrar un amplio abanico de material did\u00e1ctico, recursos audiovisuales, calendario de acciones, campa\u00f1as activas, noticias de actualidad, etc.<\/p>\t\t\t\t\t\t\t\t<\/div>\n\t\t\t\t<\/div>\n\t\t\t\t\t<\/div>\n\t\t<\/div>\n\t\t\t\t\t<\/div>\n\t\t<\/section>\n\t\t\t\t<section class=\"elementor-section elementor-top-section elementor-element elementor-element-788414d elementor-section-boxed elementor-section-height-default elementor-section-height-default\" data-id=\"788414d\" data-element_type=\"section\">\n\t\t\t\t\t\t<div class=\"elementor-container elementor-column-gap-default\">\n\t\t\t\t\t<div class=\"elementor-column elementor-col-50 elementor-top-column elementor-element elementor-element-f4820a4\" data-id=\"f4820a4\" data-element_type=\"column\">\n\t\t\t<div class=\"elementor-widget-wrap elementor-element-populated\">\n\t\t\t\t\t\t<div class=\"elementor-element elementor-element-3f7a956 elementor-widget elementor-widget-spacer\" data-id=\"3f7a956\" data-element_type=\"widget\" data-widget_type=\"spacer.default\">\n\t\t\t\t<div class=\"elementor-widget-container\">\n\t\t\t\t\t\t\t<div class=\"elementor-spacer\">\n\t\t\t<div class=\"elementor-spacer-inner\"><\/div>\n\t\t<\/div>\n\t\t\t\t\t\t<\/div>\n\t\t\t\t<\/div>\n\t\t\t\t<div class=\"elementor-element elementor-element-8e50b28 elementor-widget elementor-widget-image\" data-id=\"8e50b28\" data-element_type=\"widget\" data-widget_type=\"image.default\">\n\t\t\t\t<div class=\"elementor-widget-container\">\n\t\t\t\t\t\t\t\t\t\t\t\t\t\t\t<img decoding=\"async\" width=\"60\" height=\"60\" data-src=\"https:\/\/alzira.es\/wp-content\/uploads\/2022\/01\/logo_rubik_animado3-100.gif\" class=\"attachment-full size-full wp-image-109662 lazyload\" alt=\"\" data-sizes=\"100vw\" src=\"data:image\/svg+xml;base64,PHN2ZyB3aWR0aD0iMSIgaGVpZ2h0PSIxIiB4bWxucz0iaHR0cDovL3d3dy53My5vcmcvMjAwMC9zdmciPjwvc3ZnPg==\" style=\"--smush-placeholder-width: 60px; --smush-placeholder-aspect-ratio: 60\/60;\" \/>\t\t\t\t\t\t\t\t\t\t\t\t\t\t\t<\/div>\n\t\t\t\t<\/div>\n\t\t\t\t\t<\/div>\n\t\t<\/div>\n\t\t\t\t<div class=\"elementor-column elementor-col-50 elementor-top-column elementor-element elementor-element-9c407a5\" data-id=\"9c407a5\" data-element_type=\"column\">\n\t\t\t<div class=\"elementor-widget-wrap elementor-element-populated\">\n\t\t\t\t\t\t<div class=\"elementor-element elementor-element-39d1fc5 elementor-widget elementor-widget-text-editor\" data-id=\"39d1fc5\" data-element_type=\"widget\" data-widget_type=\"text-editor.default\">\n\t\t\t\t<div class=\"elementor-widget-container\">\n\t\t\t\t\t\t\t\t\t<p><strong style=\"background-color: inherit; font-size: 1rem;\">&#8211; RUBIK (<\/strong><a href=\"https:\/\/rubik.cvongd.org\/\" target=\"_blank\" rel=\"noopener\">https:\/\/rubik.cvongd.org\/<\/a><strong style=\"background-color: inherit; font-size: 1rem;\">).<\/strong><span style=\"background-color: inherit; font-size: 1rem;\">\u00a0<\/span><\/p><p>Recursos pedag\u00f3gicos para la educaci\u00f3n de una ciudadan\u00eda global que construya un mundo justo, equitativo y sostenible; d\u00f3nde todas las personas tengan igualdad de oportunidades y se desarrollan con libertad y paz.\u00a0<\/p><p>EDITA: Coordinadora Valenciana de ONGD.\u00a0<\/p><p>COLABORA: Diputaci\u00f3n de Val\u00e8ncia<\/p>\t\t\t\t\t\t\t\t<\/div>\n\t\t\t\t<\/div>\n\t\t\t\t\t<\/div>\n\t\t<\/div>\n\t\t\t\t\t<\/div>\n\t\t<\/section>\n\t\t\t\t<section class=\"elementor-section elementor-top-section elementor-element elementor-element-8954f99 elementor-section-boxed elementor-section-height-default elementor-section-height-default\" data-id=\"8954f99\" data-element_type=\"section\">\n\t\t\t\t\t\t<div class=\"elementor-container elementor-column-gap-default\">\n\t\t\t\t\t<div class=\"elementor-column elementor-col-100 elementor-top-column elementor-element elementor-element-4fcab13\" data-id=\"4fcab13\" data-element_type=\"column\">\n\t\t\t<div class=\"elementor-widget-wrap elementor-element-populated\">\n\t\t\t\t\t\t<div class=\"elementor-element elementor-element-ca96145 elementor-widget elementor-widget-spacer\" data-id=\"ca96145\" data-element_type=\"widget\" data-widget_type=\"spacer.default\">\n\t\t\t\t<div class=\"elementor-widget-container\">\n\t\t\t\t\t\t\t<div class=\"elementor-spacer\">\n\t\t\t<div class=\"elementor-spacer-inner\"><\/div>\n\t\t<\/div>\n\t\t\t\t\t\t<\/div>\n\t\t\t\t<\/div>\n\t\t\t\t<div class=\"elementor-element elementor-element-1c9b1b3 elementor-widget elementor-widget-heading\" data-id=\"1c9b1b3\" data-element_type=\"widget\" data-widget_type=\"heading.default\">\n\t\t\t\t<div class=\"elementor-widget-container\">\n\t\t\t\t\t<h2 class=\"elementor-heading-title elementor-size-default\">M\u00e1s informaci\u00f3n<\/h2>\t\t\t\t<\/div>\n\t\t\t\t<\/div>\n\t\t\t\t<div class=\"elementor-element elementor-element-ddaf739 elementor-widget elementor-widget-text-editor\" data-id=\"ddaf739\" data-element_type=\"widget\" data-widget_type=\"text-editor.default\">\n\t\t\t\t<div class=\"elementor-widget-container\">\n\t\t\t\t\t\t\t\t\t<p>Si necesitas m\u00e1s recursos, informaci\u00f3n o tienes cualquier duda escr\u00edbenos a:<\/p>\t\t\t\t\t\t\t\t<\/div>\n\t\t\t\t<\/div>\n\t\t\t\t\t<\/div>\n\t\t<\/div>\n\t\t\t\t\t<\/div>\n\t\t<\/section>\n\t\t\t\t<section class=\"elementor-section elementor-top-section elementor-element elementor-element-81ad9e5 elementor-section-boxed elementor-section-height-default elementor-section-height-default\" data-id=\"81ad9e5\" data-element_type=\"section\">\n\t\t\t\t\t\t<div class=\"elementor-container elementor-column-gap-default\">\n\t\t\t\t\t<div class=\"elementor-column elementor-col-50 elementor-top-column elementor-element elementor-element-ce1f21f\" data-id=\"ce1f21f\" data-element_type=\"column\">\n\t\t\t<div class=\"elementor-widget-wrap elementor-element-populated\">\n\t\t\t\t\t\t<div class=\"elementor-element elementor-element-8b1d9d2 elementor-widget elementor-widget-image\" data-id=\"8b1d9d2\" data-element_type=\"widget\" data-widget_type=\"image.default\">\n\t\t\t\t<div class=\"elementor-widget-container\">\n\t\t\t\t\t\t\t\t\t\t\t\t\t\t\t\t<a href=\"https:\/\/alzira.es\/es\/servicios-municipales\/infancia\/\">\n\t\t\t\t\t\t\t<img decoding=\"async\" width=\"609\" height=\"510\" data-src=\"https:\/\/alzira.es\/wp-content\/uploads\/2022\/01\/INFANCIA_DRETS-DELS-XIQUETS-2048x1715-1-609x510.png\" class=\"attachment-medium size-medium wp-image-110507 lazyload\" alt=\"\" data-srcset=\"https:\/\/alzira.es\/wp-content\/uploads\/2022\/01\/INFANCIA_DRETS-DELS-XIQUETS-2048x1715-1-609x510.png 609w, https:\/\/alzira.es\/wp-content\/uploads\/2022\/01\/INFANCIA_DRETS-DELS-XIQUETS-2048x1715-1-1280x1072.png 1280w, https:\/\/alzira.es\/wp-content\/uploads\/2022\/01\/INFANCIA_DRETS-DELS-XIQUETS-2048x1715-1-768x643.png 768w, https:\/\/alzira.es\/wp-content\/uploads\/2022\/01\/INFANCIA_DRETS-DELS-XIQUETS-2048x1715-1-1536x1286.png 1536w, https:\/\/alzira.es\/wp-content\/uploads\/2022\/01\/INFANCIA_DRETS-DELS-XIQUETS-2048x1715-1.png 2048w\" data-sizes=\"100vw\" src=\"data:image\/svg+xml;base64,PHN2ZyB3aWR0aD0iMSIgaGVpZ2h0PSIxIiB4bWxucz0iaHR0cDovL3d3dy53My5vcmcvMjAwMC9zdmciPjwvc3ZnPg==\" style=\"--smush-placeholder-width: 609px; --smush-placeholder-aspect-ratio: 609\/510;\" \/>\t\t\t\t\t\t\t\t<\/a>\n\t\t\t\t\t\t\t\t\t\t\t\t\t\t\t<\/div>\n\t\t\t\t<\/div>\n\t\t\t\t\t<\/div>\n\t\t<\/div>\n\t\t\t\t<div class=\"elementor-column elementor-col-50 elementor-top-column elementor-element elementor-element-736db92\" data-id=\"736db92\" data-element_type=\"column\">\n\t\t\t<div class=\"elementor-widget-wrap elementor-element-populated\">\n\t\t\t\t\t\t<div class=\"elementor-element elementor-element-a964a53 elementor-widget elementor-widget-text-editor\" data-id=\"a964a53\" data-element_type=\"widget\" data-widget_type=\"text-editor.default\">\n\t\t\t\t<div class=\"elementor-widget-container\">\n\t\t\t\t\t\t\t\t\t<p><strong style=\"background-color: inherit; font-size: 1rem;\">&#8211; INF\u00c1NCIA (<\/strong><a href=\"https:\/\/alzira.es\/es\/servicios-municipales\/infancia\/\" target=\"_blank\" rel=\"noopener\">https:\/\/alzira.es\/es\/servicios-municipales\/infancia\/<\/a><strong style=\"background-color: inherit; font-size: 1rem;\">).<\/strong><span style=\"background-color: inherit; font-size: 1rem;\">\u00a0<\/span><\/p><p>CORREU: infancia@alzira.es<\/p>\t\t\t\t\t\t\t\t<\/div>\n\t\t\t\t<\/div>\n\t\t\t\t\t<\/div>\n\t\t<\/div>\n\t\t\t\t\t<\/div>\n\t\t<\/section>\n\t\t\t\t<section class=\"elementor-section elementor-top-section elementor-element elementor-element-9d340eb elementor-section-boxed elementor-section-height-default elementor-section-height-default\" data-id=\"9d340eb\" data-element_type=\"section\">\n\t\t\t\t\t\t<div class=\"elementor-container elementor-column-gap-default\">\n\t\t\t\t\t<div class=\"elementor-column elementor-col-50 elementor-top-column elementor-element elementor-element-a2f55a2\" data-id=\"a2f55a2\" data-element_type=\"column\">\n\t\t\t<div class=\"elementor-widget-wrap elementor-element-populated\">\n\t\t\t\t\t\t<div class=\"elementor-element elementor-element-0a2cbc6 elementor-widget elementor-widget-image\" data-id=\"0a2cbc6\" data-element_type=\"widget\" data-widget_type=\"image.default\">\n\t\t\t\t<div class=\"elementor-widget-container\">\n\t\t\t\t\t\t\t\t\t\t\t\t\t\t\t\t<a href=\"https:\/\/alzira.es\/es\/servicios-municipales\/infancia\/\">\n\t\t\t\t\t\t\t<img decoding=\"async\" width=\"609\" height=\"510\" data-src=\"https:\/\/alzira.es\/wp-content\/uploads\/2022\/01\/Web_Cooperacio-cooperacio-609x510.png\" class=\"attachment-medium size-medium wp-image-110509 lazyload\" alt=\"\" data-srcset=\"https:\/\/alzira.es\/wp-content\/uploads\/2022\/01\/Web_Cooperacio-cooperacio-609x510.png 609w, https:\/\/alzira.es\/wp-content\/uploads\/2022\/01\/Web_Cooperacio-cooperacio-768x643.png 768w, https:\/\/alzira.es\/wp-content\/uploads\/2022\/01\/Web_Cooperacio-cooperacio.png 995w\" data-sizes=\"100vw\" src=\"data:image\/svg+xml;base64,PHN2ZyB3aWR0aD0iMSIgaGVpZ2h0PSIxIiB4bWxucz0iaHR0cDovL3d3dy53My5vcmcvMjAwMC9zdmciPjwvc3ZnPg==\" style=\"--smush-placeholder-width: 609px; --smush-placeholder-aspect-ratio: 609\/510;\" \/>\t\t\t\t\t\t\t\t<\/a>\n\t\t\t\t\t\t\t\t\t\t\t\t\t\t\t<\/div>\n\t\t\t\t<\/div>\n\t\t\t\t\t<\/div>\n\t\t<\/div>\n\t\t\t\t<div class=\"elementor-column elementor-col-50 elementor-top-column elementor-element elementor-element-902a967\" data-id=\"902a967\" data-element_type=\"column\">\n\t\t\t<div class=\"elementor-widget-wrap elementor-element-populated\">\n\t\t\t\t\t\t<div class=\"elementor-element elementor-element-705ce9d elementor-widget elementor-widget-text-editor\" data-id=\"705ce9d\" data-element_type=\"widget\" data-widget_type=\"text-editor.default\">\n\t\t\t\t<div class=\"elementor-widget-container\">\n\t\t\t\t\t\t\t\t\t<p><strong style=\"background-color: inherit; font-size: 1rem;\">&#8211; COOPERACI\u00d3N Y SOLIDARIDAD (<\/strong><a href=\"https:\/\/alzira.es\/es\/servicios-municipales\/cooperacion-y-solidaridad\/\">https:\/\/alzira.es\/es\/servicios-municipales\/cooperacion-y-solidaridad\/<\/a><strong style=\"background-color: inherit; font-size: 1rem;\">).<\/strong><span style=\"background-color: inherit; font-size: 1rem;\">\u00a0<\/span><\/p><p>CORREU: cooperacioisolidaritat@alzira.es<\/p>\t\t\t\t\t\t\t\t<\/div>\n\t\t\t\t<\/div>\n\t\t\t\t\t<\/div>\n\t\t<\/div>\n\t\t\t\t\t<\/div>\n\t\t<\/section>\n\t\t\t\t<\/div>\n\t\t","protected":false},"excerpt":{"rendered":"<p>&#8211; \u201cEducaci\u00f3n para el desarrollo sostenible\u00bb (EDS).\u00a0 Cat\u00e1logo de propuestas formativas para centros educativos. EDITA: Ayuntamiento de Alzira.\u00a0 COL\u2022LABORA: Conseller\u00eda de Cooperaci\u00f3n &#8211; Teachers for future (https:\/\/teachersforfuturespain.org\/).\u00a0 Colectivo de docentes, independiente de cualquier partido pol\u00edtico, religi\u00f3n o sindicato; los cuales desarrollan acciones por el clima y la educaci\u00f3n ecosocial. En el web se puede encontrar &hellip; <\/p>\n<p class=\"link-more\"><a href=\"https:\/\/alzira.es\/es\/servicios-municipales\/cooperacion-y-solidaridad\/recursos\/\" class=\"more-link\">Continuar leyendo<span class=\"screen-reader-text\"> \u00abRecursos\u00bb<\/span><\/a><\/p>\n","protected":false},"author":29,"featured_media":0,"parent":107104,"menu_order":0,"comment_status":"closed","ping_status":"closed","template":"","meta":{"_acf_changed":false,"footnotes":""},"class_list":["post-107101","page","type-page","status-publish","hentry"],"acf":[],"_links":{"self":[{"href":"https:\/\/alzira.es\/es\/wp-json\/wp\/v2\/pages\/107101","targetHints":{"allow":["GET"]}}],"collection":[{"href":"https:\/\/alzira.es\/es\/wp-json\/wp\/v2\/pages"}],"about":[{"href":"https:\/\/alzira.es\/es\/wp-json\/wp\/v2\/types\/page"}],"author":[{"embeddable":true,"href":"https:\/\/alzira.es\/es\/wp-json\/wp\/v2\/users\/29"}],"replies":[{"embeddable":true,"href":"https:\/\/alzira.es\/es\/wp-json\/wp\/v2\/comments?post=107101"}],"version-history":[{"count":2,"href":"https:\/\/alzira.es\/es\/wp-json\/wp\/v2\/pages\/107101\/revisions"}],"predecessor-version":[{"id":119554,"href":"https:\/\/alzira.es\/es\/wp-json\/wp\/v2\/pages\/107101\/revisions\/119554"}],"up":[{"embeddable":true,"href":"https:\/\/alzira.es\/es\/wp-json\/wp\/v2\/pages\/107104"}],"wp:attachment":[{"href":"https:\/\/alzira.es\/es\/wp-json\/wp\/v2\/media?parent=107101"}],"curies":[{"name":"wp","href":"https:\/\/api.w.org\/{rel}","templated":true}]}}