{"id":110551,"date":"2022-01-13T11:46:38","date_gmt":"2022-01-13T10:46:38","guid":{"rendered":"https:\/\/alzira.es\/servicios-municipales\/cooperacion-y-solidaridad\/red-municipal-de-cooperacion\/"},"modified":"2022-12-14T14:04:23","modified_gmt":"2022-12-14T13:04:23","slug":"red-municipal-de-cooperacion","status":"publish","type":"page","link":"https:\/\/alzira.es\/es\/servicios-municipales\/cooperacion-y-solidaridad\/red-municipal-de-cooperacion\/","title":{"rendered":"Red Municipal de Cooperaci\u00f3n"},"content":{"rendered":"<p>La Red municipal de Cooperaci\u00f3n nace en los primeros talleres participativos del proceso ALZIRA 2030.<br \/>\nSe plantea como una herramienta para comunicar a la ciudadan\u00eda de Alzira, con el fin de intercambiar todos aquellos recursos posibles: desde aquellos m\u00e1s materiales hasta otros de car\u00e1cter m\u00e1s personal, como puede ser el propio tiempo o asesoramiento de una persona.<br \/>\nDe este modo, el funcionamiento es parecido al de un \u201cBanco del tiempo\u201d, defini\u00e9ndose dos sectores poblacionales: por un lado personas demandantes de alg\u00fan servicio, y de otra personas que los ofertan.<br \/>\nAs\u00ed mismo, estos servicios o recursos se agrupar\u00edan tambi\u00e9n alrededor de los cinco \u00e1mbitos de acci\u00f3n definidos por la AGENDA 2030: personas, planeta, paz, prosperidad y partenariado.<br \/>\nDe este modo, la Red municipal de Cooperaci\u00f3n se define como una herramienta de econom\u00eda social, mediante la cual promover intercambios entre vecinos y vecinas de la ciudad de Alzira.<br \/>\nLa finalidad \u00faltima es mejorar la calidad de vida de las personas, facilitando as\u00ed el logro local de los Objetivos de Desarrollo Sostenible.<\/p>\n","protected":false},"excerpt":{"rendered":"<p>La Red municipal de Cooperaci\u00f3n nace en los primeros talleres participativos del proceso ALZIRA 2030. Se plantea como una herramienta para comunicar a la ciudadan\u00eda de Alzira, con el fin de intercambiar todos aquellos recursos posibles: desde aquellos m\u00e1s materiales hasta otros de car\u00e1cter m\u00e1s personal, como puede ser el propio tiempo o asesoramiento de &hellip; <\/p>\n<p class=\"link-more\"><a href=\"https:\/\/alzira.es\/es\/servicios-municipales\/cooperacion-y-solidaridad\/red-municipal-de-cooperacion\/\" class=\"more-link\">Continuar leyendo<span class=\"screen-reader-text\"> \u00abRed Municipal de Cooperaci\u00f3n\u00bb<\/span><\/a><\/p>\n","protected":false},"author":29,"featured_media":0,"parent":107104,"menu_order":0,"comment_status":"closed","ping_status":"closed","template":"","meta":{"_acf_changed":false,"footnotes":""},"class_list":["post-110551","page","type-page","status-publish","hentry"],"acf":[],"_links":{"self":[{"href":"https:\/\/alzira.es\/es\/wp-json\/wp\/v2\/pages\/110551","targetHints":{"allow":["GET"]}}],"collection":[{"href":"https:\/\/alzira.es\/es\/wp-json\/wp\/v2\/pages"}],"about":[{"href":"https:\/\/alzira.es\/es\/wp-json\/wp\/v2\/types\/page"}],"author":[{"embeddable":true,"href":"https:\/\/alzira.es\/es\/wp-json\/wp\/v2\/users\/29"}],"replies":[{"embeddable":true,"href":"https:\/\/alzira.es\/es\/wp-json\/wp\/v2\/comments?post=110551"}],"version-history":[{"count":1,"href":"https:\/\/alzira.es\/es\/wp-json\/wp\/v2\/pages\/110551\/revisions"}],"predecessor-version":[{"id":131927,"href":"https:\/\/alzira.es\/es\/wp-json\/wp\/v2\/pages\/110551\/revisions\/131927"}],"up":[{"embeddable":true,"href":"https:\/\/alzira.es\/es\/wp-json\/wp\/v2\/pages\/107104"}],"wp:attachment":[{"href":"https:\/\/alzira.es\/es\/wp-json\/wp\/v2\/media?parent=110551"}],"curies":[{"name":"wp","href":"https:\/\/api.w.org\/{rel}","templated":true}]}}