{"id":113455,"date":"2022-01-25T12:02:47","date_gmt":"2022-01-25T11:02:47","guid":{"rendered":"https:\/\/www.alzira.es\/?page_id=113455"},"modified":"2026-03-23T13:25:04","modified_gmt":"2026-03-23T12:25:04","slug":"estudios-y-proyectos-2","status":"publish","type":"page","link":"https:\/\/www.alzira.es\/es\/servicios-municipales\/urbanismo-e-infraestructuras\/estudios-y-proyectos-2\/","title":{"rendered":"Informaci\u00f3n  P\u00fablica"},"content":{"rendered":"\t\t<div data-elementor-type=\"wp-page\" data-elementor-id=\"113455\" class=\"elementor elementor-113455\">\n\t\t\t\t\t\t<section class=\"elementor-section elementor-top-section elementor-element elementor-element-4452b126 elementor-section-boxed elementor-section-height-default elementor-section-height-default\" data-id=\"4452b126\" data-element_type=\"section\">\n\t\t\t\t\t\t<div class=\"elementor-container elementor-column-gap-default\">\n\t\t\t\t\t<div class=\"elementor-column elementor-col-100 elementor-top-column elementor-element elementor-element-1a5c5aa1\" data-id=\"1a5c5aa1\" data-element_type=\"column\">\n\t\t\t<div class=\"elementor-widget-wrap elementor-element-populated\">\n\t\t\t\t\t\t<div class=\"elementor-element elementor-element-16d7f7f6 elementor-widget elementor-widget-text-editor\" data-id=\"16d7f7f6\" data-element_type=\"widget\" data-widget_type=\"text-editor.default\">\n\t\t\t\t<div class=\"elementor-widget-container\">\n\t\t\t\t\t\t\t\t\t<p><img fetchpriority=\"high\" decoding=\"async\" src=\"https:\/\/www.alzira.es\/wp-content\/uploads\/2022\/01\/estudios-y-proyectos.jpg\" alt=\"\" width=\"487\" height=\"293\" \/><\/p><p style=\"text-align: center;\">En este apartado se recopila informaci\u00f3n P\u00fablica relacionada con\u00a0 la Gesti\u00f3n Urban\u00edstica Actual.<\/p><div><h3>\u00a0<\/h3><h3 style=\"padding-top: 0.9em;\"><span style=\"text-decoration: underline;\"><span style=\"font-weight: bold;\"><span style=\"color: #333300; text-decoration: underline;\">INFORMACI\u00d3N P\u00daBLICA :<\/span><\/span><\/span><\/h3><\/div><ul><li style=\"list-style-type: none;\"><ul><li>PROYECTO DE EXPROPIACI\u00d3N AMPLIACI\u00d3N APARCAMIENTO HOSPITAL DE LA RIBERA<ul><li><a href=\"https:\/\/www.alzira.es\/wp-content\/uploads\/2026\/02\/Proyecto-expropiacion-ampliacion-aparcamiento-Hospital-Ribera.pdf\" target=\"_blank\" rel=\"noopener\">PROYECTO<\/a><\/li><li><a href=\"https:\/\/www.alzira.es\/wp-content\/uploads\/2026\/02\/anuncio-expropiacion-ampliacion-aparcamiento-Hospital-Ribera.pdf\" target=\"_blank\" rel=\"noopener\">ANUNCIO DOGV<\/a><\/li><\/ul><\/li><\/ul><\/li><\/ul><ul><li style=\"list-style-type: none;\"><ul><li>EVALUACI\u00d3N AMBIENTAL Y TERRITORIAL ESTRAT\u00c9GICA SIMPLIFICADA\u00a0 PLAN PARCIAL PPR15<ul><li><a href=\"https:\/\/www.alzira.es\/wp-content\/uploads\/2023\/03\/PROYECTO-EVALUACION-PLAN-PARCIAL-PPR15.pdf\" target=\"_blank\" rel=\"noopener\">PROYECTO<\/a><\/li><li><a href=\"https:\/\/www.alzira.es\/wp-content\/uploads\/2023\/03\/ACUERDO-JGL-EVALUACION-PLAN-PARCIAL-PPR15.pdf\" target=\"_blank\" rel=\"noopener\">ACUERDO JGL<\/a><\/li><\/ul><\/li><\/ul><\/li><\/ul><ul><li style=\"list-style-type: none;\"><ul><li>ESTUDIO DE DETALLE DE LA PARCELA M12 DEL PLAN PARCIAL DE MEJORA DEL SECTOR TULELL PPR-10.\u00a0 PROMOTOR:\u00a0CLASICA URBANA SL<ul><li><a href=\"https:\/\/www.alzira.es\/wp-content\/uploads\/2023\/03\/ESTUDIO-DE-DETALLE-FIRMADO-M12.pdf\" target=\"_blank\" rel=\"noopener\">PROYECTO<\/a><\/li><li><a href=\"https:\/\/www.alzira.es\/wp-content\/uploads\/2023\/03\/Certificados-M12-clasica-urbana.pdf\" target=\"_blank\" rel=\"noopener\">ACUERDO JGL<\/a><\/li><\/ul><\/li><\/ul><\/li><\/ul>\t\t\t\t\t\t\t\t<\/div>\n\t\t\t\t<\/div>\n\t\t\t\t\t<\/div>\n\t\t<\/div>\n\t\t\t\t\t<\/div>\n\t\t<\/section>\n\t\t\t\t<\/div>\n\t\t","protected":false},"excerpt":{"rendered":"<p>En este apartado se recopila informaci\u00f3n P\u00fablica relacionada con\u00a0 la Gesti\u00f3n Urban\u00edstica Actual. \u00a0 INFORMACI\u00d3N P\u00daBLICA : PROYECTO DE EXPROPIACI\u00d3N AMPLIACI\u00d3N APARCAMIENTO HOSPITAL DE LA RIBERA PROYECTO ANUNCIO DOGV EVALUACI\u00d3N AMBIENTAL Y TERRITORIAL ESTRAT\u00c9GICA SIMPLIFICADA\u00a0 PLAN PARCIAL PPR15 PROYECTO ACUERDO JGL ESTUDIO DE DETALLE DE LA PARCELA M12 DEL PLAN PARCIAL DE MEJORA DEL SECTOR &hellip; <\/p>\n<p class=\"link-more\"><a href=\"https:\/\/www.alzira.es\/es\/servicios-municipales\/urbanismo-e-infraestructuras\/estudios-y-proyectos-2\/\" class=\"more-link\">Continuar leyendo<span class=\"screen-reader-text\"> \u00abInformaci\u00f3n  P\u00fablica\u00bb<\/span><\/a><\/p>\n","protected":false},"author":29,"featured_media":0,"parent":87644,"menu_order":0,"comment_status":"closed","ping_status":"closed","template":"","meta":{"_acf_changed":false,"footnotes":""},"class_list":["post-113455","page","type-page","status-publish","hentry"],"acf":[],"_links":{"self":[{"href":"https:\/\/www.alzira.es\/es\/wp-json\/wp\/v2\/pages\/113455","targetHints":{"allow":["GET"]}}],"collection":[{"href":"https:\/\/www.alzira.es\/es\/wp-json\/wp\/v2\/pages"}],"about":[{"href":"https:\/\/www.alzira.es\/es\/wp-json\/wp\/v2\/types\/page"}],"author":[{"embeddable":true,"href":"https:\/\/www.alzira.es\/es\/wp-json\/wp\/v2\/users\/29"}],"replies":[{"embeddable":true,"href":"https:\/\/www.alzira.es\/es\/wp-json\/wp\/v2\/comments?post=113455"}],"version-history":[{"count":2,"href":"https:\/\/www.alzira.es\/es\/wp-json\/wp\/v2\/pages\/113455\/revisions"}],"predecessor-version":[{"id":169390,"href":"https:\/\/www.alzira.es\/es\/wp-json\/wp\/v2\/pages\/113455\/revisions\/169390"}],"up":[{"embeddable":true,"href":"https:\/\/www.alzira.es\/es\/wp-json\/wp\/v2\/pages\/87644"}],"wp:attachment":[{"href":"https:\/\/www.alzira.es\/es\/wp-json\/wp\/v2\/media?parent=113455"}],"curies":[{"name":"wp","href":"https:\/\/api.w.org\/{rel}","templated":true}]}}