{"id":118187,"date":"2022-03-28T09:25:15","date_gmt":"2022-03-28T07:25:15","guid":{"rendered":"https:\/\/alzira.es\/?page_id=118187"},"modified":"2024-07-12T09:48:36","modified_gmt":"2024-07-12T07:48:36","slug":"plan-local-de-quemas-agricolas","status":"publish","type":"page","link":"https:\/\/alzira.es\/es\/servicios-municipales\/urbanismo-e-infraestructuras\/plan-local-de-quemas-agricolas\/","title":{"rendered":"Plan Local de Quemas Agr\u00edcolas"},"content":{"rendered":"\t\t<div data-elementor-type=\"wp-page\" data-elementor-id=\"118187\" class=\"elementor elementor-118187\">\n\t\t\t\t\t\t<section class=\"elementor-section elementor-top-section elementor-element elementor-element-74ba947 elementor-section-boxed elementor-section-height-default elementor-section-height-default\" data-id=\"74ba947\" data-element_type=\"section\">\n\t\t\t\t\t\t<div class=\"elementor-container elementor-column-gap-default\">\n\t\t\t\t\t<div class=\"elementor-column elementor-col-16 elementor-top-column elementor-element elementor-element-ae58147\" data-id=\"ae58147\" data-element_type=\"column\">\n\t\t\t<div class=\"elementor-widget-wrap elementor-element-populated\">\n\t\t\t\t\t\t<div class=\"elementor-element elementor-element-e480c15 elementor-widget elementor-widget-image\" data-id=\"e480c15\" data-element_type=\"widget\" data-widget_type=\"image.default\">\n\t\t\t\t<div class=\"elementor-widget-container\">\n\t\t\t\t\t\t\t\t\t\t\t\t\t\t\t\t<a href=\"https:\/\/alzira.es\/serveis-municipals\/urbanisme-i-infraestructures\/pla-local-de-cremes-agricoles\/preguntes-i-respostes-cremes-agricoles\/\">\n\t\t\t\t\t\t\t<img fetchpriority=\"high\" decoding=\"async\" width=\"3508\" height=\"2938\" src=\"https:\/\/alzira.es\/wp-content\/uploads\/2021\/11\/URBANISME_ORDENANCES.png\" class=\"attachment-full size-full wp-image-105999\" alt=\"\" srcset=\"https:\/\/alzira.es\/wp-content\/uploads\/2021\/11\/URBANISME_ORDENANCES.png 3508w, https:\/\/alzira.es\/wp-content\/uploads\/2021\/11\/URBANISME_ORDENANCES-609x510.png 609w, https:\/\/alzira.es\/wp-content\/uploads\/2021\/11\/URBANISME_ORDENANCES-1280x1072.png 1280w, https:\/\/alzira.es\/wp-content\/uploads\/2021\/11\/URBANISME_ORDENANCES-768x643.png 768w, https:\/\/alzira.es\/wp-content\/uploads\/2021\/11\/URBANISME_ORDENANCES-1536x1286.png 1536w, https:\/\/alzira.es\/wp-content\/uploads\/2021\/11\/URBANISME_ORDENANCES-2048x1715.png 2048w\" sizes=\"100vw\" \/>\t\t\t\t\t\t\t\t<\/a>\n\t\t\t\t\t\t\t\t\t\t\t\t\t\t\t<\/div>\n\t\t\t\t<\/div>\n\t\t\t\t<div class=\"elementor-element elementor-element-e2434d5 elementor-widget elementor-widget-heading\" data-id=\"e2434d5\" data-element_type=\"widget\" data-widget_type=\"heading.default\">\n\t\t\t\t<div class=\"elementor-widget-container\">\n\t\t\t\t\t<h5 class=\"elementor-heading-title elementor-size-default\"><a href=\"https:\/\/alzira.es\/serveis-municipals\/urbanisme-i-infraestructures\/pla-local-de-cremes-agricoles\/preguntes-i-respostes-cremes-agricoles\/\">Preguntas y respuestas<\/a><\/h5>\t\t\t\t<\/div>\n\t\t\t\t<\/div>\n\t\t\t\t\t<\/div>\n\t\t<\/div>\n\t\t\t\t<div class=\"elementor-column elementor-col-16 elementor-top-column elementor-element elementor-element-e878ac5\" data-id=\"e878ac5\" data-element_type=\"column\">\n\t\t\t<div class=\"elementor-widget-wrap elementor-element-populated\">\n\t\t\t\t\t\t<div class=\"elementor-element elementor-element-fd1fa1c elementor-widget elementor-widget-image\" data-id=\"fd1fa1c\" data-element_type=\"widget\" data-widget_type=\"image.default\">\n\t\t\t\t<div class=\"elementor-widget-container\">\n\t\t\t\t\t\t\t\t\t\t\t\t\t\t\t<img decoding=\"async\" width=\"605\" height=\"534\" data-src=\"https:\/\/alzira.es\/wp-content\/uploads\/2022\/01\/Recurso-34.png\" class=\"attachment-full size-full wp-image-113531 lazyload\" alt=\"\" data-srcset=\"https:\/\/alzira.es\/wp-content\/uploads\/2022\/01\/Recurso-34.png 605w, https:\/\/alzira.es\/wp-content\/uploads\/2022\/01\/Recurso-34-578x510.png 578w\" data-sizes=\"100vw\" src=\"data:image\/svg+xml;base64,PHN2ZyB3aWR0aD0iMSIgaGVpZ2h0PSIxIiB4bWxucz0iaHR0cDovL3d3dy53My5vcmcvMjAwMC9zdmciPjwvc3ZnPg==\" style=\"--smush-placeholder-width: 605px; --smush-placeholder-aspect-ratio: 605\/534;\" \/>\t\t\t\t\t\t\t\t\t\t\t\t\t\t\t<\/div>\n\t\t\t\t<\/div>\n\t\t\t\t<div class=\"elementor-element elementor-element-01e5422 elementor-widget elementor-widget-heading\" data-id=\"01e5422\" data-element_type=\"widget\" data-widget_type=\"heading.default\">\n\t\t\t\t<div class=\"elementor-widget-container\">\n\t\t\t\t\t<h5 class=\"elementor-heading-title elementor-size-default\">C\u00f3mo pedir el permiso<br> de forma telem\u00e1tica<\/h5>\t\t\t\t<\/div>\n\t\t\t\t<\/div>\n\t\t\t\t\t<\/div>\n\t\t<\/div>\n\t\t\t\t<div class=\"elementor-column elementor-col-16 elementor-top-column elementor-element elementor-element-e7d47fc\" data-id=\"e7d47fc\" data-element_type=\"column\">\n\t\t\t<div class=\"elementor-widget-wrap elementor-element-populated\">\n\t\t\t\t\t\t<div class=\"elementor-element elementor-element-3b19aa7 elementor-widget elementor-widget-image\" data-id=\"3b19aa7\" data-element_type=\"widget\" data-widget_type=\"image.default\">\n\t\t\t\t<div class=\"elementor-widget-container\">\n\t\t\t\t\t\t\t\t\t\t\t\t\t\t\t\t<a href=\"https:\/\/alzira.es\/wp-content\/uploads\/2022\/03\/zonificacion-scaled.jpg\">\n\t\t\t\t\t\t\t<img decoding=\"async\" width=\"3508\" height=\"2939\" data-src=\"https:\/\/alzira.es\/wp-content\/uploads\/2021\/11\/URBANISME_PLANEJAMENT.png\" class=\"attachment-full size-full wp-image-106003 lazyload\" alt=\"\" data-srcset=\"https:\/\/alzira.es\/wp-content\/uploads\/2021\/11\/URBANISME_PLANEJAMENT.png 3508w, https:\/\/alzira.es\/wp-content\/uploads\/2021\/11\/URBANISME_PLANEJAMENT-609x510.png 609w, https:\/\/alzira.es\/wp-content\/uploads\/2021\/11\/URBANISME_PLANEJAMENT-1280x1072.png 1280w, https:\/\/alzira.es\/wp-content\/uploads\/2021\/11\/URBANISME_PLANEJAMENT-768x643.png 768w, https:\/\/alzira.es\/wp-content\/uploads\/2021\/11\/URBANISME_PLANEJAMENT-1536x1287.png 1536w, https:\/\/alzira.es\/wp-content\/uploads\/2021\/11\/URBANISME_PLANEJAMENT-2048x1716.png 2048w\" data-sizes=\"100vw\" src=\"data:image\/svg+xml;base64,PHN2ZyB3aWR0aD0iMSIgaGVpZ2h0PSIxIiB4bWxucz0iaHR0cDovL3d3dy53My5vcmcvMjAwMC9zdmciPjwvc3ZnPg==\" style=\"--smush-placeholder-width: 3508px; --smush-placeholder-aspect-ratio: 3508\/2939;\" \/>\t\t\t\t\t\t\t\t<\/a>\n\t\t\t\t\t\t\t\t\t\t\t\t\t\t\t<\/div>\n\t\t\t\t<\/div>\n\t\t\t\t<div class=\"elementor-element elementor-element-353b91d elementor-widget elementor-widget-heading\" data-id=\"353b91d\" data-element_type=\"widget\" data-widget_type=\"heading.default\">\n\t\t\t\t<div class=\"elementor-widget-container\">\n\t\t\t\t\t<h5 class=\"elementor-heading-title elementor-size-default\"><a href=\"https:\/\/alzira.es\/wp-content\/uploads\/2022\/03\/zonificacion-scaled.jpg\">Plano de Zonificaci\u00f3n<\/a><\/h5>\t\t\t\t<\/div>\n\t\t\t\t<\/div>\n\t\t\t\t\t<\/div>\n\t\t<\/div>\n\t\t\t\t<div class=\"elementor-column elementor-col-16 elementor-top-column elementor-element elementor-element-1221523\" data-id=\"1221523\" data-element_type=\"column\">\n\t\t\t<div class=\"elementor-widget-wrap elementor-element-populated\">\n\t\t\t\t\t\t<div class=\"elementor-element elementor-element-33f3662 elementor-widget elementor-widget-image\" data-id=\"33f3662\" data-element_type=\"widget\" data-widget_type=\"image.default\">\n\t\t\t\t<div class=\"elementor-widget-container\">\n\t\t\t\t\t\t\t\t\t\t\t\t\t\t\t\t<a href=\"https:\/\/alzira.es\/wp-content\/uploads\/2022\/03\/Pla-Local-de-Cremes-Agricoles-Alzira.pdf%20\" target=\"_blank\">\n\t\t\t\t\t\t\t<img decoding=\"async\" width=\"605\" height=\"533\" data-src=\"https:\/\/alzira.es\/wp-content\/uploads\/2022\/01\/fallla.png\" class=\"attachment-full size-full wp-image-110563 lazyload\" alt=\"\" data-srcset=\"https:\/\/alzira.es\/wp-content\/uploads\/2022\/01\/fallla.png 605w, https:\/\/alzira.es\/wp-content\/uploads\/2022\/01\/fallla-579x510.png 579w\" data-sizes=\"100vw\" src=\"data:image\/svg+xml;base64,PHN2ZyB3aWR0aD0iMSIgaGVpZ2h0PSIxIiB4bWxucz0iaHR0cDovL3d3dy53My5vcmcvMjAwMC9zdmciPjwvc3ZnPg==\" style=\"--smush-placeholder-width: 605px; --smush-placeholder-aspect-ratio: 605\/533;\" \/>\t\t\t\t\t\t\t\t<\/a>\n\t\t\t\t\t\t\t\t\t\t\t\t\t\t\t<\/div>\n\t\t\t\t<\/div>\n\t\t\t\t<div class=\"elementor-element elementor-element-de8fadf elementor-widget elementor-widget-heading\" data-id=\"de8fadf\" data-element_type=\"widget\" data-widget_type=\"heading.default\">\n\t\t\t\t<div class=\"elementor-widget-container\">\n\t\t\t\t\t<h5 class=\"elementor-heading-title elementor-size-default\"><a href=\"https:\/\/alzira.es\/wp-content\/uploads\/2022\/03\/Pla-Local-de-Cremes-Agricoles-Alzira.pdf%20\" target=\"_blank\">Plan Local de Quemas Agr\u00edcolas<\/a><\/h5>\t\t\t\t<\/div>\n\t\t\t\t<\/div>\n\t\t\t\t\t<\/div>\n\t\t<\/div>\n\t\t\t\t<div class=\"elementor-column elementor-col-16 elementor-top-column elementor-element elementor-element-a3041ae\" data-id=\"a3041ae\" data-element_type=\"column\">\n\t\t\t<div class=\"elementor-widget-wrap elementor-element-populated\">\n\t\t\t\t\t\t<div class=\"elementor-element elementor-element-476fde9 elementor-widget elementor-widget-image\" data-id=\"476fde9\" data-element_type=\"widget\" data-widget_type=\"image.default\">\n\t\t\t\t<div class=\"elementor-widget-container\">\n\t\t\t\t\t\t\t\t\t\t\t\t\t\t\t\t<a href=\"https:\/\/alzira.es\/wp-content\/uploads\/2022\/03\/Diptic-Pla-Cremes.pdf\" target=\"_blank\">\n\t\t\t\t\t\t\t<img decoding=\"async\" width=\"605\" height=\"534\" data-src=\"https:\/\/alzira.es\/wp-content\/uploads\/2024\/07\/nou-pla-de-cremes.png\" class=\"attachment-full size-full wp-image-151764 lazyload\" alt=\"Nou pla local de cremes agr\u00edcoles d&#039;Alzira\" data-srcset=\"https:\/\/alzira.es\/wp-content\/uploads\/2024\/07\/nou-pla-de-cremes.png 605w, https:\/\/alzira.es\/wp-content\/uploads\/2024\/07\/nou-pla-de-cremes-578x510.png 578w\" data-sizes=\"100vw\" src=\"data:image\/svg+xml;base64,PHN2ZyB3aWR0aD0iMSIgaGVpZ2h0PSIxIiB4bWxucz0iaHR0cDovL3d3dy53My5vcmcvMjAwMC9zdmciPjwvc3ZnPg==\" style=\"--smush-placeholder-width: 605px; --smush-placeholder-aspect-ratio: 605\/534;\" \/>\t\t\t\t\t\t\t\t<\/a>\n\t\t\t\t\t\t\t\t\t\t\t\t\t\t\t<\/div>\n\t\t\t\t<\/div>\n\t\t\t\t<div class=\"elementor-element elementor-element-0009871 elementor-widget elementor-widget-heading\" data-id=\"0009871\" data-element_type=\"widget\" data-widget_type=\"heading.default\">\n\t\t\t\t<div class=\"elementor-widget-container\">\n\t\t\t\t\t<h5 class=\"elementor-heading-title elementor-size-default\"><a href=\"https:\/\/alzira.es\/wp-content\/uploads\/2022\/03\/Diptic-Pla-Cremes.pdf\" target=\"_blank\">PDF - Nuevo Plan Local de Quemas Agr\u00edcolas de Alzira<\/a><\/h5>\t\t\t\t<\/div>\n\t\t\t\t<\/div>\n\t\t\t\t\t<\/div>\n\t\t<\/div>\n\t\t\t\t<div class=\"elementor-column elementor-col-16 elementor-top-column elementor-element elementor-element-6b029cd\" data-id=\"6b029cd\" data-element_type=\"column\">\n\t\t\t<div class=\"elementor-widget-wrap elementor-element-populated\">\n\t\t\t\t\t\t<div class=\"elementor-element elementor-element-f0325c1 elementor-widget elementor-widget-image\" data-id=\"f0325c1\" data-element_type=\"widget\" data-widget_type=\"image.default\">\n\t\t\t\t<div class=\"elementor-widget-container\">\n\t\t\t\t\t\t\t\t\t\t\t\t\t\t\t\t<a href=\"https:\/\/alzira.gvsigonline.com\/gvsigonline\/core\/load_public_project\/plalocalcrema\/\" target=\"_blank\">\n\t\t\t\t\t\t\t<img decoding=\"async\" width=\"605\" height=\"533\" data-src=\"https:\/\/alzira.es\/wp-content\/uploads\/2022\/01\/dsDVdfv.png\" class=\"attachment-full size-full wp-image-110468 lazyload\" alt=\"\" data-srcset=\"https:\/\/alzira.es\/wp-content\/uploads\/2022\/01\/dsDVdfv.png 605w, https:\/\/alzira.es\/wp-content\/uploads\/2022\/01\/dsDVdfv-579x510.png 579w\" data-sizes=\"100vw\" src=\"data:image\/svg+xml;base64,PHN2ZyB3aWR0aD0iMSIgaGVpZ2h0PSIxIiB4bWxucz0iaHR0cDovL3d3dy53My5vcmcvMjAwMC9zdmciPjwvc3ZnPg==\" style=\"--smush-placeholder-width: 605px; --smush-placeholder-aspect-ratio: 605\/533;\" \/>\t\t\t\t\t\t\t\t<\/a>\n\t\t\t\t\t\t\t\t\t\t\t\t\t\t\t<\/div>\n\t\t\t\t<\/div>\n\t\t\t\t<div class=\"elementor-element elementor-element-e086b0f elementor-widget elementor-widget-heading\" data-id=\"e086b0f\" data-element_type=\"widget\" data-widget_type=\"heading.default\">\n\t\t\t\t<div class=\"elementor-widget-container\">\n\t\t\t\t\t<h5 class=\"elementor-heading-title elementor-size-default\"><a href=\"https:\/\/alzira.gvsigonline.com\/gvsigonline\/core\/load_public_project\/plalocalcrema\/\" target=\"_blank\">Visor geogr\u00e1fico on-line del Plan Local de Quema<\/a><\/h5>\t\t\t\t<\/div>\n\t\t\t\t<\/div>\n\t\t\t\t\t<\/div>\n\t\t<\/div>\n\t\t\t\t\t<\/div>\n\t\t<\/section>\n\t\t\t\t<\/div>\n\t\t","protected":false},"excerpt":{"rendered":"<p>Preguntas y respuestas C\u00f3mo pedir el permiso de forma telem\u00e1tica Plano de Zonificaci\u00f3n Plan Local de Quemas Agr\u00edcolas PDF &#8211; Nuevo Plan Local de Quemas Agr\u00edcolas de Alzira Visor geogr\u00e1fico on-line del Plan Local de Quema<\/p>\n","protected":false},"author":29,"featured_media":0,"parent":87644,"menu_order":1,"comment_status":"closed","ping_status":"closed","template":"","meta":{"_acf_changed":false,"footnotes":""},"class_list":["post-118187","page","type-page","status-publish","hentry"],"acf":[],"_links":{"self":[{"href":"https:\/\/alzira.es\/es\/wp-json\/wp\/v2\/pages\/118187","targetHints":{"allow":["GET"]}}],"collection":[{"href":"https:\/\/alzira.es\/es\/wp-json\/wp\/v2\/pages"}],"about":[{"href":"https:\/\/alzira.es\/es\/wp-json\/wp\/v2\/types\/page"}],"author":[{"embeddable":true,"href":"https:\/\/alzira.es\/es\/wp-json\/wp\/v2\/users\/29"}],"replies":[{"embeddable":true,"href":"https:\/\/alzira.es\/es\/wp-json\/wp\/v2\/comments?post=118187"}],"version-history":[{"count":2,"href":"https:\/\/alzira.es\/es\/wp-json\/wp\/v2\/pages\/118187\/revisions"}],"predecessor-version":[{"id":151773,"href":"https:\/\/alzira.es\/es\/wp-json\/wp\/v2\/pages\/118187\/revisions\/151773"}],"up":[{"embeddable":true,"href":"https:\/\/alzira.es\/es\/wp-json\/wp\/v2\/pages\/87644"}],"wp:attachment":[{"href":"https:\/\/alzira.es\/es\/wp-json\/wp\/v2\/media?parent=118187"}],"curies":[{"name":"wp","href":"https:\/\/api.w.org\/{rel}","templated":true}]}}