{"id":118971,"date":"2022-04-01T13:58:33","date_gmt":"2022-04-01T11:58:33","guid":{"rendered":"https:\/\/alzira.es\/convocatoria-7-2022-bolsa-temporal-urgente-oficial-tramoyista\/"},"modified":"2022-09-07T09:08:00","modified_gmt":"2022-09-07T07:08:00","slug":"convocatoria-7-2022-bolsa-temporal-urgente-oficial-tramoyista","status":"publish","type":"page","link":"https:\/\/alzira.es\/es\/servicios-municipales\/recursos-humanos\/empleo-temporal\/convocatoria-7-2022-bolsa-temporal-urgente-oficial-tramoyista\/","title":{"rendered":"CONVOCATORIA 7\/2022 &#8211; BOLSA TEMPORAL URGENTE OFICIAL TRAMOYISTA"},"content":{"rendered":"\n<p><strong>DOCUMENTOS DEL EXPEDIENTE:<\/strong><\/p>\n\n\n\n<p><\/p>\n\n\n\n<div class=\"wp-block-columns is-layout-flex wp-container-core-columns-is-layout-9d6595d7 wp-block-columns-is-layout-flex\">\n<div class=\"wp-block-column is-layout-flow wp-block-column-is-layout-flow\" style=\"flex-basis:100%\">\n<div class=\"wp-block-group\"><div class=\"wp-block-group__inner-container is-layout-flow wp-block-group-is-layout-flow\">\n<div class=\"wp-block-columns is-layout-flex wp-container-core-columns-is-layout-9d6595d7 wp-block-columns-is-layout-flex\">\n<div class=\"wp-block-column is-layout-flow wp-block-column-is-layout-flow\" style=\"flex-basis:100%\">\n<figure class=\"wp-block-table is-style-stripes\"><table><tbody><tr><td><strong>Nombre Fichero<\/strong><\/td><td class=\"has-text-align-center\" data-align=\"center\"><strong>Fecha Publicaci\u00f3n<\/strong><\/td><\/tr><tr><td><a href=\"https:\/\/alzira.es\/wp-content\/uploads\/2022\/07\/Decret-rectificacio-Constitucio-borsa-i-ordre-de-crida-proces-selectiu-Oficial-tramoista.pdf\">Decreto rectificaci\u00f3n Constituci\u00f3n y Orden de llamamiento<\/a><\/td><td class=\"has-text-align-center\" data-align=\"center\">07\/09\/2022<\/td><\/tr><tr><td><a href=\"https:\/\/alzira.es\/wp-content\/uploads\/2022\/08\/Decret-Constitucio-bolsa-i-ordre-de-crida-Conv.-07-22-Oficial-tramoista.pdf\">Decreto Constituci\u00f3n bolsa y orden de llamamiento<\/a><\/td><td class=\"has-text-align-center\" data-align=\"center\">26\/08\/2022<\/td><\/tr><tr><td><a href=\"https:\/\/alzira.es\/wp-content\/uploads\/2022\/07\/Acta-3-Resultat-definitiu-fase-oposicio-i-baremacio-de-merits.pdf\">Acta N\u00ba 3: Valoraci\u00f3n de m\u00e9ritos<\/a><\/td><td class=\"has-text-align-center\" data-align=\"center\">19\/07\/2022<\/td><\/tr><tr><td><a href=\"https:\/\/alzira.es\/wp-content\/uploads\/2022\/07\/Acta-2-Resultat-segon-exercici.docx.pdf\" target=\"_blank\" rel=\"noreferrer noopener\">Acta N\u00ba 2: Notas 2da prueba<\/a><\/td><td class=\"has-text-align-center\" data-align=\"center\">06\/07\/2022<\/td><\/tr><tr><td><a href=\"https:\/\/alzira.es\/wp-content\/uploads\/2022\/06\/ACTA-num-1-1a.-prova-Oficial-Tramoista.pdf\" target=\"_blank\" rel=\"noreferrer noopener\">Acta N\u00ba 1 Notas 1era prueba<\/a><\/td><td class=\"has-text-align-center\" data-align=\"center\">13\/06\/2022<\/td><\/tr><tr><td><a href=\"https:\/\/alzira.es\/wp-content\/uploads\/2022\/05\/Decret-llistat-definitiu-admesos-i-data-examen.pdf\" target=\"_blank\" rel=\"noreferrer noopener\">Listado definitivo admitidos y fecha examen<\/a><\/td><td class=\"has-text-align-center\" data-align=\"center\">24\/05\/2022<\/td><\/tr><tr><td><a href=\"https:\/\/alzira.es\/wp-content\/uploads\/2022\/05\/Llistat-provisional-admesos-i-exclosos-1.pdf\" target=\"_blank\" rel=\"noreferrer noopener\">Listado provisional admitidos i excluidos<\/a><\/td><td class=\"has-text-align-center\" data-align=\"center\">12\/05\/2022<\/td><\/tr><tr><td><a href=\"https:\/\/alzira.es\/wp-content\/uploads\/2022\/04\/Autobaremacio.xlsx\" target=\"_blank\" rel=\"noreferrer noopener\">Autobaremaci\u00f3n<\/a><\/td><td class=\"has-text-align-center\" data-align=\"center\">04\/04\/2022<\/td><\/tr><tr><td><a href=\"https:\/\/alzira.es\/wp-content\/uploads\/2022\/04\/Certificados-JGL-tramoista-expt-1039-2022.pdf\" target=\"_blank\" rel=\"noreferrer noopener\">Bases espec\u00edficas<\/a><\/td><td class=\"has-text-align-center\" data-align=\"center\">04\/04\/2022<\/td><\/tr><\/tbody><\/table><\/figure>\n<\/div>\n<\/div>\n<\/div><\/div>\n<\/div>\n<\/div>\n","protected":false},"excerpt":{"rendered":"<p>DOCUMENTOS DEL EXPEDIENTE: Nombre Fichero Fecha Publicaci\u00f3n Decreto rectificaci\u00f3n Constituci\u00f3n y Orden de llamamiento 07\/09\/2022 Decreto Constituci\u00f3n bolsa y orden de llamamiento 26\/08\/2022 Acta N\u00ba 3: Valoraci\u00f3n de m\u00e9ritos 19\/07\/2022 Acta N\u00ba 2: Notas 2da prueba 06\/07\/2022 Acta N\u00ba 1 Notas 1era prueba 13\/06\/2022 Listado definitivo admitidos y fecha examen 24\/05\/2022 Listado provisional admitidos i &hellip; <\/p>\n<p class=\"link-more\"><a href=\"https:\/\/alzira.es\/es\/servicios-municipales\/recursos-humanos\/empleo-temporal\/convocatoria-7-2022-bolsa-temporal-urgente-oficial-tramoyista\/\" class=\"more-link\">Continuar leyendo<span class=\"screen-reader-text\"> \u00abCONVOCATORIA 7\/2022 &#8211; BOLSA TEMPORAL URGENTE OFICIAL TRAMOYISTA\u00bb<\/span><\/a><\/p>\n","protected":false},"author":29,"featured_media":0,"parent":105760,"menu_order":0,"comment_status":"closed","ping_status":"closed","template":"","meta":{"_acf_changed":false,"footnotes":""},"class_list":["post-118971","page","type-page","status-publish","hentry"],"acf":[],"_links":{"self":[{"href":"https:\/\/alzira.es\/es\/wp-json\/wp\/v2\/pages\/118971","targetHints":{"allow":["GET"]}}],"collection":[{"href":"https:\/\/alzira.es\/es\/wp-json\/wp\/v2\/pages"}],"about":[{"href":"https:\/\/alzira.es\/es\/wp-json\/wp\/v2\/types\/page"}],"author":[{"embeddable":true,"href":"https:\/\/alzira.es\/es\/wp-json\/wp\/v2\/users\/29"}],"replies":[{"embeddable":true,"href":"https:\/\/alzira.es\/es\/wp-json\/wp\/v2\/comments?post=118971"}],"version-history":[{"count":2,"href":"https:\/\/alzira.es\/es\/wp-json\/wp\/v2\/pages\/118971\/revisions"}],"predecessor-version":[{"id":127410,"href":"https:\/\/alzira.es\/es\/wp-json\/wp\/v2\/pages\/118971\/revisions\/127410"}],"up":[{"embeddable":true,"href":"https:\/\/alzira.es\/es\/wp-json\/wp\/v2\/pages\/105760"}],"wp:attachment":[{"href":"https:\/\/alzira.es\/es\/wp-json\/wp\/v2\/media?parent=118971"}],"curies":[{"name":"wp","href":"https:\/\/api.w.org\/{rel}","templated":true}]}}