{"id":120781,"date":"2022-04-21T16:03:01","date_gmt":"2022-04-21T14:03:01","guid":{"rendered":"https:\/\/alzira.es\/servicios-municipales\/medioambiente\/"},"modified":"2026-01-14T13:12:31","modified_gmt":"2026-01-14T12:12:31","slug":"medioambiente","status":"publish","type":"page","link":"https:\/\/alzira.es\/es\/servicios-municipales\/medioambiente\/","title":{"rendered":"Medioambiente"},"content":{"rendered":"\t\t<div data-elementor-type=\"wp-page\" data-elementor-id=\"120781\" class=\"elementor elementor-120781 elementor-119901\">\n\t\t\t\t\t\t<section class=\"elementor-section elementor-top-section elementor-element elementor-element-de79a1d elementor-section-full_width iconosportadasec ajuntament elementor-section-height-default elementor-section-height-default\" data-id=\"de79a1d\" data-element_type=\"section\">\n\t\t\t\t\t\t<div class=\"elementor-container elementor-column-gap-narrow\">\n\t\t\t\t\t<div class=\"elementor-column elementor-col-16 elementor-top-column elementor-element elementor-element-608fceb\" data-id=\"608fceb\" data-element_type=\"column\">\n\t\t\t<div class=\"elementor-widget-wrap elementor-element-populated\">\n\t\t\t\t\t\t<div class=\"elementor-element elementor-element-9fb1acd elementor-widget elementor-widget-image\" data-id=\"9fb1acd\" data-element_type=\"widget\" data-widget_type=\"image.default\">\n\t\t\t\t<div class=\"elementor-widget-container\">\n\t\t\t\t\t\t\t\t\t\t\t\t\t\t\t\t<a href=\"https:\/\/alzira.es\/es\/servicios-municipales\/medioambiente\/alzira-en-verd\/\">\n\t\t\t\t\t\t\t<img fetchpriority=\"high\" decoding=\"async\" width=\"1709\" height=\"1709\" src=\"https:\/\/alzira.es\/wp-content\/uploads\/2025\/02\/alzira-en-verd.png\" class=\"attachment-full size-full wp-image-158935\" alt=\"Alzira en verd\" srcset=\"https:\/\/alzira.es\/wp-content\/uploads\/2025\/02\/alzira-en-verd.png 1709w, https:\/\/alzira.es\/wp-content\/uploads\/2025\/02\/alzira-en-verd-510x510.png 510w, https:\/\/alzira.es\/wp-content\/uploads\/2025\/02\/alzira-en-verd-1072x1072.png 1072w, https:\/\/alzira.es\/wp-content\/uploads\/2025\/02\/alzira-en-verd-350x350.png 350w, https:\/\/alzira.es\/wp-content\/uploads\/2025\/02\/alzira-en-verd-768x768.png 768w, https:\/\/alzira.es\/wp-content\/uploads\/2025\/02\/alzira-en-verd-300x300.png 300w, https:\/\/alzira.es\/wp-content\/uploads\/2025\/02\/alzira-en-verd-1536x1536.png 1536w, https:\/\/alzira.es\/wp-content\/uploads\/2025\/02\/alzira-en-verd-100x100.png 100w\" sizes=\"100vw\" \/>\t\t\t\t\t\t\t\t<\/a>\n\t\t\t\t\t\t\t\t\t\t\t\t\t\t\t<\/div>\n\t\t\t\t<\/div>\n\t\t\t\t<div class=\"elementor-element elementor-element-6463033 elementor-widget elementor-widget-heading\" data-id=\"6463033\" data-element_type=\"widget\" data-widget_type=\"heading.default\">\n\t\t\t\t<div class=\"elementor-widget-container\">\n\t\t\t\t\t<h5 class=\"elementor-heading-title elementor-size-default\"><a href=\"https:\/\/alzira.es\/es\/servicios-municipales\/medioambiente\/alzira-en-verd\/\">Alzira en verd<\/a><\/h5>\t\t\t\t<\/div>\n\t\t\t\t<\/div>\n\t\t\t\t\t<\/div>\n\t\t<\/div>\n\t\t\t\t<div class=\"elementor-column elementor-col-16 elementor-top-column elementor-element elementor-element-c29f6fd\" data-id=\"c29f6fd\" data-element_type=\"column\">\n\t\t\t<div class=\"elementor-widget-wrap elementor-element-populated\">\n\t\t\t\t\t\t<div class=\"elementor-element elementor-element-038171a elementor-widget elementor-widget-image\" data-id=\"038171a\" data-element_type=\"widget\" data-widget_type=\"image.default\">\n\t\t\t\t<div class=\"elementor-widget-container\">\n\t\t\t\t\t\t\t\t\t\t\t\t\t\t\t\t<a href=\"https:\/\/alzira.es\/es\/servicios-municipales\/medioambiente\/guias-medioambientales\/\">\n\t\t\t\t\t\t\t<img decoding=\"async\" width=\"410\" height=\"410\" data-src=\"https:\/\/alzira.es\/wp-content\/uploads\/2023\/08\/medi_GM.png\" class=\"attachment-full size-full wp-image-141568 lazyload\" alt=\"Guies mediambientals\" data-srcset=\"https:\/\/alzira.es\/wp-content\/uploads\/2023\/08\/medi_GM.png 410w, https:\/\/alzira.es\/wp-content\/uploads\/2023\/08\/medi_GM-350x350.png 350w, https:\/\/alzira.es\/wp-content\/uploads\/2023\/08\/medi_GM-300x300.png 300w, https:\/\/alzira.es\/wp-content\/uploads\/2023\/08\/medi_GM-100x100.png 100w\" data-sizes=\"100vw\" src=\"data:image\/svg+xml;base64,PHN2ZyB3aWR0aD0iMSIgaGVpZ2h0PSIxIiB4bWxucz0iaHR0cDovL3d3dy53My5vcmcvMjAwMC9zdmciPjwvc3ZnPg==\" style=\"--smush-placeholder-width: 410px; --smush-placeholder-aspect-ratio: 410\/410;\" \/>\t\t\t\t\t\t\t\t<\/a>\n\t\t\t\t\t\t\t\t\t\t\t\t\t\t\t<\/div>\n\t\t\t\t<\/div>\n\t\t\t\t<div class=\"elementor-element elementor-element-87bdfc8 elementor-widget elementor-widget-heading\" data-id=\"87bdfc8\" data-element_type=\"widget\" data-widget_type=\"heading.default\">\n\t\t\t\t<div class=\"elementor-widget-container\">\n\t\t\t\t\t<h5 class=\"elementor-heading-title elementor-size-default\"><a href=\"https:\/\/alzira.es\/es\/servicios-municipales\/medioambiente\/guias-medioambientales\/\">Gu\u00edas medioambientales<\/a><\/h5>\t\t\t\t<\/div>\n\t\t\t\t<\/div>\n\t\t\t\t\t<\/div>\n\t\t<\/div>\n\t\t\t\t<div class=\"elementor-column elementor-col-16 elementor-top-column elementor-element elementor-element-c949163\" data-id=\"c949163\" data-element_type=\"column\">\n\t\t\t<div class=\"elementor-widget-wrap elementor-element-populated\">\n\t\t\t\t\t\t<div class=\"elementor-element elementor-element-5afc9ae elementor-widget elementor-widget-image\" data-id=\"5afc9ae\" data-element_type=\"widget\" data-widget_type=\"image.default\">\n\t\t\t\t<div class=\"elementor-widget-container\">\n\t\t\t\t\t\t\t\t\t\t\t\t\t\t\t\t<a href=\"https:\/\/alzira.es\/es\/servicios-municipales\/medioambiente\/informacion-publica\/\">\n\t\t\t\t\t\t\t<img decoding=\"async\" width=\"533\" height=\"533\" data-src=\"https:\/\/alzira.es\/wp-content\/uploads\/2026\/01\/informacio-publica.png\" class=\"attachment-full size-full wp-image-167087 lazyload\" alt=\"\" data-srcset=\"https:\/\/alzira.es\/wp-content\/uploads\/2026\/01\/informacio-publica.png 533w, https:\/\/alzira.es\/wp-content\/uploads\/2026\/01\/informacio-publica-510x510.png 510w, https:\/\/alzira.es\/wp-content\/uploads\/2026\/01\/informacio-publica-350x350.png 350w, https:\/\/alzira.es\/wp-content\/uploads\/2026\/01\/informacio-publica-300x300.png 300w, https:\/\/alzira.es\/wp-content\/uploads\/2026\/01\/informacio-publica-100x100.png 100w\" data-sizes=\"100vw\" src=\"data:image\/svg+xml;base64,PHN2ZyB3aWR0aD0iMSIgaGVpZ2h0PSIxIiB4bWxucz0iaHR0cDovL3d3dy53My5vcmcvMjAwMC9zdmciPjwvc3ZnPg==\" style=\"--smush-placeholder-width: 533px; --smush-placeholder-aspect-ratio: 533\/533;\" \/>\t\t\t\t\t\t\t\t<\/a>\n\t\t\t\t\t\t\t\t\t\t\t\t\t\t\t<\/div>\n\t\t\t\t<\/div>\n\t\t\t\t<div class=\"elementor-element elementor-element-4c58abb elementor-widget elementor-widget-heading\" data-id=\"4c58abb\" data-element_type=\"widget\" data-widget_type=\"heading.default\">\n\t\t\t\t<div class=\"elementor-widget-container\">\n\t\t\t\t\t<h5 class=\"elementor-heading-title elementor-size-default\"><a href=\"https:\/\/alzira.es\/es\/servicios-municipales\/medioambiente\/informacion-publica\/\">Informaci\u00f3n p\u00fablica<\/a><\/h5>\t\t\t\t<\/div>\n\t\t\t\t<\/div>\n\t\t\t\t\t<\/div>\n\t\t<\/div>\n\t\t\t\t<div class=\"elementor-column elementor-col-16 elementor-top-column elementor-element elementor-element-00707c9\" data-id=\"00707c9\" data-element_type=\"column\">\n\t\t\t<div class=\"elementor-widget-wrap elementor-element-populated\">\n\t\t\t\t\t\t<div class=\"elementor-element elementor-element-d74c7a7 elementor-widget elementor-widget-image\" data-id=\"d74c7a7\" data-element_type=\"widget\" data-widget_type=\"image.default\">\n\t\t\t\t<div class=\"elementor-widget-container\">\n\t\t\t\t\t\t\t\t\t\t\t\t\t\t\t\t<a href=\"https:\/\/alzira.es\/es\/servicios-municipales\/medioambiente\/gestion-municipal-de-la-prevencion-de-incendios-forestales\/\">\n\t\t\t\t\t\t\t<img decoding=\"async\" width=\"410\" height=\"410\" data-src=\"https:\/\/alzira.es\/wp-content\/uploads\/2024\/10\/JGMPIF.png\" class=\"attachment-full size-full wp-image-154632 lazyload\" alt=\"Jornada de gesti\u00f3n municipal de la prevenci\u00f3n de incendios forestales: como defender el bosque y tu casa\" data-srcset=\"https:\/\/alzira.es\/wp-content\/uploads\/2024\/10\/JGMPIF.png 410w, https:\/\/alzira.es\/wp-content\/uploads\/2024\/10\/JGMPIF-350x350.png 350w, https:\/\/alzira.es\/wp-content\/uploads\/2024\/10\/JGMPIF-300x300.png 300w, https:\/\/alzira.es\/wp-content\/uploads\/2024\/10\/JGMPIF-100x100.png 100w\" data-sizes=\"100vw\" src=\"data:image\/svg+xml;base64,PHN2ZyB3aWR0aD0iMSIgaGVpZ2h0PSIxIiB4bWxucz0iaHR0cDovL3d3dy53My5vcmcvMjAwMC9zdmciPjwvc3ZnPg==\" style=\"--smush-placeholder-width: 410px; --smush-placeholder-aspect-ratio: 410\/410;\" \/>\t\t\t\t\t\t\t\t<\/a>\n\t\t\t\t\t\t\t\t\t\t\t\t\t\t\t<\/div>\n\t\t\t\t<\/div>\n\t\t\t\t<div class=\"elementor-element elementor-element-a7b26ae elementor-widget elementor-widget-heading\" data-id=\"a7b26ae\" data-element_type=\"widget\" data-widget_type=\"heading.default\">\n\t\t\t\t<div class=\"elementor-widget-container\">\n\t\t\t\t\t<h5 class=\"elementor-heading-title elementor-size-default\"><a href=\"https:\/\/alzira.es\/es\/servicios-municipales\/medioambiente\/gestion-municipal-de-la-prevencion-de-incendios-forestales\/\">Jornada de gesti\u00f3n municipal de la prevenci\u00f3n de incendios forestales<\/a><\/h5>\t\t\t\t<\/div>\n\t\t\t\t<\/div>\n\t\t\t\t\t<\/div>\n\t\t<\/div>\n\t\t\t\t<div class=\"elementor-column elementor-col-16 elementor-top-column elementor-element elementor-element-6360b25\" data-id=\"6360b25\" data-element_type=\"column\">\n\t\t\t<div class=\"elementor-widget-wrap elementor-element-populated\">\n\t\t\t\t\t\t<div class=\"elementor-element elementor-element-3ca373f elementor-widget elementor-widget-image\" data-id=\"3ca373f\" data-element_type=\"widget\" data-widget_type=\"image.default\">\n\t\t\t\t<div class=\"elementor-widget-container\">\n\t\t\t\t\t\t\t\t\t\t\t\t\t\t\t\t<a href=\"https:\/\/alzira.es\/wp-content\/uploads\/2025\/05\/petjada-de-carboni.pdf\" target=\"_blank\">\n\t\t\t\t\t\t\t<img decoding=\"async\" width=\"527\" height=\"596\" data-src=\"https:\/\/alzira.es\/wp-content\/uploads\/2025\/05\/petjada-de-carboni.png\" class=\"attachment-full size-full wp-image-161209 lazyload\" alt=\"petjada de carboni\" data-srcset=\"https:\/\/alzira.es\/wp-content\/uploads\/2025\/05\/petjada-de-carboni.png 527w, https:\/\/alzira.es\/wp-content\/uploads\/2025\/05\/petjada-de-carboni-451x510.png 451w\" data-sizes=\"100vw\" src=\"data:image\/svg+xml;base64,PHN2ZyB3aWR0aD0iMSIgaGVpZ2h0PSIxIiB4bWxucz0iaHR0cDovL3d3dy53My5vcmcvMjAwMC9zdmciPjwvc3ZnPg==\" style=\"--smush-placeholder-width: 527px; --smush-placeholder-aspect-ratio: 527\/596;\" \/>\t\t\t\t\t\t\t\t<\/a>\n\t\t\t\t\t\t\t\t\t\t\t\t\t\t\t<\/div>\n\t\t\t\t<\/div>\n\t\t\t\t<div class=\"elementor-element elementor-element-f235c15 elementor-widget elementor-widget-heading\" data-id=\"f235c15\" data-element_type=\"widget\" data-widget_type=\"heading.default\">\n\t\t\t\t<div class=\"elementor-widget-container\">\n\t\t\t\t\t<h5 class=\"elementor-heading-title elementor-size-default\"><a href=\"https:\/\/alzira.es\/wp-content\/uploads\/2025\/05\/petjada-de-carboni.pdf\" target=\"_blank\">Nuevas obligaciones sobre la Huella de Carbono<\/a><\/h5>\t\t\t\t<\/div>\n\t\t\t\t<\/div>\n\t\t\t\t\t<\/div>\n\t\t<\/div>\n\t\t\t\t<div class=\"elementor-column elementor-col-16 elementor-top-column elementor-element elementor-element-bbaee22\" data-id=\"bbaee22\" data-element_type=\"column\">\n\t\t\t<div class=\"elementor-widget-wrap elementor-element-populated\">\n\t\t\t\t\t\t<div class=\"elementor-element elementor-element-0b16eee elementor-widget elementor-widget-image\" data-id=\"0b16eee\" data-element_type=\"widget\" data-widget_type=\"image.default\">\n\t\t\t\t<div class=\"elementor-widget-container\">\n\t\t\t\t\t\t\t\t\t\t\t\t\t\t\t\t<a href=\"https:\/\/alzira.es\/es\/servicios-municipales\/urbanismo-e-infraestructuras\/organo-ambiental-y-territorial-municipal-del-ayuntamiento-de-alzira\/\">\n\t\t\t\t\t\t\t<img decoding=\"async\" width=\"410\" height=\"410\" data-src=\"https:\/\/alzira.es\/wp-content\/uploads\/2023\/08\/medi_OAT.png\" class=\"attachment-full size-full wp-image-141566 lazyload\" alt=\"\u00d2rgan Ambiental i Territorial\" data-srcset=\"https:\/\/alzira.es\/wp-content\/uploads\/2023\/08\/medi_OAT.png 410w, https:\/\/alzira.es\/wp-content\/uploads\/2023\/08\/medi_OAT-350x350.png 350w, https:\/\/alzira.es\/wp-content\/uploads\/2023\/08\/medi_OAT-300x300.png 300w, https:\/\/alzira.es\/wp-content\/uploads\/2023\/08\/medi_OAT-100x100.png 100w\" data-sizes=\"100vw\" src=\"data:image\/svg+xml;base64,PHN2ZyB3aWR0aD0iMSIgaGVpZ2h0PSIxIiB4bWxucz0iaHR0cDovL3d3dy53My5vcmcvMjAwMC9zdmciPjwvc3ZnPg==\" style=\"--smush-placeholder-width: 410px; --smush-placeholder-aspect-ratio: 410\/410;\" \/>\t\t\t\t\t\t\t\t<\/a>\n\t\t\t\t\t\t\t\t\t\t\t\t\t\t\t<\/div>\n\t\t\t\t<\/div>\n\t\t\t\t<div class=\"elementor-element elementor-element-91ce484 elementor-widget elementor-widget-heading\" data-id=\"91ce484\" data-element_type=\"widget\" data-widget_type=\"heading.default\">\n\t\t\t\t<div class=\"elementor-widget-container\">\n\t\t\t\t\t<h5 class=\"elementor-heading-title elementor-size-default\"><a href=\"https:\/\/alzira.es\/es\/servicios-municipales\/urbanismo-e-infraestructuras\/organo-ambiental-y-territorial-municipal-del-ayuntamiento-de-alzira\/\">\u00d3rgano Ambiental y Territorial<\/a><\/h5>\t\t\t\t<\/div>\n\t\t\t\t<\/div>\n\t\t\t\t\t<\/div>\n\t\t<\/div>\n\t\t\t\t\t<\/div>\n\t\t<\/section>\n\t\t\t\t<section class=\"elementor-section elementor-top-section elementor-element elementor-element-f5f4405 elementor-section-full_width iconosportadasec ajuntament elementor-section-height-default elementor-section-height-default\" data-id=\"f5f4405\" data-element_type=\"section\">\n\t\t\t\t\t\t<div class=\"elementor-container elementor-column-gap-narrow\">\n\t\t\t\t\t<div class=\"elementor-column elementor-col-16 elementor-top-column elementor-element elementor-element-5381941\" data-id=\"5381941\" data-element_type=\"column\">\n\t\t\t<div class=\"elementor-widget-wrap elementor-element-populated\">\n\t\t\t\t\t\t<div class=\"elementor-element elementor-element-18b7d0a elementor-widget elementor-widget-image\" data-id=\"18b7d0a\" data-element_type=\"widget\" data-widget_type=\"image.default\">\n\t\t\t\t<div class=\"elementor-widget-container\">\n\t\t\t\t\t\t\t\t\t\t\t\t\t\t\t\t<a href=\"https:\/\/alzira.es\/serveis-publics\/pnm-murtacasella\/\">\n\t\t\t\t\t\t\t<img decoding=\"async\" width=\"410\" height=\"410\" data-src=\"https:\/\/alzira.es\/wp-content\/uploads\/2023\/08\/medi_PNMMC.png\" class=\"attachment-full size-full wp-image-141564 lazyload\" alt=\"Paratge Natural Municipal La Murta i la Casella\" data-srcset=\"https:\/\/alzira.es\/wp-content\/uploads\/2023\/08\/medi_PNMMC.png 410w, https:\/\/alzira.es\/wp-content\/uploads\/2023\/08\/medi_PNMMC-350x350.png 350w, https:\/\/alzira.es\/wp-content\/uploads\/2023\/08\/medi_PNMMC-300x300.png 300w, https:\/\/alzira.es\/wp-content\/uploads\/2023\/08\/medi_PNMMC-100x100.png 100w\" data-sizes=\"100vw\" src=\"data:image\/svg+xml;base64,PHN2ZyB3aWR0aD0iMSIgaGVpZ2h0PSIxIiB4bWxucz0iaHR0cDovL3d3dy53My5vcmcvMjAwMC9zdmciPjwvc3ZnPg==\" style=\"--smush-placeholder-width: 410px; --smush-placeholder-aspect-ratio: 410\/410;\" \/>\t\t\t\t\t\t\t\t<\/a>\n\t\t\t\t\t\t\t\t\t\t\t\t\t\t\t<\/div>\n\t\t\t\t<\/div>\n\t\t\t\t<div class=\"elementor-element elementor-element-0dfbd28 elementor-widget elementor-widget-heading\" data-id=\"0dfbd28\" data-element_type=\"widget\" data-widget_type=\"heading.default\">\n\t\t\t\t<div class=\"elementor-widget-container\">\n\t\t\t\t\t<h5 class=\"elementor-heading-title elementor-size-default\"><a href=\"https:\/\/alzira.es\/serveis-publics\/pnm-murtacasella\/\">Paraje Natural Municipal La Murta y la Casella<\/a><\/h5>\t\t\t\t<\/div>\n\t\t\t\t<\/div>\n\t\t\t\t\t<\/div>\n\t\t<\/div>\n\t\t\t\t<div class=\"elementor-column elementor-col-16 elementor-top-column elementor-element elementor-element-496cef8\" data-id=\"496cef8\" data-element_type=\"column\">\n\t\t\t<div class=\"elementor-widget-wrap elementor-element-populated\">\n\t\t\t\t\t\t<div class=\"elementor-element elementor-element-046e820 elementor-widget elementor-widget-image\" data-id=\"046e820\" data-element_type=\"widget\" data-widget_type=\"image.default\">\n\t\t\t\t<div class=\"elementor-widget-container\">\n\t\t\t\t\t\t\t\t\t\t\t\t\t\t\t\t<a href=\"https:\/\/alzira.es\/es\/servicios-municipales\/medioambiente\/plan-de-accion-para-el-clima-y-la-energia-sostenible\/\">\n\t\t\t\t\t\t\t<img decoding=\"async\" width=\"1709\" height=\"1709\" data-src=\"https:\/\/alzira.es\/wp-content\/uploads\/2025\/02\/energia_sostenible.png\" class=\"attachment-full size-full wp-image-158937 lazyload\" alt=\"Energia sostenible\" data-srcset=\"https:\/\/alzira.es\/wp-content\/uploads\/2025\/02\/energia_sostenible.png 1709w, https:\/\/alzira.es\/wp-content\/uploads\/2025\/02\/energia_sostenible-510x510.png 510w, https:\/\/alzira.es\/wp-content\/uploads\/2025\/02\/energia_sostenible-1072x1072.png 1072w, https:\/\/alzira.es\/wp-content\/uploads\/2025\/02\/energia_sostenible-350x350.png 350w, https:\/\/alzira.es\/wp-content\/uploads\/2025\/02\/energia_sostenible-768x768.png 768w, https:\/\/alzira.es\/wp-content\/uploads\/2025\/02\/energia_sostenible-300x300.png 300w, https:\/\/alzira.es\/wp-content\/uploads\/2025\/02\/energia_sostenible-1536x1536.png 1536w, https:\/\/alzira.es\/wp-content\/uploads\/2025\/02\/energia_sostenible-100x100.png 100w\" data-sizes=\"100vw\" src=\"data:image\/svg+xml;base64,PHN2ZyB3aWR0aD0iMSIgaGVpZ2h0PSIxIiB4bWxucz0iaHR0cDovL3d3dy53My5vcmcvMjAwMC9zdmciPjwvc3ZnPg==\" style=\"--smush-placeholder-width: 1709px; --smush-placeholder-aspect-ratio: 1709\/1709;\" \/>\t\t\t\t\t\t\t\t<\/a>\n\t\t\t\t\t\t\t\t\t\t\t\t\t\t\t<\/div>\n\t\t\t\t<\/div>\n\t\t\t\t<div class=\"elementor-element elementor-element-09ea10c elementor-widget elementor-widget-heading\" data-id=\"09ea10c\" data-element_type=\"widget\" data-widget_type=\"heading.default\">\n\t\t\t\t<div class=\"elementor-widget-container\">\n\t\t\t\t\t<h5 class=\"elementor-heading-title elementor-size-default\"><a href=\"https:\/\/alzira.es\/es\/servicios-municipales\/medioambiente\/plan-de-accion-para-el-clima-y-la-energia-sostenible\/\">Plan de Acci\u00f3n para el Clima y la Energ\u00eda Sostenible<\/a><\/h5>\t\t\t\t<\/div>\n\t\t\t\t<\/div>\n\t\t\t\t\t<\/div>\n\t\t<\/div>\n\t\t\t\t<div class=\"elementor-column elementor-col-16 elementor-top-column elementor-element elementor-element-de67f55\" data-id=\"de67f55\" data-element_type=\"column\">\n\t\t\t<div class=\"elementor-widget-wrap elementor-element-populated\">\n\t\t\t\t\t\t<div class=\"elementor-element elementor-element-63ed60b elementor-widget elementor-widget-image\" data-id=\"63ed60b\" data-element_type=\"widget\" data-widget_type=\"image.default\">\n\t\t\t\t<div class=\"elementor-widget-container\">\n\t\t\t\t\t\t\t\t\t\t\t\t\t\t\t\t<a href=\"https:\/\/alzira.es\/es\/servicios-municipales\/urbanismo-e-infraestructuras\/plan-local-de-quemas-agricolas\/\">\n\t\t\t\t\t\t\t<img decoding=\"async\" width=\"410\" height=\"410\" data-src=\"https:\/\/alzira.es\/wp-content\/uploads\/2023\/08\/medi_PLQA.png\" class=\"attachment-full size-full wp-image-141562 lazyload\" alt=\"Pla Local de Cremes Agr\u00edcoles\" data-srcset=\"https:\/\/alzira.es\/wp-content\/uploads\/2023\/08\/medi_PLQA.png 410w, https:\/\/alzira.es\/wp-content\/uploads\/2023\/08\/medi_PLQA-350x350.png 350w, https:\/\/alzira.es\/wp-content\/uploads\/2023\/08\/medi_PLQA-300x300.png 300w, https:\/\/alzira.es\/wp-content\/uploads\/2023\/08\/medi_PLQA-100x100.png 100w\" data-sizes=\"100vw\" src=\"data:image\/svg+xml;base64,PHN2ZyB3aWR0aD0iMSIgaGVpZ2h0PSIxIiB4bWxucz0iaHR0cDovL3d3dy53My5vcmcvMjAwMC9zdmciPjwvc3ZnPg==\" style=\"--smush-placeholder-width: 410px; --smush-placeholder-aspect-ratio: 410\/410;\" \/>\t\t\t\t\t\t\t\t<\/a>\n\t\t\t\t\t\t\t\t\t\t\t\t\t\t\t<\/div>\n\t\t\t\t<\/div>\n\t\t\t\t<div class=\"elementor-element elementor-element-9a95224 elementor-widget elementor-widget-heading\" data-id=\"9a95224\" data-element_type=\"widget\" data-widget_type=\"heading.default\">\n\t\t\t\t<div class=\"elementor-widget-container\">\n\t\t\t\t\t<h5 class=\"elementor-heading-title elementor-size-default\"><a href=\"https:\/\/alzira.es\/es\/servicios-municipales\/urbanismo-e-infraestructuras\/plan-local-de-quemas-agricolas\/\">Plan Local de Quemas Agr\u00edcolas<\/a><\/h5>\t\t\t\t<\/div>\n\t\t\t\t<\/div>\n\t\t\t\t\t<\/div>\n\t\t<\/div>\n\t\t\t\t<div class=\"elementor-column elementor-col-16 elementor-top-column elementor-element elementor-element-8d38f1e\" data-id=\"8d38f1e\" data-element_type=\"column\">\n\t\t\t<div class=\"elementor-widget-wrap elementor-element-populated\">\n\t\t\t\t\t\t<div class=\"elementor-element elementor-element-10d4b1c elementor-widget elementor-widget-image\" data-id=\"10d4b1c\" data-element_type=\"widget\" data-widget_type=\"image.default\">\n\t\t\t\t<div class=\"elementor-widget-container\">\n\t\t\t\t\t\t\t\t\t\t\t\t\t\t\t\t<a href=\"https:\/\/alzira.es\/es\/servicios-municipales\/medioambiente\/premios-a-las-fallas-con-mayor-responsabilidad-ambiental\/\">\n\t\t\t\t\t\t\t<img decoding=\"async\" width=\"1709\" height=\"1709\" data-src=\"https:\/\/alzira.es\/wp-content\/uploads\/2025\/02\/falles-sostenibles.png\" class=\"attachment-full size-full wp-image-158939 lazyload\" alt=\"Falles sostenibles\" data-srcset=\"https:\/\/alzira.es\/wp-content\/uploads\/2025\/02\/falles-sostenibles.png 1709w, https:\/\/alzira.es\/wp-content\/uploads\/2025\/02\/falles-sostenibles-510x510.png 510w, https:\/\/alzira.es\/wp-content\/uploads\/2025\/02\/falles-sostenibles-1072x1072.png 1072w, https:\/\/alzira.es\/wp-content\/uploads\/2025\/02\/falles-sostenibles-350x350.png 350w, https:\/\/alzira.es\/wp-content\/uploads\/2025\/02\/falles-sostenibles-768x768.png 768w, https:\/\/alzira.es\/wp-content\/uploads\/2025\/02\/falles-sostenibles-300x300.png 300w, https:\/\/alzira.es\/wp-content\/uploads\/2025\/02\/falles-sostenibles-1536x1536.png 1536w, https:\/\/alzira.es\/wp-content\/uploads\/2025\/02\/falles-sostenibles-100x100.png 100w\" data-sizes=\"100vw\" src=\"data:image\/svg+xml;base64,PHN2ZyB3aWR0aD0iMSIgaGVpZ2h0PSIxIiB4bWxucz0iaHR0cDovL3d3dy53My5vcmcvMjAwMC9zdmciPjwvc3ZnPg==\" style=\"--smush-placeholder-width: 1709px; --smush-placeholder-aspect-ratio: 1709\/1709;\" \/>\t\t\t\t\t\t\t\t<\/a>\n\t\t\t\t\t\t\t\t\t\t\t\t\t\t\t<\/div>\n\t\t\t\t<\/div>\n\t\t\t\t<div class=\"elementor-element elementor-element-8a4ce62 elementor-widget elementor-widget-heading\" data-id=\"8a4ce62\" data-element_type=\"widget\" data-widget_type=\"heading.default\">\n\t\t\t\t<div class=\"elementor-widget-container\">\n\t\t\t\t\t<h5 class=\"elementor-heading-title elementor-size-default\"><a href=\"https:\/\/alzira.es\/es\/servicios-municipales\/medioambiente\/premios-a-las-fallas-con-mayor-responsabilidad-ambiental\/\">Premios a las fallas con mayor responsabilidad ambiental<\/a><\/h5>\t\t\t\t<\/div>\n\t\t\t\t<\/div>\n\t\t\t\t\t<\/div>\n\t\t<\/div>\n\t\t\t\t<div class=\"elementor-column elementor-col-16 elementor-top-column elementor-element elementor-element-347bfaf\" data-id=\"347bfaf\" data-element_type=\"column\">\n\t\t\t<div class=\"elementor-widget-wrap elementor-element-populated\">\n\t\t\t\t\t\t<div class=\"elementor-element elementor-element-6bc5e16 elementor-widget elementor-widget-image\" data-id=\"6bc5e16\" data-element_type=\"widget\" data-widget_type=\"image.default\">\n\t\t\t\t<div class=\"elementor-widget-container\">\n\t\t\t\t\t\t\t\t\t\t\t\t\t\t\t\t<a href=\"https:\/\/alzira.es\/es\/servicios-municipales\/medioambiente\/proyectos-reacciona\/\">\n\t\t\t\t\t\t\t<img decoding=\"async\" width=\"472\" height=\"472\" data-src=\"https:\/\/alzira.es\/wp-content\/uploads\/2023\/09\/medi_reacciona.png\" class=\"attachment-full size-full wp-image-142361 lazyload\" alt=\"PROJECTES REACCIONA\" data-srcset=\"https:\/\/alzira.es\/wp-content\/uploads\/2023\/09\/medi_reacciona.png 472w, https:\/\/alzira.es\/wp-content\/uploads\/2023\/09\/medi_reacciona-350x350.png 350w, https:\/\/alzira.es\/wp-content\/uploads\/2023\/09\/medi_reacciona-300x300.png 300w, https:\/\/alzira.es\/wp-content\/uploads\/2023\/09\/medi_reacciona-100x100.png 100w\" data-sizes=\"100vw\" src=\"data:image\/svg+xml;base64,PHN2ZyB3aWR0aD0iMSIgaGVpZ2h0PSIxIiB4bWxucz0iaHR0cDovL3d3dy53My5vcmcvMjAwMC9zdmciPjwvc3ZnPg==\" style=\"--smush-placeholder-width: 472px; --smush-placeholder-aspect-ratio: 472\/472;\" \/>\t\t\t\t\t\t\t\t<\/a>\n\t\t\t\t\t\t\t\t\t\t\t\t\t\t\t<\/div>\n\t\t\t\t<\/div>\n\t\t\t\t<div class=\"elementor-element elementor-element-ead9d56 elementor-widget elementor-widget-heading\" data-id=\"ead9d56\" data-element_type=\"widget\" data-widget_type=\"heading.default\">\n\t\t\t\t<div class=\"elementor-widget-container\">\n\t\t\t\t\t<h5 class=\"elementor-heading-title elementor-size-default\"><a href=\"https:\/\/alzira.es\/es\/servicios-municipales\/medioambiente\/proyectos-reacciona\/\">Proyectos REACCIONA<\/a><\/h5>\t\t\t\t<\/div>\n\t\t\t\t<\/div>\n\t\t\t\t\t<\/div>\n\t\t<\/div>\n\t\t\t\t<div class=\"elementor-column elementor-col-16 elementor-top-column elementor-element elementor-element-c8d98db\" data-id=\"c8d98db\" data-element_type=\"column\">\n\t\t\t<div class=\"elementor-widget-wrap\">\n\t\t\t\t\t\t\t<\/div>\n\t\t<\/div>\n\t\t\t\t\t<\/div>\n\t\t<\/section>\n\t\t\t\t<\/div>\n\t\t","protected":false},"excerpt":{"rendered":"<p>Alzira en verd Gu\u00edas medioambientales Informaci\u00f3n p\u00fablica Jornada de gesti\u00f3n municipal de la prevenci\u00f3n de incendios forestales Nuevas obligaciones sobre la Huella de Carbono \u00d3rgano Ambiental y Territorial Paraje Natural Municipal La Murta y la Casella Plan de Acci\u00f3n para el Clima y la Energ\u00eda Sostenible Plan Local de Quemas Agr\u00edcolas Premios a las fallas &hellip; <\/p>\n<p class=\"link-more\"><a href=\"https:\/\/alzira.es\/es\/servicios-municipales\/medioambiente\/\" class=\"more-link\">Continuar leyendo<span class=\"screen-reader-text\"> \u00abMedioambiente\u00bb<\/span><\/a><\/p>\n","protected":false},"author":29,"featured_media":0,"parent":60847,"menu_order":0,"comment_status":"closed","ping_status":"closed","template":"","meta":{"_acf_changed":false,"footnotes":""},"class_list":["post-120781","page","type-page","status-publish","hentry"],"acf":[],"_links":{"self":[{"href":"https:\/\/alzira.es\/es\/wp-json\/wp\/v2\/pages\/120781","targetHints":{"allow":["GET"]}}],"collection":[{"href":"https:\/\/alzira.es\/es\/wp-json\/wp\/v2\/pages"}],"about":[{"href":"https:\/\/alzira.es\/es\/wp-json\/wp\/v2\/types\/page"}],"author":[{"embeddable":true,"href":"https:\/\/alzira.es\/es\/wp-json\/wp\/v2\/users\/29"}],"replies":[{"embeddable":true,"href":"https:\/\/alzira.es\/es\/wp-json\/wp\/v2\/comments?post=120781"}],"version-history":[{"count":2,"href":"https:\/\/alzira.es\/es\/wp-json\/wp\/v2\/pages\/120781\/revisions"}],"predecessor-version":[{"id":167094,"href":"https:\/\/alzira.es\/es\/wp-json\/wp\/v2\/pages\/120781\/revisions\/167094"}],"up":[{"embeddable":true,"href":"https:\/\/alzira.es\/es\/wp-json\/wp\/v2\/pages\/60847"}],"wp:attachment":[{"href":"https:\/\/alzira.es\/es\/wp-json\/wp\/v2\/media?parent=120781"}],"curies":[{"name":"wp","href":"https:\/\/api.w.org\/{rel}","templated":true}]}}