{"id":155829,"date":"2024-11-12T08:45:07","date_gmt":"2024-11-12T07:45:07","guid":{"rendered":"https:\/\/alzira.es\/?page_id=155829"},"modified":"2026-03-05T16:07:25","modified_gmt":"2026-03-05T15:07:25","slug":"convocatoria-06-2024-seleccion-en-propiedad-2-plazas-oficial-de-la-policia-local-por-turno-de-promocion-interna-ordinaria","status":"publish","type":"page","link":"https:\/\/alzira.es\/es\/servicios-municipales\/recursos-humanos\/empleo-permanente\/convocatoria-06-2024-seleccion-en-propiedad-2-plazas-oficial-de-la-policia-local-por-turno-de-promocion-interna-ordinaria\/","title":{"rendered":"Convocatoria 06\/2024 Selecci\u00f3n en propiedad 2 plazas Oficial de la Polic\u00eda Local por turno de promoci\u00f3n interna ordinaria."},"content":{"rendered":"<p><strong>NOVEDAD:\u00a0 <\/strong><strong>RESULTADOS PROVISIONALES PRUEBA PR\u00c1CTICA. <\/strong>Inicio del plazo de alegaciones al resultado de la prueba, <strong>desde el 6 hasta el 20 de marzo de 2026 <\/strong>(ambos incluidos).<\/p>\n<p><strong>DOCUMENTOS DEL EXPEDIENTE:<\/strong><\/p>\n\n\n<figure class=\"wp-block-table\"><table class=\"has-background\" style=\"background:radial-gradient(rgb(238,238,238) 0%,rgb(169,184,195) 100%)\"><thead><tr><th>Nombre Fichero<\/th><th>Fecha Publicaci\u00f3n<\/th><\/tr><\/thead><tbody><tr><td><a href=\"https:\/\/alzira.es\/wp-content\/uploads\/2024\/11\/04-Publicacio-Oficials-PL-FPiO_0830_BOP_01.pdf\">Anuncio BOPV 30-08-2024 bases espec\u00edficas convocatoria 2 plazas Oficial Polic\u00eda Local de Alzira por el turno de promoci\u00f3n interna ordinaria<\/a><\/td><td>30-08-24<\/td><\/tr><tr><td><a href=\"https:\/\/alzira.es\/wp-content\/uploads\/2023\/03\/06-Certificat-JGL-301024-rectificacio-bases-propietat-2-OFICIAL-PL-promocio-interna-ordinaria-signat.pdf\">Certificado JGL rectificaci\u00f3n bases espec\u00edficas convocatoria 2 plazas Oficial Polic\u00eda Local por tuno promoci\u00f3n interna ordinaria<\/a><\/td><td>12-11-24<\/td><\/tr><tr><td><a href=\"https:\/\/alzira.es\/wp-content\/uploads\/2023\/03\/09-FPiO_1125_BOP_01-251124.pdf\">Anuncio BOPV rectificaci\u00f3n bases espec\u00edficas convocatoria de 2 plazas de Oficial de la Polic\u00eda Local por turno promoci\u00f3n interna ordinaria<\/a><\/td><td>25-11-24<\/td><\/tr><tr><td><a href=\"https:\/\/alzira.es\/wp-content\/uploads\/2024\/02\/Decret-179-2021-de-5-de-novembre-1.pdf\">Decreto 179\/2021 del Consell, de establecimiento de las bases y  criterios generales para la selecci\u00f3n, promoci\u00f3n y movilidad en los cuerpos de PL de la CV<\/a><\/td><td>12-11-24<\/td><\/tr><tr><td><a href=\"https:\/\/alzira.es\/wp-content\/uploads\/2023\/03\/Decret-179-2021-de-5-de-novembre-annex-correccio-d-errades.pdf\">CORRECCI\u00d3N de errores del Decreto 179\/2021<\/a><\/td><td>12-11-24<\/td><\/tr><tr><td><a href=\"https:\/\/alzira.es\/wp-content\/uploads\/2023\/03\/12-Publicacion-130125-BOE-A-2025-511.pdf\">Publicaci\u00f3n convocatoria BOE plazas Oficial PL<\/a><\/td><td>13-01-25<\/td><\/tr><tr><td><a href=\"https:\/\/alzira.es\/wp-content\/uploads\/2025\/02\/13-0217d0164-decreto-llista-provisional-admesos-exclosos-Oficials-con-06-24.pdf\">Decreto lista provisional de admisi\u00f3n y exclusi\u00f3n personal aspirante<\/a><\/td><td>17-02-25<\/td><\/tr><tr><td><a href=\"https:\/\/alzira.es\/wp-content\/uploads\/2023\/03\/13-Anuncio-BOPV-2025_02084_llista-provisional-admesos-exclosos-Oficials.pdf\">Anuncio BOPV lista provisional admisi\u00f3n y exclusi\u00f3n personal aspirante<\/a><\/td><td>27-02-25<\/td><\/tr><tr><td><a href=\"https:\/\/alzira.es\/wp-content\/uploads\/2023\/03\/14-Decret-0423d0520-llista-definitiva-Oficials-PL-conv-06-24-signat.pdf\">Decreto fecha definitiva de admisi\u00f3n y fecha pruebas f\u00edsicas<\/a><\/td><td>02-05-25<\/td><\/tr><tr><td><a href=\"https:\/\/alzira.es\/wp-content\/uploads\/2023\/03\/16-Anunci-BOP-llista-definitiva-admesos-exclosos-Oficials-conv-06-24-1.pdf\" target=\"_blank\" rel=\"noreferrer noopener\">Anuncio BOPV lista definitiva de admisi\u00f3n y exclusi\u00f3n personal aspirante<\/a><\/td><td>02-05-25<\/td><\/tr><tr><td><a href=\"https:\/\/alzira.es\/wp-content\/uploads\/2023\/03\/17-Provid_ncia-nomenament-assessora-proves-psicol_giques-i-co_laboradors-Tribunal-Oficials-PL.pdf\">Providencia nombramiento Psic\u00f3loga pruebas psicot\u00e9cnicas y colaboradores tribunal<\/a><\/td><td>13-05-25<\/td><\/tr><tr><td><a href=\"https:\/\/alzira.es\/wp-content\/uploads\/2023\/03\/19-Edicte-Resultats-provisionals-proves-fisiques-Oficial-PL.pdf\">Edicto resultados provisionales pruebas f\u00edsicas y fecha prueba de aptitud psicot\u00e9cnica Oficiales PL<\/a><\/td><td>03-06-25<\/td><\/tr><tr><td><a href=\"https:\/\/alzira.es\/wp-content\/uploads\/2023\/03\/Edicte-Resultats-provisionals-prova-psicotecnica-Oficial-PL.pdf\" target=\"_blank\" rel=\"noreferrer noopener\">Edicto resultados provisionales prueba psicot\u00e9cnica<\/a><\/td><td>25-06-25<\/td><\/tr><tr><td><a href=\"https:\/\/alzira.es\/wp-content\/uploads\/2023\/03\/23-Edicte-Obertura-sobre-prova-psicotecnica-Oficial-PL.pdf\" target=\"_blank\" rel=\"noreferrer noopener\">Edicto apertura sobre ID prueba psicot\u00e9cnica<\/a><\/td><td>14-11-25<\/td><\/tr><tr><td><a href=\"https:\/\/alzira.es\/wp-content\/uploads\/2023\/03\/25-Edicte-Identificacio-aspirants-prova-psicotecnica-Oficial-PL.pdf\" target=\"_blank\" rel=\"noreferrer noopener\">Edicto ID aspirantes y fecha prueba test<\/a><\/td><td>21-11-25<\/td><\/tr><tr><td><a href=\"https:\/\/alzira.es\/wp-content\/uploads\/2023\/03\/25-NOTA-informativa-plantilla-respostes-TEST-Oficial-PL.pdf\" target=\"_blank\" rel=\"noreferrer noopener\">Nota Informativa plantilla de respuestas TEST<\/a><\/td><td>15-12-25<\/td><\/tr><tr><td><a href=\"https:\/\/alzira.es\/wp-content\/uploads\/2023\/03\/27-Edicte-Resultats-provisionals-TEST-Oficial-PL.pdf\" target=\"_blank\" rel=\"noreferrer noopener\">Edicto resultados provisionales prueba TEST realizada el 12-12-25<\/a><\/td><td>18-12-25<\/td><\/tr><tr><td><a href=\"https:\/\/alzira.es\/wp-content\/uploads\/2023\/03\/29-Edicte-Resultats-definitius-TEST-Oficial-PL-.pdf\" target=\"_blank\" rel=\"noreferrer noopener\">Edicto resultados definitivos prueba TEST y fecha apertura sobres<\/a><\/td><td>29-01-26<\/td><\/tr><tr><td><a href=\"https:\/\/alzira.es\/wp-content\/uploads\/2023\/03\/31-Edicte-obertura-sobre-ID-Oficials-PL-TEST.pdf\">Edicto apertura de sobre ID Oficiales PL<\/a><\/td><td>04-02-26<\/td><\/tr><tr><td><a href=\"https:\/\/alzira.es\/wp-content\/uploads\/2023\/03\/31-Anunci-Data-Suposit-practic-Oficial-PL-Conv.-06-24.pdf\" type=\"link\" id=\"https:\/\/alzira.es\/wp-content\/uploads\/2023\/03\/31-Anunci-Data-Suposit-practic-Oficial-PL-Conv.-06-24.pdf\" target=\"_blank\" rel=\"noreferrer noopener\">Anuncio fecha de realizaci\u00f3n supuesto pr\u00e1ctico<\/a><\/td><td>27-02-26<\/td><\/tr><tr><td><a href=\"https:\/\/alzira.es\/wp-content\/uploads\/2023\/03\/33-Edicte-Resultats-provisionals-PRACTIC-Oficial-PL.pdf\" type=\"link\" id=\"https:\/\/alzira.es\/wp-content\/uploads\/2023\/03\/33-Edicte-Resultats-provisionals-PRACTIC-Oficial-PL.pdf\" target=\"_blank\" rel=\"noreferrer noopener\">Edicto resultados provisionales de la prueba pr\u00e1ctica<\/a><\/td><td>05-03-26<\/td><\/tr><tr><td><\/td><td><\/td><\/tr><tr><td><\/td><td><\/td><\/tr><\/tbody><\/table><\/figure>\n","protected":false},"excerpt":{"rendered":"<p>NOVEDAD:\u00a0 RESULTADOS PROVISIONALES PRUEBA PR\u00c1CTICA. Inicio del plazo de alegaciones al resultado de la prueba, desde el 6 hasta el 20 de marzo de 2026 (ambos incluidos). DOCUMENTOS DEL EXPEDIENTE: Nombre Fichero Fecha Publicaci\u00f3n Anuncio BOPV 30-08-2024 bases espec\u00edficas convocatoria 2 plazas Oficial Polic\u00eda Local de Alzira por el turno de promoci\u00f3n interna ordinaria 30-08-24 &hellip; <\/p>\n<p class=\"link-more\"><a href=\"https:\/\/alzira.es\/es\/servicios-municipales\/recursos-humanos\/empleo-permanente\/convocatoria-06-2024-seleccion-en-propiedad-2-plazas-oficial-de-la-policia-local-por-turno-de-promocion-interna-ordinaria\/\" class=\"more-link\">Continuar leyendo<span class=\"screen-reader-text\"> \u00abConvocatoria 06\/2024 Selecci\u00f3n en propiedad 2 plazas Oficial de la Polic\u00eda Local por turno de promoci\u00f3n interna ordinaria.\u00bb<\/span><\/a><\/p>\n","protected":false},"author":156,"featured_media":0,"parent":105851,"menu_order":0,"comment_status":"closed","ping_status":"closed","template":"","meta":{"_acf_changed":false,"footnotes":""},"class_list":["post-155829","page","type-page","status-publish","hentry"],"acf":[],"_links":{"self":[{"href":"https:\/\/alzira.es\/es\/wp-json\/wp\/v2\/pages\/155829","targetHints":{"allow":["GET"]}}],"collection":[{"href":"https:\/\/alzira.es\/es\/wp-json\/wp\/v2\/pages"}],"about":[{"href":"https:\/\/alzira.es\/es\/wp-json\/wp\/v2\/types\/page"}],"author":[{"embeddable":true,"href":"https:\/\/alzira.es\/es\/wp-json\/wp\/v2\/users\/156"}],"replies":[{"embeddable":true,"href":"https:\/\/alzira.es\/es\/wp-json\/wp\/v2\/comments?post=155829"}],"version-history":[{"count":1,"href":"https:\/\/alzira.es\/es\/wp-json\/wp\/v2\/pages\/155829\/revisions"}],"predecessor-version":[{"id":168575,"href":"https:\/\/alzira.es\/es\/wp-json\/wp\/v2\/pages\/155829\/revisions\/168575"}],"up":[{"embeddable":true,"href":"https:\/\/alzira.es\/es\/wp-json\/wp\/v2\/pages\/105851"}],"wp:attachment":[{"href":"https:\/\/alzira.es\/es\/wp-json\/wp\/v2\/media?parent=155829"}],"curies":[{"name":"wp","href":"https:\/\/api.w.org\/{rel}","templated":true}]}}