{"id":160834,"date":"2025-05-20T14:33:27","date_gmt":"2025-05-20T12:33:27","guid":{"rendered":"https:\/\/www.alzira.es\/?page_id=160834"},"modified":"2025-07-09T11:28:43","modified_gmt":"2025-07-09T09:28:43","slug":"convocatoria-09-2025-cobertura-del-puesto-de-vicesecretaria-general-habilitados-nacionales-11100-en-comision-de-servicios","status":"publish","type":"page","link":"https:\/\/www.alzira.es\/es\/servicios-municipales\/recursos-humanos\/empleo-temporal\/convocatoria-09-2025-cobertura-del-puesto-de-vicesecretaria-general-habilitados-nacionales-11100-en-comision-de-servicios\/","title":{"rendered":"Convocatoria 09\/2025.- Provisi\u00f3n del puesto de Vicesecretar\u00eda General-Habilitados Nacionales (11100) en Comisi\u00f3n de Servicios."},"content":{"rendered":"\n<p><strong>DOCUMENTOS DEL EXPEDIENTE:<\/strong><\/p>\n\n\n\n<p>Fecha entrevistas:<strong> <\/strong>Fase de alegaci\u00f3n a los m\u00e9ritos: <strong>5 d\u00edas h\u00e1biles <\/strong>desde la publicaci\u00f3n del Edicto: <strong>del 10 al 16 de julio<\/strong> (ambos incluidos).<\/p>\n\n\n\n<p><\/p>\n\n\n\n<p><\/p>\n\n\n\n<figure class=\"wp-block-table\"><table class=\"has-fixed-layout\"><thead><tr><td><span style=\"color: #ffffff;\"><strong>Nombre Fichero<\/strong><\/span><\/td><td><span style=\"color: #ffffff;\"><strong>Fecha documento<\/strong><\/span><\/td><\/tr><\/thead><tbody><tr><td><a href=\"https:\/\/www.alzira.es\/wp-content\/uploads\/2023\/03\/Aprovacio-bases-JGL-en-CCSS-Vicesecretaria-General.pdf\" target=\"_blank\" rel=\"noreferrer noopener\">Bases provisi\u00f3n del puesto de Vicesecretar\u00eda General en Comisi\u00f3n de servicios.<\/a><\/td><td>20\/05\/2025<\/td><\/tr><tr><td><a href=\"https:\/\/www.alzira.es\/wp-content\/uploads\/2023\/03\/04-2025_06083_VAPublicacio-BOPV-020625-CCSS-Vicesecretaria-Alzira.pdf\">BOPV anuncio aprobaci\u00f3n bases provisi\u00f3n del puesto de Vicesecretar\u00eda General en Comisi\u00f3n de servicios.<\/a><\/td><td>02\/06\/2025<\/td><\/tr><tr><td><a href=\"https:\/\/www.alzira.es\/wp-content\/uploads\/2023\/03\/05-Decreto-851-25-llista-definitiva-admesses-Vicesecretaria-Gral-i-data-entrevistes-1.pdf\">Decreto lista definitiva admitidas puesto Vicesecretar\u00eda en Comisi\u00f3n de servicios y fecha entrevistas<\/a><\/td><td>23\/06\/2025<\/td><\/tr><tr><td><a href=\"https:\/\/www.alzira.es\/wp-content\/uploads\/2023\/03\/07-Edicte-Entrevista-i-valoracio-merits-Vicesecretaria-Gral.pdf\" target=\"_blank\" rel=\"noreferrer noopener\">Edicto baremaci\u00f3n provisional de m\u00e9ritos <\/a><\/td><td>09\/07\/2025<\/td><\/tr><tr><td><\/td><td><\/td><\/tr><tr><td><\/td><td><\/td><\/tr><tr><td><\/td><td><\/td><\/tr><tr><td><\/td><td><\/td><\/tr><tr><td><\/td><td><\/td><\/tr><tr><td><\/td><td><\/td><\/tr><tr><td><\/td><td><\/td><\/tr><tr><td><\/td><td><\/td><\/tr><\/tbody><\/table><\/figure>\n\n\n\n<p><\/p>\n\n\n\n<p><\/p>\n","protected":false},"excerpt":{"rendered":"<p>DOCUMENTOS DEL EXPEDIENTE: Fecha entrevistas: Fase de alegaci\u00f3n a los m\u00e9ritos: 5 d\u00edas h\u00e1biles desde la publicaci\u00f3n del Edicto: del 10 al 16 de julio (ambos incluidos). Nombre Fichero Fecha documento Bases provisi\u00f3n del puesto de Vicesecretar\u00eda General en Comisi\u00f3n de servicios. 20\/05\/2025 BOPV anuncio aprobaci\u00f3n bases provisi\u00f3n del puesto de Vicesecretar\u00eda General en Comisi\u00f3n &hellip; <\/p>\n<p class=\"link-more\"><a href=\"https:\/\/www.alzira.es\/es\/servicios-municipales\/recursos-humanos\/empleo-temporal\/convocatoria-09-2025-cobertura-del-puesto-de-vicesecretaria-general-habilitados-nacionales-11100-en-comision-de-servicios\/\" class=\"more-link\">Continuar leyendo<span class=\"screen-reader-text\"> \u00abConvocatoria 09\/2025.- Provisi\u00f3n del puesto de Vicesecretar\u00eda General-Habilitados Nacionales (11100) en Comisi\u00f3n de Servicios.\u00bb<\/span><\/a><\/p>\n","protected":false},"author":156,"featured_media":0,"parent":105760,"menu_order":0,"comment_status":"closed","ping_status":"closed","template":"","meta":{"_acf_changed":false,"footnotes":""},"class_list":["post-160834","page","type-page","status-publish","hentry"],"acf":[],"_links":{"self":[{"href":"https:\/\/www.alzira.es\/es\/wp-json\/wp\/v2\/pages\/160834","targetHints":{"allow":["GET"]}}],"collection":[{"href":"https:\/\/www.alzira.es\/es\/wp-json\/wp\/v2\/pages"}],"about":[{"href":"https:\/\/www.alzira.es\/es\/wp-json\/wp\/v2\/types\/page"}],"author":[{"embeddable":true,"href":"https:\/\/www.alzira.es\/es\/wp-json\/wp\/v2\/users\/156"}],"replies":[{"embeddable":true,"href":"https:\/\/www.alzira.es\/es\/wp-json\/wp\/v2\/comments?post=160834"}],"version-history":[{"count":1,"href":"https:\/\/www.alzira.es\/es\/wp-json\/wp\/v2\/pages\/160834\/revisions"}],"predecessor-version":[{"id":162628,"href":"https:\/\/www.alzira.es\/es\/wp-json\/wp\/v2\/pages\/160834\/revisions\/162628"}],"up":[{"embeddable":true,"href":"https:\/\/www.alzira.es\/es\/wp-json\/wp\/v2\/pages\/105760"}],"wp:attachment":[{"href":"https:\/\/www.alzira.es\/es\/wp-json\/wp\/v2\/media?parent=160834"}],"curies":[{"name":"wp","href":"https:\/\/api.w.org\/{rel}","templated":true}]}}