{"id":161407,"date":"2025-06-06T13:07:48","date_gmt":"2025-06-06T11:07:48","guid":{"rendered":"https:\/\/www.alzira.es\/?page_id=161407"},"modified":"2025-07-01T09:59:27","modified_gmt":"2025-07-01T07:59:27","slug":"convocatoria-03-2025-provision-temporal-mejora-de-ocupacion-tecnico-a-de-mejora-e-innovacion-a2-servicio-de-mejora-e-innovacion","status":"publish","type":"page","link":"https:\/\/www.alzira.es\/es\/servicios-municipales\/recursos-humanos\/empleo-temporal\/convocatoria-03-2025-provision-temporal-mejora-de-ocupacion-tecnico-a-de-mejora-e-innovacion-a2-servicio-de-mejora-e-innovacion\/","title":{"rendered":"CONVOCATORIA 03\/2025 &#8211; PROVISI\u00d3N TEMPORAL MEJORA DE OCUPACI\u00d3N T\u00c9CNICO\/A DE MEJORA E INNOVACI\u00d3N A2 (SERVICIO DE MEJORA E INNOVACI\u00d3N)."},"content":{"rendered":"\n<p><\/p>\n\n\n<p>Plazo de alegaciones del 2 al 8 de julio.<\/p>\n<p><strong>DOCUMENTOS DEL EXPEDIENTE:<\/strong><\/p>\n\n\n<div class=\"wp-block-columns is-layout-flex wp-container-core-columns-is-layout-9d6595d7 wp-block-columns-is-layout-flex\">\n<div class=\"wp-block-column is-layout-flow wp-block-column-is-layout-flow\" style=\"flex-basis:100%\">\n<div class=\"wp-block-group\"><div class=\"wp-block-group__inner-container is-layout-flow wp-block-group-is-layout-flow\">\n<div class=\"wp-block-columns is-layout-flex wp-container-core-columns-is-layout-9d6595d7 wp-block-columns-is-layout-flex\">\n<div class=\"wp-block-column is-layout-flow wp-block-column-is-layout-flow\" style=\"flex-basis:100%\">\n<figure class=\"wp-block-table is-style-stripes\"><table><tbody><tr><td><strong>Nombre Fichero<\/strong><\/td><td class=\"has-text-align-center\" data-align=\"center\"><strong>Fecha Publicaci\u00f3n<\/strong><\/td><\/tr><tr><td><\/td><td class=\"has-text-align-center\" data-align=\"center\"><\/td><\/tr><tr><td><\/td><td class=\"has-text-align-center\" data-align=\"center\"><\/td><\/tr><tr><td><a href=\"https:\/\/www.alzira.es\/wp-content\/uploads\/2023\/03\/05-Edicte-Entrevista-i-valoracio-merits-millora-ocupacio-Tecnic-a-A2-Informatica.pdf\" target=\"_blank\" rel=\"noreferrer noopener\">Edicto resultados entrevista y baremaci\u00f3n m\u00e9ritos<\/a><\/td><td class=\"has-text-align-center\" data-align=\"center\">01-07-2025<\/td><\/tr><tr><td><a href=\"https:\/\/www.alzira.es\/wp-content\/uploads\/2023\/03\/03-Edicte-llista-definitiva-i-data-entrevista-conv.-03-25-signat.pdf\">Edicto lista definitiva y fecha entrevista T\u00e9cnico-a Mejora e Innovaci\u00f3n<\/a><\/td><td class=\"has-text-align-center\" data-align=\"center\">26-06-2025<\/td><\/tr><tr><td><a href=\"https:\/\/www.alzira.es\/wp-content\/uploads\/2023\/03\/Autobaremacio-Millora-Ocupacio-Tecnic-Informatica-A2-1.xlsx\">Autobaremaci\u00f3n<\/a><\/td><td class=\"has-text-align-center\" data-align=\"center\">06-06-2025<\/td><\/tr><tr><td><a href=\"https:\/\/www.alzira.es\/wp-content\/uploads\/2023\/03\/Certificados_14-aprovacio-bases-adscripcio-temporal-Tecnic-a-Gestio-A2-Informatica.docx-1.pdf\">Certificado JGL aprobaci\u00f3n bases vacante mejora ocupaci\u00f3n T\u00e9cnico-a Mejora e Innovaci\u00f3n.<\/a><\/td><td class=\"has-text-align-center\" data-align=\"center\">06-06-2025<\/td><\/tr><tr><td><\/td><td class=\"has-text-align-center\" data-align=\"center\"><\/td><\/tr><\/tbody><\/table><\/figure>\n<\/div>\n<\/div>\n<\/div><\/div>\n<\/div>\n<\/div>\n\n\n\n<p><\/p>\n","protected":false},"excerpt":{"rendered":"<p>Plazo de alegaciones del 2 al 8 de julio. DOCUMENTOS DEL EXPEDIENTE: Nombre Fichero Fecha Publicaci\u00f3n Edicto resultados entrevista y baremaci\u00f3n m\u00e9ritos 01-07-2025 Edicto lista definitiva y fecha entrevista T\u00e9cnico-a Mejora e Innovaci\u00f3n 26-06-2025 Autobaremaci\u00f3n 06-06-2025 Certificado JGL aprobaci\u00f3n bases vacante mejora ocupaci\u00f3n T\u00e9cnico-a Mejora e Innovaci\u00f3n. 06-06-2025<\/p>\n","protected":false},"author":156,"featured_media":0,"parent":105760,"menu_order":0,"comment_status":"closed","ping_status":"closed","template":"","meta":{"_acf_changed":false,"footnotes":""},"class_list":["post-161407","page","type-page","status-publish","hentry"],"acf":[],"_links":{"self":[{"href":"https:\/\/www.alzira.es\/es\/wp-json\/wp\/v2\/pages\/161407","targetHints":{"allow":["GET"]}}],"collection":[{"href":"https:\/\/www.alzira.es\/es\/wp-json\/wp\/v2\/pages"}],"about":[{"href":"https:\/\/www.alzira.es\/es\/wp-json\/wp\/v2\/types\/page"}],"author":[{"embeddable":true,"href":"https:\/\/www.alzira.es\/es\/wp-json\/wp\/v2\/users\/156"}],"replies":[{"embeddable":true,"href":"https:\/\/www.alzira.es\/es\/wp-json\/wp\/v2\/comments?post=161407"}],"version-history":[{"count":2,"href":"https:\/\/www.alzira.es\/es\/wp-json\/wp\/v2\/pages\/161407\/revisions"}],"predecessor-version":[{"id":162189,"href":"https:\/\/www.alzira.es\/es\/wp-json\/wp\/v2\/pages\/161407\/revisions\/162189"}],"up":[{"embeddable":true,"href":"https:\/\/www.alzira.es\/es\/wp-json\/wp\/v2\/pages\/105760"}],"wp:attachment":[{"href":"https:\/\/www.alzira.es\/es\/wp-json\/wp\/v2\/media?parent=161407"}],"curies":[{"name":"wp","href":"https:\/\/api.w.org\/{rel}","templated":true}]}}