{"id":162545,"date":"2025-07-08T11:01:11","date_gmt":"2025-07-08T09:01:11","guid":{"rendered":"https:\/\/www.alzira.es\/?page_id=162545"},"modified":"2025-08-25T13:23:21","modified_gmt":"2025-08-25T11:23:21","slug":"convocatoria-11-2025-oferta-generica-urgente-para-la-contratacion-nombramiento-temporal-de-arquitecto-a-tecnico-a","status":"publish","type":"page","link":"https:\/\/www.alzira.es\/es\/servicios-municipales\/recursos-humanos\/empleo-temporal\/convocatoria-11-2025-oferta-generica-urgente-para-la-contratacion-nombramiento-temporal-de-arquitecto-a-tecnico-a\/","title":{"rendered":"CONVOCATORIA 11\/2025 &#8211; OFERTA GEN\u00c9RICA URGENTE PARA LA CONTRATACI\u00d3N\/NOMBRAMIENTO TEMPORAL DE ARQUITECTO\/A T\u00c9CNICO\/A."},"content":{"rendered":"<p><span style=\"color: #800000;\"><strong>Oferta gen\u00e9rica de LABORA:<\/strong><\/span><\/p>\n<ul>\n<li><span style=\"color: #800000;\"><b>10\/2025\/545305 Arquitectos T\u00e9cnicos.<\/b><\/span><\/li>\n<\/ul>\n<p><strong>DOCUMENTS DE L&#8217;EXPEDIENT:<\/strong><\/p>\n\n\n<div class=\"wp-block-columns is-layout-flex wp-container-core-columns-is-layout-9d6595d7 wp-block-columns-is-layout-flex\">\n<div class=\"wp-block-column is-layout-flow wp-block-column-is-layout-flow\" style=\"flex-basis:100%\">\n<div class=\"wp-block-group\"><div class=\"wp-block-group__inner-container is-layout-flow wp-block-group-is-layout-flow\">\n<div class=\"wp-block-columns is-layout-flex wp-container-core-columns-is-layout-9d6595d7 wp-block-columns-is-layout-flex\">\n<div class=\"wp-block-column is-layout-flow wp-block-column-is-layout-flow\" style=\"flex-basis:100%\">\n<figure class=\"wp-block-table is-style-stripes\"><table><tbody><tr><td><strong>Nom Fitxer<\/strong><\/td><td class=\"has-text-align-center\" data-align=\"center\"><strong>Data Publicaci\u00f3<\/strong><\/td><\/tr><tr><td><a href=\"https:\/\/www.alzira.es\/wp-content\/uploads\/2023\/03\/Acord-JGL-bases-oferta-generica-Arquitecte-Tecnic.pdf\" target=\"_blank\" rel=\"noreferrer noopener\">Bases espec\u00edfiques<\/a><\/td><td class=\"has-text-align-center\" data-align=\"center\">08\/07\/2025<\/td><\/tr><tr><td><a href=\"https:\/\/www.alzira.es\/wp-content\/uploads\/2025\/07\/AUTOBAREMACIO-Arquitecte-a-Tecnic-a-conv-11-25.xlsx\" target=\"_blank\" rel=\"noreferrer noopener\">Autobaremaci\u00f3<\/a><\/td><td class=\"has-text-align-center\" data-align=\"center\">16\/07\/2025<\/td><\/tr><tr><td><a href=\"https:\/\/www.alzira.es\/wp-content\/uploads\/2023\/03\/02-Decret-designacio-Comissio-Valoracio-i-convocatoria-entrevista.pdf\" target=\"_blank\" rel=\"noreferrer noopener\">Designaci\u00f3 Comissi\u00f3 Valoraci\u00f3 i convocat\u00f2ria entrevista<\/a><\/td><td class=\"has-text-align-center\" data-align=\"center\">29\/07\/2025<\/td><\/tr><tr><td><a href=\"https:\/\/www.alzira.es\/wp-content\/uploads\/2025\/08\/03-Edicte-resultats-provisionals-entrevistes-i-baremaci_-oferta-gen_rica-Arquitecte-a-T_cnic-a-signat.pdf\">Edicto resultados provisionales entrevistas, baremaci\u00f3n m\u00e9ritos y aportaci\u00f3n titulaci\u00f3n habilitante<\/a><\/td><td class=\"has-text-align-center\" data-align=\"center\">01\/08\/2025<\/td><\/tr><tr><td><a href=\"https:\/\/www.alzira.es\/wp-content\/uploads\/2023\/03\/04-Edicte-resultats-definitius-oferta-generica-Arquitecte-a-Tecnic-a.docx.pdf\" target=\"_blank\" rel=\"noreferrer noopener\">Edicto de resultados definitivos de la convocatoria<\/a><\/td><td class=\"has-text-align-center\" data-align=\"center\">25\/08\/2025<\/td><\/tr><tr><td><\/td><td class=\"has-text-align-center\" data-align=\"center\"><\/td><\/tr><\/tbody><\/table><\/figure>\n<\/div>\n<\/div>\n<\/div><\/div>\n<\/div>\n<\/div>\n\n\n\n<p><\/p>\n","protected":false},"excerpt":{"rendered":"<p>Oferta gen\u00e9rica de LABORA: 10\/2025\/545305 Arquitectos T\u00e9cnicos. DOCUMENTS DE L&#8217;EXPEDIENT: Nom Fitxer Data Publicaci\u00f3 Bases espec\u00edfiques 08\/07\/2025 Autobaremaci\u00f3 16\/07\/2025 Designaci\u00f3 Comissi\u00f3 Valoraci\u00f3 i convocat\u00f2ria entrevista 29\/07\/2025 Edicto resultados provisionales entrevistas, baremaci\u00f3n m\u00e9ritos y aportaci\u00f3n titulaci\u00f3n habilitante 01\/08\/2025 Edicto de resultados definitivos de la convocatoria 25\/08\/2025<\/p>\n","protected":false},"author":156,"featured_media":0,"parent":105760,"menu_order":0,"comment_status":"closed","ping_status":"closed","template":"","meta":{"_acf_changed":false,"footnotes":""},"class_list":["post-162545","page","type-page","status-publish","hentry"],"acf":[],"_links":{"self":[{"href":"https:\/\/www.alzira.es\/es\/wp-json\/wp\/v2\/pages\/162545","targetHints":{"allow":["GET"]}}],"collection":[{"href":"https:\/\/www.alzira.es\/es\/wp-json\/wp\/v2\/pages"}],"about":[{"href":"https:\/\/www.alzira.es\/es\/wp-json\/wp\/v2\/types\/page"}],"author":[{"embeddable":true,"href":"https:\/\/www.alzira.es\/es\/wp-json\/wp\/v2\/users\/156"}],"replies":[{"embeddable":true,"href":"https:\/\/www.alzira.es\/es\/wp-json\/wp\/v2\/comments?post=162545"}],"version-history":[{"count":2,"href":"https:\/\/www.alzira.es\/es\/wp-json\/wp\/v2\/pages\/162545\/revisions"}],"predecessor-version":[{"id":163763,"href":"https:\/\/www.alzira.es\/es\/wp-json\/wp\/v2\/pages\/162545\/revisions\/163763"}],"up":[{"embeddable":true,"href":"https:\/\/www.alzira.es\/es\/wp-json\/wp\/v2\/pages\/105760"}],"wp:attachment":[{"href":"https:\/\/www.alzira.es\/es\/wp-json\/wp\/v2\/media?parent=162545"}],"curies":[{"name":"wp","href":"https:\/\/api.w.org\/{rel}","templated":true}]}}