{"id":167712,"date":"2026-02-09T12:33:56","date_gmt":"2026-02-09T11:33:56","guid":{"rendered":"https:\/\/www.alzira.es\/?page_id=167712"},"modified":"2026-02-11T11:12:47","modified_gmt":"2026-02-11T10:12:47","slug":"convocatoria-06-2026-concurso-de-provision-temporal-para-ocupar-un-puesto-vacante-de-gestor-a-administrativo-a-tesoreria-recaudacion-por-comision-de-servicios","status":"publish","type":"page","link":"https:\/\/www.alzira.es\/es\/servicios-municipales\/recursos-humanos\/empleo-permanente\/convocatoria-06-2026-concurso-de-provision-temporal-para-ocupar-un-puesto-vacante-de-gestor-a-administrativo-a-tesoreria-recaudacion-por-comision-de-servicios\/","title":{"rendered":"CONVOCATORIA 06\/2026.- Concurso de provisi\u00f3n temporal para ocupar un puesto vacante de Gestor\/a Administrativo\/a (Tesorer\u00eda-Recaudaci\u00f3n) por Comisi\u00f3n de Servicios."},"content":{"rendered":"<p><b>Plazo de presentaci\u00f3n de solicitudes CINCO D\u00cdAS H\u00c1BILES del 12 al 18 de febrero de 2026.<\/b><\/p>\n<p><strong>DOCUMENTS DE L&#8217;EXPEDIENT:<\/strong><\/p>\n\n\n<figure class=\"wp-block-table\"><table class=\"has-fixed-layout\"><tbody><tr><td><strong>Nom Fitxer<\/strong><\/td><td class=\"has-text-align-center\" data-align=\"center\"><strong>Data Publicaci\u00f3<\/strong><\/td><\/tr><tr><td><a href=\"https:\/\/www.alzira.es\/wp-content\/uploads\/2023\/03\/02-Acord-JGL-aprovacio-bases-Gestor-Tresoreria.pdf\" target=\"_blank\" rel=\"noreferrer noopener\">Certificado JGL aprobaci\u00f3n bases conv. 06\/2026<\/a><\/td><td class=\"has-text-align-center\" data-align=\"center\">11\/02\/2026<\/td><\/tr><tr><td><a href=\"https:\/\/www.alzira.es\/wp-content\/uploads\/2023\/03\/00-Autobaremacio-gestor-a-administratiu-Tresoreria-Recaptacio.xlsx\" target=\"_blank\" rel=\"noreferrer noopener\">Autobaremaci\u00f3n<\/a><\/td><td class=\"has-text-align-center\" data-align=\"center\">11\/02\/2026<\/td><\/tr><tr><td><\/td><td class=\"has-text-align-center\" data-align=\"center\"><\/td><\/tr><tr><td><\/td><td class=\"has-text-align-center\" data-align=\"center\"><\/td><\/tr><tr><td><\/td><td class=\"has-text-align-center\" data-align=\"center\"><\/td><\/tr><tr><td><\/td><td class=\"has-text-align-center\" data-align=\"center\"><\/td><\/tr><tr><td><\/td><td class=\"has-text-align-center\" data-align=\"center\"><\/td><\/tr><tr><td><\/td><td class=\"has-text-align-center\" data-align=\"center\"><\/td><\/tr><tr><td><\/td><td class=\"has-text-align-center\" data-align=\"center\"><\/td><\/tr><tr><td><\/td><td class=\"has-text-align-center\" data-align=\"center\"><\/td><\/tr><tr><td><\/td><td class=\"has-text-align-center\" data-align=\"center\"><\/td><\/tr><\/tbody><\/table><\/figure>\n","protected":false},"excerpt":{"rendered":"<p>Plazo de presentaci\u00f3n de solicitudes CINCO D\u00cdAS H\u00c1BILES del 12 al 18 de febrero de 2026. DOCUMENTS DE L&#8217;EXPEDIENT: Nom Fitxer Data Publicaci\u00f3 Certificado JGL aprobaci\u00f3n bases conv. 06\/2026 11\/02\/2026 Autobaremaci\u00f3n 11\/02\/2026<\/p>\n","protected":false},"author":156,"featured_media":0,"parent":105851,"menu_order":0,"comment_status":"closed","ping_status":"closed","template":"","meta":{"_acf_changed":false,"footnotes":""},"class_list":["post-167712","page","type-page","status-publish","hentry"],"acf":[],"_links":{"self":[{"href":"https:\/\/www.alzira.es\/es\/wp-json\/wp\/v2\/pages\/167712","targetHints":{"allow":["GET"]}}],"collection":[{"href":"https:\/\/www.alzira.es\/es\/wp-json\/wp\/v2\/pages"}],"about":[{"href":"https:\/\/www.alzira.es\/es\/wp-json\/wp\/v2\/types\/page"}],"author":[{"embeddable":true,"href":"https:\/\/www.alzira.es\/es\/wp-json\/wp\/v2\/users\/156"}],"replies":[{"embeddable":true,"href":"https:\/\/www.alzira.es\/es\/wp-json\/wp\/v2\/comments?post=167712"}],"version-history":[{"count":2,"href":"https:\/\/www.alzira.es\/es\/wp-json\/wp\/v2\/pages\/167712\/revisions"}],"predecessor-version":[{"id":167787,"href":"https:\/\/www.alzira.es\/es\/wp-json\/wp\/v2\/pages\/167712\/revisions\/167787"}],"up":[{"embeddable":true,"href":"https:\/\/www.alzira.es\/es\/wp-json\/wp\/v2\/pages\/105851"}],"wp:attachment":[{"href":"https:\/\/www.alzira.es\/es\/wp-json\/wp\/v2\/media?parent=167712"}],"curies":[{"name":"wp","href":"https:\/\/api.w.org\/{rel}","templated":true}]}}