{"id":25431,"date":"2017-11-09T14:28:33","date_gmt":"2017-11-09T13:28:33","guid":{"rendered":"https:\/\/www.alzira.es\/cdn-convencion-de-los-derechos-del-nino\/"},"modified":"2024-07-03T12:22:22","modified_gmt":"2024-07-03T10:22:22","slug":"derechos-de-las-ninas-y-ninos","status":"publish","type":"page","link":"https:\/\/www.alzira.es\/es\/servicios-municipales\/educacion-e-infancia\/derechos-de-las-ninas-y-ninos\/","title":{"rendered":"CDN (convenci\u00f3n de los derechos de la ni\u00f1a y el ni\u00f1o)"},"content":{"rendered":"<p style=\"text-align: justify;\">Todos los derechos de los ni\u00f1os est\u00e1n recogidos en un tratado internacional que obliga a los gobiernos a cumplirlos: la Convenci\u00f3n sobre los Derechos del Ni\u00f1o (CDN).<\/p>\n<p>Es el tratado m\u00e1s ratificado de la historia y los 195 Estados que la han ratificado tienen que rendir cuentas sobre su cumplimiento al Comit\u00e9 de los Derechos del Ni\u00f1o.<\/p>\n<p>Los 54 art\u00edculos que componen la Convenci\u00f3n recogen los derechos econ\u00f3micos, sociales, culturales, civiles y pol\u00edticos de todos los ni\u00f1os. Su aplicaci\u00f3n es obligaci\u00f3n de los gobiernos, pero tambi\u00e9n define las obligaciones y responsabilidades de otros agentes como los padres, profesores, profesionales de la salud, investigadores y los propios ni\u00f1os y ni\u00f1as.<\/p>\n<p>Presentamos varios documentos. Uno para los ni\u00f1os y ni\u00f1as y otro texto para la ciudadan\u00eda en general.<\/p>\n<p style=\"margin-left: 60px;\"><a title=\"CDN\" href=\"https:\/\/www.alzira.es\/wp-content\/uploads\/2017\/11\/cdn_unicef.pdf\" target=\"_blank\" rel=\"noopener\"><img decoding=\"async\" width=\"18\" height=\"15\" class=\"size-full wp-image-25280 lazyload\" data-src=\"https:\/\/www.alzira.es\/wp-content\/uploads\/2017\/11\/pdf_rojo.gif\" alt=\"pdf rojo\" src=\"data:image\/svg+xml;base64,PHN2ZyB3aWR0aD0iMSIgaGVpZ2h0PSIxIiB4bWxucz0iaHR0cDovL3d3dy53My5vcmcvMjAwMC9zdmciPjwvc3ZnPg==\" style=\"--smush-placeholder-width: 18px; --smush-placeholder-aspect-ratio: 18\/15;\" \/>\u00a0CONVENCI\u00d3N SOBRE LOS DERECHOS DEL NI\u00d1O<\/a><br \/>\n<a title=\"CMXX\" href=\"https:\/\/www.alzira.es\/wp-content\/uploads\/2022\/07\/CDN.pdf\" target=\"_blank\" rel=\"noopener\"><img decoding=\"async\" width=\"18\" height=\"15\" class=\"size-full wp-image-25280 lazyload\" data-src=\"https:\/\/www.alzira.es\/wp-content\/uploads\/2017\/11\/pdf_rojo.gif\" alt=\"pdf rojo\" src=\"data:image\/svg+xml;base64,PHN2ZyB3aWR0aD0iMSIgaGVpZ2h0PSIxIiB4bWxucz0iaHR0cDovL3d3dy53My5vcmcvMjAwMC9zdmciPjwvc3ZnPg==\" style=\"--smush-placeholder-width: 18px; --smush-placeholder-aspect-ratio: 18\/15;\" \/>\u00a0DERECHOS DE LOS NI\u00d1OS Y NI\u00d1AS ILUSTRADOS POR LOS ESCOLARES DE ALZIRA<\/a><\/p>\n","protected":false},"excerpt":{"rendered":"<p>Todos los derechos de los ni\u00f1os est\u00e1n recogidos en un tratado internacional que obliga a los gobiernos a cumplirlos: la Convenci\u00f3n sobre los Derechos del Ni\u00f1o (CDN). Es el tratado m\u00e1s ratificado de la historia y los 195 Estados que la han ratificado tienen que rendir cuentas sobre su cumplimiento al Comit\u00e9 de los Derechos &hellip; <\/p>\n<p class=\"link-more\"><a href=\"https:\/\/www.alzira.es\/es\/servicios-municipales\/educacion-e-infancia\/derechos-de-las-ninas-y-ninos\/\" class=\"more-link\">Continuar leyendo<span class=\"screen-reader-text\"> \u00abCDN (convenci\u00f3n de los derechos de la ni\u00f1a y el ni\u00f1o)\u00bb<\/span><\/a><\/p>\n","protected":false},"author":29,"featured_media":0,"parent":104969,"menu_order":1,"comment_status":"closed","ping_status":"closed","template":"","meta":{"_acf_changed":false,"footnotes":""},"class_list":["post-25431","page","type-page","status-publish","hentry"],"acf":[],"_links":{"self":[{"href":"https:\/\/www.alzira.es\/es\/wp-json\/wp\/v2\/pages\/25431","targetHints":{"allow":["GET"]}}],"collection":[{"href":"https:\/\/www.alzira.es\/es\/wp-json\/wp\/v2\/pages"}],"about":[{"href":"https:\/\/www.alzira.es\/es\/wp-json\/wp\/v2\/types\/page"}],"author":[{"embeddable":true,"href":"https:\/\/www.alzira.es\/es\/wp-json\/wp\/v2\/users\/29"}],"replies":[{"embeddable":true,"href":"https:\/\/www.alzira.es\/es\/wp-json\/wp\/v2\/comments?post=25431"}],"version-history":[{"count":2,"href":"https:\/\/www.alzira.es\/es\/wp-json\/wp\/v2\/pages\/25431\/revisions"}],"predecessor-version":[{"id":126394,"href":"https:\/\/www.alzira.es\/es\/wp-json\/wp\/v2\/pages\/25431\/revisions\/126394"}],"up":[{"embeddable":true,"href":"https:\/\/www.alzira.es\/es\/wp-json\/wp\/v2\/pages\/104969"}],"wp:attachment":[{"href":"https:\/\/www.alzira.es\/es\/wp-json\/wp\/v2\/media?parent=25431"}],"curies":[{"name":"wp","href":"https:\/\/api.w.org\/{rel}","templated":true}]}}