{"id":3579,"date":"2009-11-04T10:49:42","date_gmt":"2009-11-04T09:49:42","guid":{"rendered":"https:\/\/alzira.es\/normativa\/"},"modified":"2021-08-30T21:40:40","modified_gmt":"2021-08-30T19:40:40","slug":"normativa-empleo-publico","status":"publish","type":"page","link":"https:\/\/alzira.es\/es\/servicios-municipales\/recursos-humanos\/normativa-empleo-publico\/","title":{"rendered":"Normativa Empleo P\u00fablico"},"content":{"rendered":"<p>Desde esta p\u00e1gina usted podr\u00e1 descargar archivos en formato WORD o PDF. Si no dispone de Acrobat Reader para abrir los PDF, puede descargarlo gratuitamente pulsando el siguiente icono:<\/p>\n<p style=\"text-align: center;\"><img decoding=\"async\" class=\"size-full wp-image-3567 lazyload\" data-src=\"https:\/\/alzira.es\/wp-content\/uploads\/2009\/11\/adobe.gif\" alt=\"Acrobat Reader\" width=\"88\" height=\"31\" src=\"data:image\/svg+xml;base64,PHN2ZyB3aWR0aD0iMSIgaGVpZ2h0PSIxIiB4bWxucz0iaHR0cDovL3d3dy53My5vcmcvMjAwMC9zdmciPjwvc3ZnPg==\" style=\"--smush-placeholder-width: 88px; --smush-placeholder-aspect-ratio: 88\/31;\" \/><span style=\"line-height: 1.6;\">\u00a0<\/span><\/p>\n<table style=\"width: 100%;\" border=\"1\" cellspacing=\"1\" cellpadding=\"1\">\n<tbody>\n<tr>\n<td style=\"background-color: #568bbf;\"><strong><span style=\"color: #ffffff;\"><a href=\"https:\/\/alzira.es\/wp-content\/uploads\/2009\/11\/ACORD.pdf\" target=\"_blank\" rel=\"noopener\"><span style=\"color: #ffffff;\">ACUERDO DE CONDICIONES DE TRABAJO DEL PERSONAL FUNCIONARIO DE L&#8217;AJUNTAMENT D&#8217;ALZIRA<\/span><\/a><\/span><\/strong><\/td>\n<\/tr>\n<tr>\n<td><\/td>\n<\/tr>\n<tr>\n<td style=\"background-color: #568bbf;\"><a href=\"https:\/\/alzira.es\/wp-content\/uploads\/2009\/11\/CONVENI.pdf\" target=\"_blank\" rel=\"noopener\"><strong><span style=\"color: #ffffff;\">CONVENIO COLECTIVO DEL PERSONAL LABORAL DE L&#8217;AJUNTAMENT D&#8217;ALZIRA<\/span><\/strong><\/a><\/td>\n<\/tr>\n<tr>\n<td><span style=\"color: #ffffff;\"><strong>\u00a0<\/strong><\/span><\/td>\n<\/tr>\n<tr>\n<td style=\"background-color: #568bbf;\"><a href=\"https:\/\/alzira.es\/wp-content\/uploads\/2009\/11\/ReglamentValencia.pdf\" target=\"_blank\" rel=\"noopener\"><span style=\"color: #ffffff;\"><strong>REGLAMENTO DE USO Y NORMALIZACI\u00d3N DEL VALENCIANO EN LA CIUDAD DE ALZIRA\u00a0<\/strong><\/span><\/a><\/td>\n<\/tr>\n<tr>\n<td><\/td>\n<\/tr>\n<tr>\n<td style=\"background-color: #568bbf;\"><a href=\"https:\/\/alzira.es\/wp-content\/uploads\/2009\/11\/Equivalencias_titulacion.pdf\" target=\"_blank\" rel=\"noopener\"><span style=\"color: #ffffff;\"><strong>CUADROS DE EQUIVALENCIAS ENTRE T\u00cdTULOS DE SISTEMAS EDUCATIVOS ANTERIORES A LA LEY ORG\u00c1NICA 1\/1990, DE 3 DE OCTUBRE, DE ORDENACI\u00d3N GENERAL DEL SISTEMA EDUCATIVO CON EL GRADUADO ESCOLAR Y BACHILLER<\/strong><\/span><\/a><\/td>\n<\/tr>\n<tr>\n<td><\/td>\n<\/tr>\n<tr>\n<td style=\"background-color: #568bbf;\"><strong><span style=\"color: #ffffff;\"><a href=\"https:\/\/alzira.es\/wp-content\/uploads\/2009\/11\/Documento__Medidas_de_conciliacion_al_Cuerpo_de_la_Policia_Local_de_lAjuntament_dAlzira_.pdf\" target=\"_blank\" rel=\"noopener\"><span style=\"color: #ffffff;\">APLICACI\u00d3N DE MEDIDAS DE CONCILIACI\u00d3N EN EL CUERPO DE POLIC\u00cdA LOCAL DE ALZIRA<\/span><\/a><\/span><\/strong><\/td>\n<\/tr>\n<\/tbody>\n<\/table>\n","protected":false},"excerpt":{"rendered":"<p>Desde esta p\u00e1gina usted podr\u00e1 descargar archivos en formato WORD o PDF. Si no dispone de Acrobat Reader para abrir los PDF, puede descargarlo gratuitamente pulsando el siguiente icono: \u00a0 ACUERDO DE CONDICIONES DE TRABAJO DEL PERSONAL FUNCIONARIO DE L&#8217;AJUNTAMENT D&#8217;ALZIRA CONVENIO COLECTIVO DEL PERSONAL LABORAL DE L&#8217;AJUNTAMENT D&#8217;ALZIRA \u00a0 REGLAMENTO DE USO Y NORMALIZACI\u00d3N &hellip; <\/p>\n<p class=\"link-more\"><a href=\"https:\/\/alzira.es\/es\/servicios-municipales\/recursos-humanos\/normativa-empleo-publico\/\" class=\"more-link\">Continuar leyendo<span class=\"screen-reader-text\"> \u00abNormativa Empleo P\u00fablico\u00bb<\/span><\/a><\/p>\n","protected":false},"author":29,"featured_media":0,"parent":86783,"menu_order":0,"comment_status":"closed","ping_status":"closed","template":"","meta":{"_acf_changed":false,"footnotes":""},"class_list":["post-3579","page","type-page","status-publish","hentry"],"acf":[],"_links":{"self":[{"href":"https:\/\/alzira.es\/es\/wp-json\/wp\/v2\/pages\/3579","targetHints":{"allow":["GET"]}}],"collection":[{"href":"https:\/\/alzira.es\/es\/wp-json\/wp\/v2\/pages"}],"about":[{"href":"https:\/\/alzira.es\/es\/wp-json\/wp\/v2\/types\/page"}],"author":[{"embeddable":true,"href":"https:\/\/alzira.es\/es\/wp-json\/wp\/v2\/users\/29"}],"replies":[{"embeddable":true,"href":"https:\/\/alzira.es\/es\/wp-json\/wp\/v2\/comments?post=3579"}],"version-history":[{"count":1,"href":"https:\/\/alzira.es\/es\/wp-json\/wp\/v2\/pages\/3579\/revisions"}],"predecessor-version":[{"id":86833,"href":"https:\/\/alzira.es\/es\/wp-json\/wp\/v2\/pages\/3579\/revisions\/86833"}],"up":[{"embeddable":true,"href":"https:\/\/alzira.es\/es\/wp-json\/wp\/v2\/pages\/86783"}],"wp:attachment":[{"href":"https:\/\/alzira.es\/es\/wp-json\/wp\/v2\/media?parent=3579"}],"curies":[{"name":"wp","href":"https:\/\/api.w.org\/{rel}","templated":true}]}}