{"id":42540,"date":"2019-07-03T09:32:21","date_gmt":"2019-07-03T07:32:21","guid":{"rendered":"https:\/\/www.alzira.es\/clara-eugenia-aledon-jimenez-19-23-curriculum\/"},"modified":"2021-09-03T18:33:21","modified_gmt":"2021-09-03T16:33:21","slug":"clara-eugenia-aledon-jimenez-19-23-curriculum","status":"publish","type":"page","link":"https:\/\/www.alzira.es\/es\/ayuntamiento\/corporacion-y-gobierno-municipal\/clara-eugenia-aledon-jimenez-19-23-curriculum\/","title":{"rendered":"Clara Eugenia Aled\u00f3n Jim\u00e9nez (19-23) Curr\u00edculum"},"content":{"rendered":"\n<h3 class=\"wp-block-heading\"><strong>FORMACI\u00d3N ACAD\u00c9MICA <\/strong><\/h3>\n\n\n\n<ul class=\"wp-block-list\"><li>Licenciatura de <strong>Dret<\/strong>. Universidad CEU Cardenal Herrera (2015).<\/li><li>M\u00e1ster en el Ejercicio de la <strong>Abogac\u00eda<\/strong>. Universidad CEU Cardenal Herrera (2016).<\/li><li>M\u00e1ster en Derecho de los <strong>Negocios Internacionales<\/strong>. Universidad CEU Cardenal Herrera (2016).<\/li><li>M\u00e1ster en <strong>Urbanismo<\/strong>. ESNECA Business School (2018).<\/li><li>Curso de Experto en la <strong>Jurisdicci\u00f3n de Menores<\/strong>. ICAV (2016).<\/li><li>Curso de Experto en <strong>Derecho Animal<\/strong> en las \u00e1reas del Derecho Administrativo y Penal. C\u00e1tedra de la Profesora Raquel L\u00f3pez Teruel (2017-2018).<\/li><li>Curso de Experto en Procedimientos de <strong>Derecho de Familia<\/strong>. ICAV (2018).<\/li><\/ul>\n\n\n\n<h3 class=\"wp-block-heading\"><strong>EXPERIENCIA LABORAL<\/strong><\/h3>\n\n\n\n<ul class=\"wp-block-list\"><li>Abogada en Despacho Abogac\u00eda Especializada en Administraciones P\u00fablicas (Valencia, 2015-actualidad).<\/li><li>Abogada en Consultado de Kazajist\u00e1n. (Valencia, 2017-2019).<\/li><li>Abogada aut\u00f3noma en Despacho propio. (Alzira, 2017-actualidad).<\/li><\/ul>\n\n\n\n<h3 class=\"wp-block-heading\"><strong>OTRAS ACTIVIDADES <\/strong><\/h3>\n\n\n\n<ul class=\"wp-block-list\"><li>Miembro de la Secci\u00f3n de Derecho de los Animales del Ilustre Colegio de Abogados de Valencia (actualmente).<\/li><li>Secretaria General de la Junta Local Fallera de Alzira (2018-2019).<\/li><li>Presidenta de la Comisi\u00f3n de Juventud y Directiva de la Junta de Hermandades y Cofrad\u00edas de la Semana Santa de Alzira (2011-2019).<\/li><li>Vicepresidenta JOHC Espa\u00f1a, Encuentro Nacional de J\u00f3venes de Hermandades y Cofrad\u00edas (2018-2019).<\/li><\/ul>\n","protected":false},"excerpt":{"rendered":"<p>FORMACI\u00d3N ACAD\u00c9MICA Licenciatura de Dret. Universidad CEU Cardenal Herrera (2015). M\u00e1ster en el Ejercicio de la Abogac\u00eda. Universidad CEU Cardenal Herrera (2016). M\u00e1ster en Derecho de los Negocios Internacionales. Universidad CEU Cardenal Herrera (2016). M\u00e1ster en Urbanismo. ESNECA Business School (2018). Curso de Experto en la Jurisdicci\u00f3n de Menores. ICAV (2016). Curso de Experto en &hellip; <\/p>\n<p class=\"link-more\"><a href=\"https:\/\/www.alzira.es\/es\/ayuntamiento\/corporacion-y-gobierno-municipal\/clara-eugenia-aledon-jimenez-19-23-curriculum\/\" class=\"more-link\">Continuar leyendo<span class=\"screen-reader-text\"> \u00abClara Eugenia Aled\u00f3n Jim\u00e9nez (19-23) Curr\u00edculum\u00bb<\/span><\/a><\/p>\n","protected":false},"author":34,"featured_media":0,"parent":13558,"menu_order":39,"comment_status":"closed","ping_status":"closed","template":"","meta":{"_acf_changed":false,"footnotes":""},"class_list":["post-42540","page","type-page","status-publish","hentry"],"acf":[],"_links":{"self":[{"href":"https:\/\/www.alzira.es\/es\/wp-json\/wp\/v2\/pages\/42540","targetHints":{"allow":["GET"]}}],"collection":[{"href":"https:\/\/www.alzira.es\/es\/wp-json\/wp\/v2\/pages"}],"about":[{"href":"https:\/\/www.alzira.es\/es\/wp-json\/wp\/v2\/types\/page"}],"author":[{"embeddable":true,"href":"https:\/\/www.alzira.es\/es\/wp-json\/wp\/v2\/users\/34"}],"replies":[{"embeddable":true,"href":"https:\/\/www.alzira.es\/es\/wp-json\/wp\/v2\/comments?post=42540"}],"version-history":[{"count":1,"href":"https:\/\/www.alzira.es\/es\/wp-json\/wp\/v2\/pages\/42540\/revisions"}],"predecessor-version":[{"id":89415,"href":"https:\/\/www.alzira.es\/es\/wp-json\/wp\/v2\/pages\/42540\/revisions\/89415"}],"up":[{"embeddable":true,"href":"https:\/\/www.alzira.es\/es\/wp-json\/wp\/v2\/pages\/13558"}],"wp:attachment":[{"href":"https:\/\/www.alzira.es\/es\/wp-json\/wp\/v2\/media?parent=42540"}],"curies":[{"name":"wp","href":"https:\/\/api.w.org\/{rel}","templated":true}]}}