{"id":432,"date":"2010-11-19T15:39:03","date_gmt":"2010-11-19T14:39:03","guid":{"rendered":"https:\/\/alzira.es\/exposiciones\/"},"modified":"2024-10-17T13:11:41","modified_gmt":"2024-10-17T11:11:41","slug":"exposiciones","status":"publish","type":"page","link":"https:\/\/alzira.es\/es\/servicios-municipales\/museo-patrimonio-y-turismo\/museo\/exposiciones\/","title":{"rendered":"Exposiciones"},"content":{"rendered":"<p>El Museu Municipal d\u2019Alzira (MUMA) es va inaugurar el 1979 en les Escoles Pies. Els seus fons han anat incrementant-se fins a fer-se necessari millorar les instal\u00b7lacions, actualitzar els continguts i facilitar l\u2019acc\u00e9s. Hui es localitza al cor de La Vila, barri declarat B\u00e9 d\u2019Inter\u00e9s Cultural (BIC), en la categoria de conjunt hist\u00f2ric. L\u2019immoble, d\u2019estil goticorenaixentista, declarat B\u00e9 de Rellev\u00e0ncia Local (BRL), \u00e9s conegut com a Casa de l\u2019Empenyorament i com a Casa del Carb\u00f3. La ubicaci\u00f3 del museu a La Vila ha contribu\u00eft a potenciar el centre hist\u00f2ric de la ciutat. D\u2019esta manera, tant l\u2019un com l\u2019altre es complementaran i s\u2019entendran els dos com una mateixa extensi\u00f3 cultural.<\/p>\n<p>El MUMA presenta una doble vessant: com a continent \u00e9s una mostra de l\u2019arquitectura tradicional, complement de la visita al popular barri de La Vila. Com a contingut, conserva i mostra en les sales permanents i temporals les diferents etapes evolutives del poble i el paisatge d\u2019Alzira i de la comarca de la Ribera del X\u00faquer, des de les empremtes del passat fins a les noves tend\u00e8ncies cap al futur.<\/p>\n<p>L\u2019annexi\u00f3 al noble caser\u00f3 d\u2019un edifici de nova planta conforma l\u2019\u00e0mbit muse\u00edstic. La uni\u00f3 dels dos cossos, l\u2019antic i el modern, s\u2019estructura mitjan\u00e7ant el pati central, com a eix principal de comunicaci\u00f3 i dinamitzaci\u00f3 de les activitats culturals.<\/p>\n<p>El MUMA \u00e9s una finestra oberta que posa a l\u2019abast de tots els p\u00fablics els seus recursos per a con\u00e8ixer el passat, comprendre el present i preparar el futur. \u00c9s en si mateix un record de les societats precedents, una ullada al present i un llegat per a les generacions venidores. Com a centre d\u2019investigaci\u00f3 i gesti\u00f3 promou:<\/p>\n<ul>\n<li>L\u2019estudi i la protecci\u00f3 del patrimoni arqueol\u00f2gic i historicoart\u00edstic: prospeccions, excavacions, inventari i catalogaci\u00f3 de jaciments, dels materials i elements que els configuren i contextualitzen.<\/li>\n<li>La recuperaci\u00f3 dels vestigis de cultures i societats extingides, aix\u00ed com l\u2019enriquiment dels fons muse\u00edstics i culturals.<\/li>\n<li>La restauraci\u00f3 d\u2019obres d\u2019art, aix\u00ed com l\u2019adequada conservaci\u00f3 dels b\u00e9ns culturals p\u00fablics i privats.<\/li>\n<li>La conservaci\u00f3 dels b\u00e9ns mobles i immobles que formen part del nostre llegat historicoart\u00edstic i s\u00f3n signes de la identitat local.<\/li>\n<li>La divulgaci\u00f3 dels b\u00e9ns culturals mitjan\u00e7ant les exposicions permanents i\/o temporals en la seua seu; d\u2019exposicions itinerants pels centres educatius i altres sales d\u2019associacions culturals; visites guiades; seminaris, xerrades i col\u00b7loquis; taller i activitats did\u00e0ctiques; publicacions divulgatives de cat\u00e0legs, guies, fullets, DVD\u2019s, cartells, etc.<\/li>\n<\/ul>\n<p>Al rebedor, la consergeria i un directori ajuden a planificar la visita. Un finestral arqueol\u00f2gic permet visualitzar el primitiu paviment, aix\u00ed com testimonis dels murs originals.<\/p>\n<p>La Sala d\u2019Audiovisuals exposa, segons els per\u00edodes, v\u00eddeos tem\u00e0tics d\u2019Alzira. Una maqueta ens mostra \u201cl\u2019Illa del X\u00faquer\u201d, la Vila. Una suggerent representaci\u00f3 amb el riu envoltant la poblaci\u00f3, rememorant l\u2019Alzira que es troba soterrada, les arrels de l\u2019actual ciutat, que es complementa amb la mostra de cartografia que l\u2019envolta.<\/p>\n<p>La visita continua per la sala \u201cMur Isl\u00e0mico\u201d. Creuant la passarel\u00b7la trobem, a manera d\u2019una excavaci\u00f3 simulada, el m\u00e8tode arqueol\u00f2gic recuperant la hist\u00f2ria del subs\u00f2l. Presideix la sala el mur del s. XII o XIII d\u2019interessant decoraci\u00f3, descobert en excavacions arqueol\u00f2giques. Un audiovisual completa l\u2019exposici\u00f3.<\/p>\n<p>El distribu\u00efdor central, situat junt a l\u2019escala i l\u2019ascensor principal, d\u00f3na pas al recorregut pel MUMA, tant per les sales permanents com per les temporals monogr\u00e0fiques, per a con\u00e9ixer la hist\u00f2ria, la cultura, la societat, les festes, les tradicions\u2026 Ens trobem amb un museu representatiu d\u2019Alzira, del seu entorn i de la seua societat. Un monitor facilita informaci\u00f3, actualitzada peri\u00f2dicament, del MUMA, d\u2019Alzira i altres dades d\u2019inter\u00e9s.<\/p>\n<p>A la primera planta, la sala \u201cSucro\u201d, amb fons de les col\u00b7leccions muse\u00edstiques: des de la prehist\u00f2ria, passant per les \u00e8poques ibero-romana i medieval, distingint la musulmana de la cristiana, fins al segle XV. Materials arqueol\u00f2gics del municipi en la comarca de la Ribera Alta, com a mostra de l\u2019assentament hum\u00e0 en les terres del X\u00faquer; acompanyats d\u2019altres manifestacions historicoart\u00edstiques. Seguim per la sala \u201cL\u2019Apostolat\u201d i la sala \u201cEnrique N\u00fa\u00f1ez\u201d on continua el recorregut cronol\u00f2gic i cultural fins el segle XIX, amb restes arqueol\u00f2giques i obres art\u00edstiques dels \u00e0mbits p\u00fablic urb\u00e0, conventual o dom\u00e8stic. En esta mateixa planta es troba el Sal\u00f3 d\u2019Actes, amb un sistema audiovisual per a usos m\u00faltiples.<\/p>\n<p>A la segona planta s\u2019ubiquen diverses obres art\u00edstiques, pict\u00f2riques i escult\u00f2riques a les sales \u201cTeodoro Andreu\u201d i \u201cLa Cambra\u201d, a m\u00e9s de l\u2019Oficina per la gesti\u00f3 i l\u2019atenci\u00f3 d\u2019usuaris. Tamb\u00e9 una Biblioteca especialitzada i l\u2019Arxiu documental i fotogr\u00e0fic on personal investigador pot consultar els fons per a la elaboraci\u00f3 de treballs i estudis.<\/p>\n<p>El final del recorregut ens torna a la planta baixa, on la botiga del MUMA posa al seu abast records, cat\u00e0legs, publicacions, edicions digitals de v\u00eddeo i m\u00fasica\u2026<\/p>\n","protected":false},"excerpt":{"rendered":"<p>El Museu Municipal d\u2019Alzira (MUMA) es va inaugurar el 1979 en les Escoles Pies. Els seus fons han anat incrementant-se fins a fer-se necessari millorar les instal\u00b7lacions, actualitzar els continguts i facilitar l\u2019acc\u00e9s. Hui es localitza al cor de La Vila, barri declarat B\u00e9 d\u2019Inter\u00e9s Cultural (BIC), en la categoria de conjunt hist\u00f2ric. L\u2019immoble, d\u2019estil &hellip; <\/p>\n<p class=\"link-more\"><a href=\"https:\/\/alzira.es\/es\/servicios-municipales\/museo-patrimonio-y-turismo\/museo\/exposiciones\/\" class=\"more-link\">Continuar leyendo<span class=\"screen-reader-text\"> \u00abExposiciones\u00bb<\/span><\/a><\/p>\n","protected":false},"author":29,"featured_media":0,"parent":430,"menu_order":0,"comment_status":"closed","ping_status":"closed","template":"","meta":{"_acf_changed":false,"footnotes":""},"class_list":["post-432","page","type-page","status-publish","hentry"],"acf":[],"_links":{"self":[{"href":"https:\/\/alzira.es\/es\/wp-json\/wp\/v2\/pages\/432","targetHints":{"allow":["GET"]}}],"collection":[{"href":"https:\/\/alzira.es\/es\/wp-json\/wp\/v2\/pages"}],"about":[{"href":"https:\/\/alzira.es\/es\/wp-json\/wp\/v2\/types\/page"}],"author":[{"embeddable":true,"href":"https:\/\/alzira.es\/es\/wp-json\/wp\/v2\/users\/29"}],"replies":[{"embeddable":true,"href":"https:\/\/alzira.es\/es\/wp-json\/wp\/v2\/comments?post=432"}],"version-history":[{"count":2,"href":"https:\/\/alzira.es\/es\/wp-json\/wp\/v2\/pages\/432\/revisions"}],"predecessor-version":[{"id":155075,"href":"https:\/\/alzira.es\/es\/wp-json\/wp\/v2\/pages\/432\/revisions\/155075"}],"up":[{"embeddable":true,"href":"https:\/\/alzira.es\/es\/wp-json\/wp\/v2\/pages\/430"}],"wp:attachment":[{"href":"https:\/\/alzira.es\/es\/wp-json\/wp\/v2\/media?parent=432"}],"curies":[{"name":"wp","href":"https:\/\/api.w.org\/{rel}","templated":true}]}}