{"id":4561,"date":"2009-02-18T15:18:00","date_gmt":"2009-02-18T14:18:00","guid":{"rendered":"https:\/\/alzira.es\/calendario-de-fiestas\/"},"modified":"2021-07-23T19:48:53","modified_gmt":"2021-07-23T17:48:53","slug":"calendario-de-fiestas","status":"publish","type":"page","link":"https:\/\/alzira.es\/es\/la-ciudad\/fiestas-y-tradiciones\/calendario-de-fiestas\/","title":{"rendered":"Calendario de Fiestas"},"content":{"rendered":"<p><strong><span style=\"color: #9b1f2e;\"><strong>REYES MAGOS<\/strong><\/span><\/strong><\/p>\n<p><strong><em>5 de enero<\/em><\/strong><\/p>\n<p>Gran cabalgata que recorre las principales calles y plazad de la ciudad.<\/p>\n<hr \/>\n<p><strong><span style=\"color: #9b1f2e;\"><strong>SAN ANTONIO ABAD<\/strong><\/span><\/strong><\/p>\n<p><strong><em>Tercera semana de enero<\/em><\/strong><\/p>\n<p>Calles Hort dels frares, Reyes Cat\u00f3licos y adyacentes. Hogueras. Subida por las caballer\u00edas de los escalones de las Escuelas P\u00edas y bendici\u00f3n de animales.<\/p>\n<hr \/>\n<p><strong><span style=\"color: #9b1f2e;\"><strong>LA CANDELARIA <\/strong><\/span><\/strong><\/p>\n<p><strong><em>2 de febrero<\/em><\/strong><\/p>\n<p>En todas las parroquias y con mayor esplendor, precedidas de triduo, en San Juan Bautista, Nuestra Se\u00f1ora del Lluch y Santa Catalina (a la Virgen de la Murta).<\/p>\n<hr \/>\n<p><strong><span style=\"color: #9b1f2e;\"><strong>NUESTRA SE\u00d1ORA DEL LLUCH<\/strong> <\/span><\/strong><\/p>\n<p><strong><em>Tercer domingo de mayo <\/em><\/strong><\/p>\n<p>Ofrenda de flores y frutos a la patrona en su Santuario.<\/p>\n<hr \/>\n<p><strong><span style=\"color: #9b1f2e;\"><strong>VIRGEN DE LA MURTA<\/strong><\/span><\/strong><\/p>\n<p><strong><em>Ultimo domingo de mayo<\/em><\/strong><\/p>\n<p>Peregrinaci\u00f3n al valle y misa romera con reparto de pan bendito junto a las ruinas del monasterio de los padres jer\u00f3nimos.<\/p>\n<hr \/>\n<p><strong><span style=\"color: #9b1f2e;\"><strong>SAN BERNAB\u00c9, AP\u00d3STOL<\/strong><\/span><\/strong><\/p>\n<p><strong><em>Segunda semana de junio<\/em><\/strong><\/p>\n<p>Partida de San Bernab\u00e9. Popular porrat junto a la ermita del santo.<\/p>\n<hr \/>\n<p><strong><span style=\"color: #9b1f2e;\"><strong>SAN PEDRO, AP\u00d3STOL<\/strong><\/span><\/strong><\/p>\n<p><strong><em>\u00daltima semana de junio<\/em><\/strong><\/p>\n<p>Calles Pastora, Murta y adyacentes.<\/p>\n<hr \/>\n<p><strong><span style=\"color: #9b1f2e;\"><strong>SAN CRIST\u00d3BAL<\/strong><\/span><\/strong><\/p>\n<p><strong><em>Segundo s\u00e1bado de julio<\/em><\/strong><\/p>\n<p>Organizadas por el gremio de transportistas. Bendici\u00f3n de veh\u00edculos.<\/p>\n<hr \/>\n<p><strong><span style=\"color: #9b1f2e;\"><strong>SAN BERNARDO, MAR\u00cdA Y GRACIA<\/strong><\/span><\/strong><\/p>\n<p><strong><em>Del 14 al 23 de julio<\/em><\/strong><\/p>\n<p>Fiestas patronales. Religiosas con novenario en el templo de Santa Catalina y l\u00fadicas, patrocinadas por el Ayuntamiento, en diversos espacios p\u00fablicos de la ciudad. Festivales musicales por la noche en el campo de deportes de Venecia.<\/p>\n<hr \/>\n<p><strong><span style=\"color: #9b1f2e;\"><strong>VIRGEN DE LOS ANGELES<\/strong><\/span><\/strong><\/p>\n<p><strong><em>Primera semana de agosto<\/em><\/strong><\/p>\n<p>Calles del barrio de la Vila y Avinguda Lluis Su\u00f1er. Veladas musicales.<\/p>\n<hr \/>\n<p><strong><span style=\"color: #9b1f2e;\"><strong>VIRGEN DEL ROSARIO<\/strong><\/span><\/strong><\/p>\n<p><strong><em>Primera semana de agosto<\/em><\/strong><\/p>\n<p>Una vez cada tres a\u00f1os en las partidas de Vilella, Frac\u00e0- Valletes de Bru y Cementeri.<\/p>\n<hr \/>\n<p><strong><span style=\"color: #9b1f2e;\"><strong>CRISTO DE LA VIRGEN MAR\u00cdA<\/strong><\/span><\/strong><\/p>\n<p><strong><em>Primera semana de agosto<\/em><\/strong><\/p>\n<p>Arrabal de Santa Maria (Les Barraques).<\/p>\n<hr \/>\n<p><strong><span style=\"color: #9b1f2e;\"><strong>CRISTO DEL RACO DE LES VINYES<\/strong><\/span><\/strong><\/p>\n<p><strong><em>Primera semana de agosto<\/em><\/strong><\/p>\n<p>Partida del Rac\u00f3 de les Vinyes.<\/p>\n<hr \/>\n<p><strong><span style=\"color: #9b1f2e;\"><strong>EL SALVADOR<\/strong><\/span><\/strong><\/p>\n<p><strong><em>Primera semana de agosto<\/em><\/strong><\/p>\n<p>Muntanyeta del Salvador.<\/p>\n<hr \/>\n<p><strong><span style=\"color: #9b1f2e;\"><strong>CRISTO DE LA VIRGEN MAR\u00cdA<\/strong><\/span><\/strong><\/p>\n<p><strong><em>Primera semana de agosto<\/em><\/strong><\/p>\n<p>Calles Paz y Olivo.<\/p>\n<hr \/>\n<p><strong><span style=\"color: #9b1f2e;\"><strong>CRISTO DEL SAVEG\u00d3<\/strong><\/span><\/strong><\/p>\n<p><strong><em>Primera semana de agosto<\/em><\/strong><\/p>\n<p>Partida del Xaveg\u00f3.<\/p>\n<hr \/>\n<p><strong><span style=\"color: #9b1f2e;\"><strong>SAN ROQUE<\/strong><\/span><\/strong><\/p>\n<p><strong><em>Segunda semana de agosto<\/em><\/strong><\/p>\n<p>Barrio de la Vila y calles adyacentes ala de San Roque.<\/p>\n<hr \/>\n<p><strong><span style=\"color: #9b1f2e;\"><strong>SAN LORENZO, M\u00c1RTIR<\/strong><\/span><\/strong><\/p>\n<p><strong><em>Primera quincena de agosto<\/em><\/strong><\/p>\n<p>Barrio de Santa Mar\u00eda de Bonaire. (La Graella).<\/p>\n<hr \/>\n<p><strong><span style=\"color: #9b1f2e;\"><strong>SANTOS BERNARDO, MAR\u00cdA Y GRACIA<\/strong><\/span><\/strong><\/p>\n<p><strong><em>Primera quincena de agosto<\/em><\/strong><\/p>\n<p>Urbanizaci\u00f3n \u00abSan Bernardo de la Murta.<\/p>\n<hr \/>\n<p><strong><span style=\"color: #9b1f2e;\"><strong>COLONIA SANTA MARINA<\/strong><\/span><\/strong><\/p>\n<p><strong><em>15 de agosto<\/em><\/strong><\/p>\n<p>Urbanizaci\u00f3n Santa Marina de la Barraca d&#8217;Aig\u00fces Vives.<\/p>\n<hr \/>\n<p><strong><span style=\"color: #9b1f2e;\"><strong>FORN DE CARRASCOSA<\/strong><\/span><\/strong><\/p>\n<p><strong><em>Segunda quincena de agosto<\/em><\/strong><\/p>\n<p>Casas del Forn de Carrascosa.<\/p>\n<hr \/>\n<p><strong><span style=\"color: #9b1f2e;\"><strong>VIRGEN DEL ROSARIO<\/strong><\/span><\/strong><\/p>\n<p><strong><em>Ultima semana de agosto<\/em><\/strong><\/p>\n<p>Partidas de Vallverd,La Coma, Tisneres y Xixer\u00e0.<\/p>\n<hr \/>\n<p><strong><span style=\"color: #9b1f2e;\"><strong>ANGEL DE LA GUARDA<\/strong><\/span><\/strong><\/p>\n<p><strong><em>Primera semana de septiembre<\/em><\/strong><\/p>\n<p>Plaza de la Malva y calles adyacentes. Fiesta de los ni\u00f1os.<\/p>\n<hr \/>\n<p><strong><span style=\"color: #9b1f2e;\"><strong>VIRGEN DE AGUAS VIVAS<\/strong><\/span><\/strong><\/p>\n<p><strong><em>8 al 12 de septiembre<\/em><\/strong><\/p>\n<p>La Barraca d&#8217;Aig\u00fces Vives.<\/p>\n<hr \/>\n<p><strong><span style=\"color: #9b1f2e;\"><strong>NUESTRA SE\u00d1ORA DEL LLUCH<\/strong><\/span><\/strong><\/p>\n<p><strong><em>Segunda quincena de septiembre<\/em><\/strong><\/p>\n<p>Fiestas patronales. Religiosas con Novenario en el Santuario. Bajada de la Virgen a la ciudad. S\u00edmulacro del hallazgo en el parque de las Murallas. Processoneta del mati. Bailes y danzas locales. Misa Mayor y procesi\u00f3n de retorno.<\/p>\n<hr \/>\n<p><strong><span style=\"color: #9b1f2e;\"><strong>SAN FRANCISCO DE AS\u00cdS<\/strong><\/span><\/strong><\/p>\n<p><strong><em>Primera semana de octubre<\/em><\/strong><\/p>\n<p>Barriada de L &#8216; Alquerieta.<\/p>\n<hr \/>\n<p><strong><span style=\"color: #9b1f2e;\"><strong>CRISTO DE LOS ALFAREROS<\/strong><\/span><\/strong><\/p>\n<p><strong><em>Primera semana de octubre<\/em><\/strong><\/p>\n<p>Calles del Dos de Mayo, Alfareros y adyacentes.<\/p>\n<hr \/>\n<p><strong><span style=\"color: #9b1f2e;\"><strong>SAN JUDAS TADEO<\/strong><\/span><\/strong><\/p>\n<p><strong><em>Ultima semana de octubre<\/em><\/strong><\/p>\n<p>Calles alrededor de la ermita en la Plaza del Pont de X\u00e0tiva.<\/p>\n<hr \/>\n<p><strong><span style=\"color: #9b1f2e;\"><strong>SANTA CECILIA<\/strong><\/span><\/strong><\/p>\n<p><strong><em>Segunda quincena de noviembre<\/em><\/strong><\/p>\n<p>Organizadas por la Sociedad Musical de Alzira. Conciertos.<\/p>\n<hr \/>\n<p><strong><span style=\"color: #9b1f2e;\"><strong>SAN SILVESTRE<\/strong><\/span><\/strong><\/p>\n<p><strong><em>30 de diciembre<\/em><\/strong><\/p>\n<p>Aniversario de la entrada de Jaime I en Alzira. Tedeum. Procesi\u00f3n c\u00edvica acompa\u00f1ando ala bandera de la ciudad. Ofrenda al monumento al rey conquistador.<\/p>\n","protected":false},"excerpt":{"rendered":"<p>REYES MAGOS 5 de enero Gran cabalgata que recorre las principales calles y plazad de la ciudad. SAN ANTONIO ABAD Tercera semana de enero Calles Hort dels frares, Reyes Cat\u00f3licos y adyacentes. Hogueras. Subida por las caballer\u00edas de los escalones de las Escuelas P\u00edas y bendici\u00f3n de animales. LA CANDELARIA 2 de febrero En todas &hellip; <\/p>\n<p class=\"link-more\"><a href=\"https:\/\/alzira.es\/es\/la-ciudad\/fiestas-y-tradiciones\/calendario-de-fiestas\/\" class=\"more-link\">Continuar leyendo<span class=\"screen-reader-text\"> \u00abCalendario de Fiestas\u00bb<\/span><\/a><\/p>\n","protected":false},"author":12,"featured_media":4541,"parent":4511,"menu_order":0,"comment_status":"closed","ping_status":"closed","template":"","meta":{"_acf_changed":false,"footnotes":""},"class_list":["post-4561","page","type-page","status-publish","has-post-thumbnail","hentry"],"acf":[],"_links":{"self":[{"href":"https:\/\/alzira.es\/es\/wp-json\/wp\/v2\/pages\/4561","targetHints":{"allow":["GET"]}}],"collection":[{"href":"https:\/\/alzira.es\/es\/wp-json\/wp\/v2\/pages"}],"about":[{"href":"https:\/\/alzira.es\/es\/wp-json\/wp\/v2\/types\/page"}],"author":[{"embeddable":true,"href":"https:\/\/alzira.es\/es\/wp-json\/wp\/v2\/users\/12"}],"replies":[{"embeddable":true,"href":"https:\/\/alzira.es\/es\/wp-json\/wp\/v2\/comments?post=4561"}],"version-history":[{"count":2,"href":"https:\/\/alzira.es\/es\/wp-json\/wp\/v2\/pages\/4561\/revisions"}],"predecessor-version":[{"id":83320,"href":"https:\/\/alzira.es\/es\/wp-json\/wp\/v2\/pages\/4561\/revisions\/83320"}],"up":[{"embeddable":true,"href":"https:\/\/alzira.es\/es\/wp-json\/wp\/v2\/pages\/4511"}],"wp:featuredmedia":[{"embeddable":true,"href":"https:\/\/alzira.es\/es\/wp-json\/wp\/v2\/media\/4541"}],"wp:attachment":[{"href":"https:\/\/alzira.es\/es\/wp-json\/wp\/v2\/media?parent=4561"}],"curies":[{"name":"wp","href":"https:\/\/api.w.org\/{rel}","templated":true}]}}