{"id":516,"date":"2010-12-09T10:10:46","date_gmt":"2010-12-09T09:10:46","guid":{"rendered":"https:\/\/www.alzira.es\/lugares-de-interes\/"},"modified":"2021-08-30T16:19:37","modified_gmt":"2021-08-30T14:19:37","slug":"lugares-de-interes","status":"publish","type":"page","link":"https:\/\/www.alzira.es\/es\/servicios-municipales\/museo-patrimonio-y-turismo\/turismo\/lugares-de-interes\/","title":{"rendered":"Lugares de interer\u00e9s"},"content":{"rendered":"<p>Aqu\u00ed encontrar\u00e1 dos secciones de su inter\u00e9s:<\/p>\n<ul>\n<li>Alzira Monumental: los monumentos hist\u00f3ricos de la zona de la Vila.<\/li>\n<li>Ciudad moderna: zonas de inter\u00e9s m\u00e1s recientes.<\/li>\n<\/ul>\n\n\n<h2 class=\"wp-block-heading\">Ciudad Moderna<\/h2>\n\n\n\n<p><strong>MONUMENTO AL LABRADOR<\/strong>. Plaza del Reino. Monumento dedicado al labrador y a la fertilidad de la tierra, obra de Octavio Vicent, 1972. <strong>\u00abAlzira: Origen, Patria y Lonja de la Naranja y su Comercio, a\u00f1o 1517\u00bb.<\/strong><\/p>\n\n\n\n<p><strong>GRAN TEATRO<\/strong>. Edificio modernista de principios del siglo XX donde destaca su interesante interior.<br>&nbsp;<\/p>\n\n\n\n<p><strong>CHIMENEA INDUSTRIAL<\/strong>. Antigua f\u00e1brica de material de construcci\u00f3n de 1912.<br>&nbsp;<\/p>\n\n\n\n<p><strong>CONVENTO DE CAPUCHINOS<\/strong>. C\/ Hospital: Antiguo convento construido en el siglo XVII. M\u00e1s tarde se a\u00f1adi\u00f3 la iglesia de la Encarnaci\u00f3n, s. XVIII. Destacan el retablo de la fachada, los paneles cer\u00e1micos del interior y los pasos procesionales de Semana Santa.<br>&nbsp;<\/p>\n\n\n\n<p><strong>MONUMENTO A JAIME I<\/strong>. Plaza de San Judas. Estatua de Jaime I realizada por el artista local Enrique Caster\u00e0 en 1956.<br>&nbsp;<\/p>\n\n\n\n<p><strong>MONUMENTO A LA MADRE<\/strong>. Confluencia Santos Patronos &#8211; Sucro. Escultura en bronce de Jos\u00e9 Gonzalvo, 2006.<br>&nbsp;<\/p>\n\n\n\n<p><strong>INFANTA MARGARITA<\/strong>. Plaza de la Generalitat. Escultura en bronce de una de las populares meninas de Manuel Vald\u00e9s.<br>&nbsp;<\/p>\n\n\n\n<p><strong>PLAZA MAYOR<\/strong>. Este espacio es el centro neur\u00e1lgico de Alzira y disfruta de un buen ambiente.<br>&nbsp;<\/p>\n\n\n\n<p><strong>C\u00cdRCULO ALCIRE\u00d1O<\/strong>. C\/ Escuelas P\u00edas. Edificio conocido popularmente como La Gallera. El centro recreativo fue construido en 1882 a instancias de la burgues\u00eda agraria y ha sufrido grandes reformas a lo largo de los a\u00f1os. Del inmueble destacan el Sal\u00f3n Valenciano, el Sal\u00f3n Dorado, el Sal\u00f3n \u00c1rabe y la escalera.<br>&nbsp;<\/p>\n\n\n\n<p><strong>ESCUELAS PIAS. CASA DE LA CULTURA Y BIBLIOTECA<\/strong>. Imponente edificio construido en 1874 para la ense\u00f1anza. Destaca la fachada, el claustro y la amplia escalinata. Alberga instalaciones municipales: Sala de Exposiciones, el Centro de Informaci\u00f3n Juvenil, la emisora de Radio y la Biblioteca.<br>&nbsp;<\/p>\n\n\n\n<p><strong>PALMERA<\/strong>. En la rotonda de la calle Gandia, una art\u00edstica palmera de cer\u00e1mica, con diversos motivos decorativos, realizada por la ceramista alzire\u00f1a M\u00aa. Victoria G\u00f3mez de las Heras.<br>&nbsp;<\/p>\n\n\n\n<p><strong>FLOR DE INVENTARIO<\/strong>. En el peque\u00f1o parque situado entre la intersecci\u00f3n de la calle Gandia con la avenida Vicente Vidal, preside una moderna escultura del artista Salvador Moll\u00e0.<\/p>\n","protected":false},"excerpt":{"rendered":"<p>Aqu\u00ed encontrar\u00e1 dos secciones de su inter\u00e9s: Alzira Monumental: los monumentos hist\u00f3ricos de la zona de la Vila. Ciudad moderna: zonas de inter\u00e9s m\u00e1s recientes. Ciudad Moderna MONUMENTO AL LABRADOR. Plaza del Reino. Monumento dedicado al labrador y a la fertilidad de la tierra, obra de Octavio Vicent, 1972. \u00abAlzira: Origen, Patria y Lonja de &hellip; <\/p>\n<p class=\"link-more\"><a href=\"https:\/\/www.alzira.es\/es\/servicios-municipales\/museo-patrimonio-y-turismo\/turismo\/lugares-de-interes\/\" class=\"more-link\">Continuar leyendo<span class=\"screen-reader-text\"> \u00abLugares de interer\u00e9s\u00bb<\/span><\/a><\/p>\n","protected":false},"author":29,"featured_media":0,"parent":508,"menu_order":0,"comment_status":"closed","ping_status":"closed","template":"","meta":{"_acf_changed":false,"footnotes":""},"class_list":["post-516","page","type-page","status-publish","hentry"],"acf":[],"_links":{"self":[{"href":"https:\/\/www.alzira.es\/es\/wp-json\/wp\/v2\/pages\/516","targetHints":{"allow":["GET"]}}],"collection":[{"href":"https:\/\/www.alzira.es\/es\/wp-json\/wp\/v2\/pages"}],"about":[{"href":"https:\/\/www.alzira.es\/es\/wp-json\/wp\/v2\/types\/page"}],"author":[{"embeddable":true,"href":"https:\/\/www.alzira.es\/es\/wp-json\/wp\/v2\/users\/29"}],"replies":[{"embeddable":true,"href":"https:\/\/www.alzira.es\/es\/wp-json\/wp\/v2\/comments?post=516"}],"version-history":[{"count":1,"href":"https:\/\/www.alzira.es\/es\/wp-json\/wp\/v2\/pages\/516\/revisions"}],"predecessor-version":[{"id":86539,"href":"https:\/\/www.alzira.es\/es\/wp-json\/wp\/v2\/pages\/516\/revisions\/86539"}],"up":[{"embeddable":true,"href":"https:\/\/www.alzira.es\/es\/wp-json\/wp\/v2\/pages\/508"}],"wp:attachment":[{"href":"https:\/\/www.alzira.es\/es\/wp-json\/wp\/v2\/media?parent=516"}],"curies":[{"name":"wp","href":"https:\/\/api.w.org\/{rel}","templated":true}]}}