{"id":7397,"date":"2014-05-26T09:05:34","date_gmt":"2014-05-26T07:05:34","guid":{"rendered":"https:\/\/alzira.es\/educacion-3\/"},"modified":"2021-08-29T11:49:23","modified_gmt":"2021-08-29T09:49:23","slug":"educacion-asociaciones-y-entidades","status":"publish","type":"page","link":"https:\/\/alzira.es\/es\/la-ciudad\/telefonos-de-interes\/educacion-asociaciones-y-entidades\/","title":{"rendered":"Educaci\u00f3n &#8211; Asociaciones y entidades"},"content":{"rendered":"<p style=\"text-align: right;\">&nbsp;<a href=\"#INICIO\"><img decoding=\"async\" class=\"size-full wp-image-7371 lazyload\" data-src=\"https:\/\/alzira.es\/wp-content\/uploads\/2014\/05\/circuloFlechitaSubir1.gif\" alt=\"\u00cdndice directorio telef\u00f3nico\" width=\"25\" height=\"25\" src=\"data:image\/svg+xml;base64,PHN2ZyB3aWR0aD0iMSIgaGVpZ2h0PSIxIiB4bWxucz0iaHR0cDovL3d3dy53My5vcmcvMjAwMC9zdmciPjwvc3ZnPg==\" style=\"--smush-placeholder-width: 25px; --smush-placeholder-aspect-ratio: 25\/25;\"><\/a><\/p>\n<table style=\"width: 400px;\" border=\"1\" cellspacing=\"1\" cellpadding=\"1\" align=\"center\">\n<tbody>\n<tr>\n<td>\n<p style=\"text-align: center;\"><a name=\"educacion\"><\/a>EDUCACI\u00d3N<\/p>\n<\/td>\n<\/tr>\n<\/tbody>\n<\/table>\n<p style=\"text-align: left;\">&nbsp;<\/p>\n<table border=\"1\" cellspacing=\"1\" cellpadding=\"1\" align=\"center\">\n<tbody>\n<tr>\n<td>ACADEMIA X\u00daQUER<br \/>\nC\/ Blasco, 17<\/td>\n<td>96 241 21 85<\/td>\n<\/tr>\n<tr>\n<td>ADISPAC (Centro Ocupacional La Ribera)<br \/>\nTrav. de Benicull, s\/n<\/td>\n<td>96 240 50 48<\/td>\n<\/tr>\n<tr>\n<td>BRITISH SCHOOL ALZIRA<br \/>\nLa Barraca d&#8217;Aig\u00fces Vives<\/td>\n<td>96 258 93 68<\/td>\n<\/tr>\n<tr>\n<td>C.P. ALBORX\u00cd<br \/>\nAv. Luis Su\u00f1er, s\/n<\/td>\n<td>96 241 07 21<\/td>\n<\/tr>\n<tr>\n<td>C.P. AUSI\u00c0S MARCH<br \/>\nAv. Vicente Vidal, 16<\/td>\n<td>96 241 38 79<\/td>\n<\/tr>\n<tr>\n<td>C.P. BLASCO IB\u00c1\u00d1EZ<br \/>\nC\/ Maestro Moscard\u00f3, 34<\/td>\n<td>96 241 77 36<\/td>\n<\/tr>\n<tr>\n<td>C.P. FEDERICO GARC\u00cdA LORCA<br \/>\nC\/ Jos\u00e9 M\u00aa Llopico, 12<\/td>\n<td>96 241 14 10<\/td>\n<\/tr>\n<tr>\n<td>C.P. GARC\u00cdA S\u00c1NCHIZ<br \/>\nC\/ Virgen del Lluch, 2<\/td>\n<td>96 241 61 79<\/td>\n<\/tr>\n<tr>\n<td>C.P. LLU\u00cdS VIVES<br \/>\nPartida Tulell, s\/n<\/td>\n<td>96 241 01 60<\/td>\n<\/tr>\n<tr>\n<td>C.P. MARIA D&#8217;AIG\u00dcES VIVES<br \/>\nC\/ Milagros V\u00e9lez, 4. La Barraca de Aguas Vivas<\/td>\n<td>96 258 92 29<\/td>\n<\/tr>\n<tr>\n<td>C.P. PINTOR ANDREU<br \/>\nC\/ Massalav\u00e9s, s\/n.&nbsp;<\/td>\n<td>96 245 80 25<\/p>\n<p>96 245 80 26<\/td>\n<\/tr>\n<tr>\n<td>C.P. TIRANT LO BLANCH<br \/>\nC\/ Cruz Roja, s\/n<\/td>\n<td>96 241 02 09<\/td>\n<\/tr>\n<tr>\n<td>CEFIRE (Centro Formaci\u00f3n Innovaci\u00f3n y Recursos Educativos de Alzira)<br \/>\nPl. Cassass\u00fas, 4<\/td>\n<td>96 240 43 26<\/td>\n<\/tr>\n<tr>\n<td>CENTRO DE EDUCACI\u00d3N ESPECIAL<br \/>\nAv. dels Esports, s\/n<\/td>\n<td>96 240 30 47<\/td>\n<\/tr>\n<tr>\n<td>CENTRO DE EDUCACI\u00d3N PERMANENTE DE ADULTOS \u00abENRIC VALOR\u00bb<br \/>\nC\/ Ronda d&#8217;Algemes\u00ed, 2<\/td>\n<td>96 241 06 69<\/td>\n<\/tr>\n<tr>\n<td>EMPROJECT (ingl\u00e9s-inform\u00e1tica)<br \/>\nPl. Reino 5, entresuelo<\/td>\n<td>96 240 02 89<\/td>\n<\/tr>\n<tr>\n<td>ESCOLA TALLER<br \/>\nC\/ Ronda d&#8217;Algemes\u00ed<\/td>\n<td>96 241 90 54<\/td>\n<\/tr>\n<tr>\n<td>ESCOLETA INFANTS<br \/>\nC\/ Trafalgar, 69<\/td>\n<td>96 240 47 50<\/td>\n<\/tr>\n<tr>\n<td>ESCOLETA LA MUNTANYETA<br \/>\nSubida al Santuario, s\/n<\/td>\n<td>96 241 40 59<\/td>\n<\/tr>\n<tr>\n<td>ESCOLETA TULELL<br \/>\nPartida Tulell, s\/n<\/td>\n<td>96 240 17 27<\/td>\n<\/tr>\n<tr>\n<td>ESCUELA OFICIAL DE IDIOMAS<br \/>\nC\/ Riola, 9<\/td>\n<td>96 241 58 50<\/td>\n<\/tr>\n<tr>\n<td>IES JOS\u00c9 M\u00aa PARRA<br \/>\nC\/ Dr. Francesc Bono, 3<\/td>\n<td>96 240 32 61<\/td>\n<\/tr>\n<tr>\n<td>IES LUIS SU\u00d1ER<br \/>\nAv. dels Esports, s\/n<\/td>\n<td>96 240 34 61<\/td>\n<\/tr>\n<tr>\n<td>IES REY DON JAIME<br \/>\nC\/ Gand\u00eda, s\/n<\/td>\n<td>96 241 08 08<\/td>\n<\/tr>\n<tr>\n<td>LA PUR\u00cdSIMA<br \/>\nPartida Tulell, s\/n<\/td>\n<td>96 241 12 39<\/td>\n<\/tr>\n<tr>\n<td>SAGRADA FAMILIA<br \/>\nPl. Sagrada Familia, 38<\/td>\n<td>96 240 45 81<\/td>\n<\/tr>\n<tr>\n<td>SANTOS PATRONOS (LA BENEFICENCIA)<br \/>\nC\/ P\u00e9rez Gald\u00f3s, 52<\/td>\n<td>96 241 21 31<\/td>\n<\/tr>\n<tr>\n<td>SERVICIO PSICOPEDAG\u00d3GICO ESCOLAR (SPE)<br \/>\nAv. Luis Su\u00f1er 12, entresuelo izquierda<\/td>\n<td>96 240 12 78<\/p>\n<p>96 240 22 57<\/td>\n<\/tr>\n<tr>\n<td>UNED<br \/>\nC\/ Gand\u00eda, s\/n<\/td>\n<td>96 241 12 08<\/td>\n<\/tr>\n<\/tbody>\n<\/table>\n","protected":false},"excerpt":{"rendered":"<p>&nbsp; EDUCACI\u00d3N &nbsp; ACADEMIA X\u00daQUER C\/ Blasco, 17 96 241 21 85 ADISPAC (Centro Ocupacional La Ribera) Trav. de Benicull, s\/n 96 240 50 48 BRITISH SCHOOL ALZIRA La Barraca d&#8217;Aig\u00fces Vives 96 258 93 68 C.P. ALBORX\u00cd Av. Luis Su\u00f1er, s\/n 96 241 07 21 C.P. AUSI\u00c0S MARCH Av. Vicente Vidal, 16 96 241 &hellip; <\/p>\n<p class=\"link-more\"><a href=\"https:\/\/alzira.es\/es\/la-ciudad\/telefonos-de-interes\/educacion-asociaciones-y-entidades\/\" class=\"more-link\">Continuar leyendo<span class=\"screen-reader-text\"> \u00abEducaci\u00f3n &#8211; Asociaciones y entidades\u00bb<\/span><\/a><\/p>\n","protected":false},"author":12,"featured_media":7371,"parent":3617,"menu_order":0,"comment_status":"closed","ping_status":"closed","template":"","meta":{"_acf_changed":false,"footnotes":""},"class_list":["post-7397","page","type-page","status-publish","has-post-thumbnail","hentry"],"acf":[],"_links":{"self":[{"href":"https:\/\/alzira.es\/es\/wp-json\/wp\/v2\/pages\/7397","targetHints":{"allow":["GET"]}}],"collection":[{"href":"https:\/\/alzira.es\/es\/wp-json\/wp\/v2\/pages"}],"about":[{"href":"https:\/\/alzira.es\/es\/wp-json\/wp\/v2\/types\/page"}],"author":[{"embeddable":true,"href":"https:\/\/alzira.es\/es\/wp-json\/wp\/v2\/users\/12"}],"replies":[{"embeddable":true,"href":"https:\/\/alzira.es\/es\/wp-json\/wp\/v2\/comments?post=7397"}],"version-history":[{"count":2,"href":"https:\/\/alzira.es\/es\/wp-json\/wp\/v2\/pages\/7397\/revisions"}],"predecessor-version":[{"id":85291,"href":"https:\/\/alzira.es\/es\/wp-json\/wp\/v2\/pages\/7397\/revisions\/85291"}],"up":[{"embeddable":true,"href":"https:\/\/alzira.es\/es\/wp-json\/wp\/v2\/pages\/3617"}],"wp:featuredmedia":[{"embeddable":true,"href":"https:\/\/alzira.es\/es\/wp-json\/wp\/v2\/media\/7371"}],"wp:attachment":[{"href":"https:\/\/alzira.es\/es\/wp-json\/wp\/v2\/media?parent=7397"}],"curies":[{"name":"wp","href":"https:\/\/api.w.org\/{rel}","templated":true}]}}