{"id":86546,"date":"2021-08-30T16:46:33","date_gmt":"2021-08-30T14:46:33","guid":{"rendered":"https:\/\/alzira.es\/servicios-municipales\/omic\/"},"modified":"2021-08-30T16:50:36","modified_gmt":"2021-08-30T14:50:36","slug":"omic","status":"publish","type":"page","link":"https:\/\/alzira.es\/es\/servicios-municipales\/omic\/","title":{"rendered":"OMIC"},"content":{"rendered":"\n<p style=\"margin-left: 200px; line-height: 26px;\"><span style=\"color: #333333;\"><span style=\"font-size: medium;\"><a href=\"#_Qu__es_la_OMIC_\"><span style=\"font-size: large;\">\u00a0\u00bfQu\u00e9 es la OMIC?<\/span> <\/a> <\/span> <\/span><\/p>\r\n<p style=\"margin-left: 200px; line-height: 26px;\"><span style=\"color: #333333;\"><span style=\"font-size: medium;\"><a href=\"#Qui_nes_somos\"><span style=\"font-size: large;\">\u00a0\u00bfQui\u00e9nes somos?<\/span> <\/a> <\/span> <\/span><\/p>\r\n<p style=\"margin-left: 200px; line-height: 26px;\"><span style=\"color: #333333;\"><span style=\"font-size: medium;\"><a href=\"#D_nde_estamos\"><span style=\"font-size: large;\">\u00a0\u00bfD\u00f3nde estamos?<\/span> <\/a> <\/span> <\/span><\/p>\r\n<p style=\"margin-left: 200px; line-height: 26px;\"><span style=\"color: #333333;\"><span style=\"font-size: medium;\"><a href=\"#C_mo_contactar\"><span style=\"font-size: large;\">\u00a0\u00bfC\u00f3mo contactar?<\/span> <\/a> <\/span> <\/span><\/p>\r\n<p style=\"margin-left: 200px; line-height: 26px;\"><span style=\"color: #333333;\"><span style=\"font-size: medium;\"><a href=\"#Qui_n_puede_reclamar\"><span style=\"font-size: large;\">\u00a0\u00bfQui\u00e9n puede reclamar?<\/span> <\/a> <\/span> <\/span><\/p>\r\n<p style=\"margin-left: 200px; line-height: 26px;\"><span style=\"color: #333333;\"><span style=\"font-size: medium;\"><a href=\"#C_mo_podeis_reclamar\"><span style=\"font-size: large;\">\u00a0\u00bfC\u00f3mo podeis reclamar?<\/span> <\/a> <\/span> <\/span><\/p>\r\n<p style=\"margin-left: 200px; line-height: 26px;\"><span style=\"color: #333333;\"><span style=\"font-size: medium;\"><a href=\"#C_mo_realizar_las_consultas\"><span style=\"font-size: large;\">\u00a0\u00bfC\u00f3mo realizar las consultas?<\/span> <\/a> <\/span> <\/span><\/p>\r\n<p style=\"margin-left: 200px; line-height: 26px;\"><span style=\"color: #333333;\"><span style=\"font-size: medium;\"><a href=\"#NO_admitimos\"><span style=\"font-size: large;\">\u00a0NO admitimos<\/span> <\/a> <\/span> <\/span><\/p>\r\n<p style=\"margin-left: 200px; line-height: 26px;\"><span style=\"color: #333333;\"><span style=\"font-size: medium;\"><a href=\"#Documentos_\"><span style=\"font-size: large;\">\u00a0Documentos\u00a0<\/span> <\/a> <\/span> <\/span><\/p>\r\n<p style=\"margin-left: 200px; line-height: 26px;\"><span style=\"color: #333333;\"><span style=\"font-size: medium;\"><a href=\"#Documentos_\"><span style=\"font-size: large;\">\u00a0Gu\u00eda de Compra Segura en Internet<\/span> <\/a> <\/span> <\/span><\/p>\r\n<p><span style=\"font-size: large;\">\u00a0<\/span><\/p>\r\n<hr\/>\r\n<p><span style=\"font-size: large;\">\u00a0<\/span><\/p>\r\n<p style=\"text-align: justify;\"><span style=\"font-size: large;\"><a name=\"_Qu__es_la_OMIC_\"><\/a>\u00a0\u00bfQu\u00e9 es la OMIC?<\/span><\/p>\r\n<p style=\"text-align: justify;\"><span style=\"font-size: large;\">Es una oficina que depende del Ayuntamiento, y tiene como funci\u00f3n la informaci\u00f3n, ayuda y orientaci\u00f3n a los consumidores y usuarios para el adecuado ejercicio de sus derechos.<\/span><span style=\"font-size: large;\">\u00a0<\/span><\/p>\r\n<p style=\"text-align: justify;\"><span style=\"font-size: large;\">La OMIC de Alzira, adem\u00e1s de la informaci\u00f3n, lleva a cabo otras funciones como son:<\/span><span style=\"font-size: large;\">\u00a0<\/span><\/p>\r\n<ul>\r\n<li><span style=\"font-size: large;\">Recepci\u00f3n y tramitaci\u00f3n de reclamaciones y denuncias<\/span><span style=\"font-size: large;\">\u00a0<\/span><\/li>\r\n<\/ul>\r\n\r\n<hr\/>\r\n<p style=\"text-align: justify;\"><span style=\"font-size: large;\">\u00a0<\/span><\/p>\r\n<p style=\"text-align: justify;\"><span style=\"font-size: large;\"><a name=\"Qui_nes_somos\"><\/a>\u00a0\u00bfQui\u00e9nes somos?<\/span><span style=\"font-size: large;\">\u00a0<\/span><\/p>\r\n<p style=\"text-align: justify;\"><span style=\"font-size: large;\">El equipo profesional de tu OMIC:<\/span><span style=\"font-size: large;\">\u00a0<\/span><\/p>\r\n<p style=\"margin-left: 40px; text-align: justify;\"><span style=\"font-size: large;\"><strong>Michel S\u00e1nchez Amat\u00a0<br\/> <\/strong><em>Gestor OMIC\u00a0<\/em><br\/> Tel. <span style=\"font-size: large; line-height: 28.8px; text-align: justify;\">96 245 92 71\u00a0<\/span><span id=\"cloak24432\"><a style=\"font-size: large; line-height: 28.8px; text-align: justify;\" href=\"mailto:omic@alzira.es\">omic@alzira.es<\/a><\/span><script type=\"text\/javascript\">\r\n \/\/<!--\r\n document.getElementById('cloak24432').innerHTML = '';\r\n var prefix = 'ma' + 'il' + 'to';\r\n var path = 'hr' + 'ef' + '=';\r\n var addy24432 = 'omic' + '@';\r\n addy24432 = addy24432 + 'alzira' + '.' + 'es';\r\n var addy_text24432 = 'omic' + '@' + 'alzira' + '.' + 'es';\r\n document.getElementById('cloak24432').innerHTML += '<a style=\"font-size: large; line-height: 28.8px; text-align: justify;\" ' + path + '\\'' + prefix + ':' + addy24432 + '\\'>'+addy_text24432+'<\\\/a>';\r\n \/\/-->\r\n <\/script> <\/span><\/p>\r\n\r\n<hr\/>\r\n<p style=\"text-align: justify;\"><span style=\"font-size: large;\">\u00a0<\/span><\/p>\r\n<p style=\"text-align: justify;\"><span style=\"font-size: large;\"><a name=\"D_nde_estamos\"><\/a>\u00a0\u00bfD\u00f3nde estamos?<\/span><span style=\"font-size: large;\">\u00a0<\/span><\/p>\r\n<p style=\"text-align: justify;\"><span style=\"font-size: large;\">Nuestra oficina se encuentra situada en Pla\u00e7a Capella de la Sang n.\u00ba 1, dentro del Mercado de la Vila:<\/span><span style=\"font-size: large;\">\u00a0<\/span><\/p>\r\n<p style=\"margin-left: 40px; text-align: justify;\"><span style=\"font-size: large;\">OMIC <br\/>Pl. Capella de la Sang, 1<br\/>Mercat de La Vila<br\/> 46600 Alzira.<\/span><\/p>\r\n\r\n<hr\/>\r\n<p style=\"text-align: justify;\"><span style=\"font-size: large;\">\u00a0<\/span><\/p>\r\n<p style=\"text-align: justify;\"><span style=\"font-size: large;\"> <a name=\"C_mo_contactar\"><\/a>\u00a0\u00bfC\u00f3mo contactar?<\/span><span style=\"font-size: large;\">\u00a0<\/span><\/p>\r\n<ul>\r\n<li><span style=\"font-size: large;\">Personalmente en la oficina con cita previa. <\/span><\/li>\r\n<li><span style=\"font-size: large;\">Llamando a los tel\u00e9fonos 96 245 92 71 y 96 240 04 50. <\/span><\/li>\r\n<li><span style=\"font-size: large;\">Puede remitirnos su consulta tambi\u00e9n a trav\u00e9s del correo electr\u00f3nico <\/span><em><span id=\"cloak27081\"><a href=\"mailto:omic@alzira.es\"><span style=\"font-size: large;\">omic@alzira.es<\/span><\/a><\/span><\/em><\/li>\r\n<\/ul>\r\n\r\n<hr\/>\r\n<p style=\"text-align: justify;\">\u00a0<\/p>\r\n<p style=\"text-align: justify;\"><span style=\"font-size: large;\"> <a name=\"Qui_n_puede_reclamar\"><\/a>\u00a0\u00bfQui\u00e9n puede reclamar?<\/span><span style=\"font-size: large;\">\u00a0<\/span><\/p>\r\n<p style=\"text-align: justify;\"><span style=\"font-size: large;\">Todo consumidor o usuario QUE RESIDA EN ALZIRA O QUE RECLAME CONTRA UNA EMPRESA O COMERCIO UBICADO EN ALZIRA.<\/span><span style=\"font-size: large;\">\u00a0<\/span><\/p>\r\n<p style=\"text-align: justify;\"><span style=\"font-size: large;\">Seg\u00fan la legislaci\u00f3n, consumidor o usuario es toda persona que adquiere alguna cosa o utiliza alg\u00fan servicio para su propio consumo, utilizaci\u00f3n o disfrute.<\/span><span style=\"font-size: large;\">\u00a0<\/span><\/p>\r\n<p style=\"text-align: justify;\"><span style=\"font-size: large;\">Si los productos o servicios son adquiridos por personas o empresas para ser incorporados a procesos de producci\u00f3n, transformaci\u00f3n, comercializaci\u00f3n o prestaci\u00f3n de servicios a terceros, estas personas o empresas no son consideradas legalmente como consumidores.<\/span><\/p>\r\n\r\n<hr\/>\r\n<p style=\"text-align: justify;\"><span style=\"font-size: large;\">\u00a0<\/span><\/p>\r\n<p style=\"text-align: justify;\"><span style=\"font-size: large;\"> <a name=\"C_mo_podeis_reclamar\"><\/a>\u00a0\u00bfC\u00f3mo podeis reclamar?<\/span><span style=\"font-size: large;\">\u00a0<\/span><\/p>\r\n<ul>\r\n<li><span style=\"font-size: large;\">Personalmente en la OMIC <\/span><\/li>\r\n<li><span style=\"font-size: large;\">Por el registro de entrada del Ayuntamiento <\/span><\/li>\r\n<li><span style=\"font-size: large;\">Remitiendo la reclamaci\u00f3n por correo postal o electr\u00f3nico.<\/span>\u00a0<\/li>\r\n<\/ul>\r\n<p style=\"text-align: justify;\"><span style=\"font-size: large;\">(Si acude a la OMIC antes de efectuar la reclamaci\u00f3n, le informaremos y asesoraremos al respecto).<\/span><span style=\"font-size: large;\">\u00a0<\/span><\/p>\r\n<p style=\"margin-left: 40px; text-align: justify;\"><span style=\"font-size: large;\">1. Debe acreditarse con su nombre, DNI, direcci\u00f3n y tel\u00e9fono de contacto.<\/span><span style=\"font-size: large;\">\u00a0<\/span><\/p>\r\n<p style=\"margin-left: 40px; text-align: justify;\"><span style=\"font-size: large;\">2. Debe identificar, claramente, el establecimiento o empresa a la que reclama, con su nombre y direcci\u00f3n.<\/span><span style=\"font-size: large;\">\u00a0<\/span><\/p>\r\n<p style=\"margin-left: 40px; text-align: justify;\"><span style=\"font-size: large;\">3. Detallar brevemente las causas de la reclamaci\u00f3n y, sobre todo, concretar lo que se solicita.<\/span><span style=\"font-size: large;\">\u00a0<\/span><\/p>\r\n<p style=\"margin-left: 40px; text-align: justify;\"><span style=\"font-size: large;\">4. Acompa\u00f1e su reclamaci\u00f3n con fotocopias de todos los documentos que posea (facturas, contratos, resguardos, etc.).<\/span><\/p>\r\n<p style=\"text-align: justify;\"><span style=\"font-size: large;\"><br\/> Si es posible, antes de acudir a la OMIC, solicite las Hojas de Reclamaciones en el establecimiento. En ella podr\u00e1 exponer el motivo de su queja y la otra parte podr\u00e1 dar su versi\u00f3n de los hechos. No olvide que todos los comercios y empresas de servicios han de tener dichas Hojas de Reclamaciones a disposici\u00f3n de sus clientes.<\/span><span style=\"font-size: large;\">\u00a0<\/span><\/p>\r\n<p style=\"text-align: justify;\"><span style=\"font-size: large;\">Si desea cumplimentar el formulario para presentar una reclamaci\u00f3n, pulse aqu\u00ed: <\/span><a onclick=\"target='_blank'\" href=\"https:\/\/alzira.es\/wp-content\/uploads\/2009\/02\/Formulari-de-reclamacio.pdf\"><span style=\"font-size: large;\"><em><img decoding=\"async\" data-src=\"https:\/\/alzira.es\/wp-content\/uploads\/2009\/02\/pdfrojo.gif\" alt=\"\" width=\"18\" height=\"15\" src=\"data:image\/svg+xml;base64,PHN2ZyB3aWR0aD0iMSIgaGVpZ2h0PSIxIiB4bWxucz0iaHR0cDovL3d3dy53My5vcmcvMjAwMC9zdmciPjwvc3ZnPg==\" class=\"lazyload\" style=\"--smush-placeholder-width: 18px; --smush-placeholder-aspect-ratio: 18\/15;\" \/><\/em><span style=\"color: #0000ff;\"><em>\u00a0(27 kb)<\/em><\/span><\/span><\/a><\/p>\r\n\r\n<hr\/>\r\n<p style=\"text-align: justify;\"><span style=\"font-size: large;\">\u00a0<\/span><\/p>\r\n<p style=\"text-align: justify;\"><span style=\"font-size: large;\"> <a name=\"C_mo_realizar_las_consultas\"><\/a>\u00a0\u00bfC\u00f3mo realizar las consultas?<\/span><span style=\"font-size: large;\">\u00a0<\/span><\/p>\r\n<p style=\"text-align: justify;\"><span style=\"font-size: large;\">En la OMIC se atienden todas las consultas relacionadas con temas de consumo, inform\u00e1ndole sobre sus derechos como consumidor.<\/span><span style=\"font-size: large;\">\u00a0<\/span><\/p>\r\n<ul>\r\n<li><span style=\"font-size: large;\">Person\u00e1ndose en la Oficina <\/span><\/li>\r\n<li><span style=\"font-size: large;\">Telef\u00f3nicamente <\/span><\/li>\r\n<li><span style=\"font-size: large;\">Por correo electr\u00f3nico o a trav\u00e9s de fax.<\/span>\u00a0<\/li>\r\n<\/ul>\r\n<p style=\"text-align: justify;\"><span style=\"font-size: large;\">Las consultas ser\u00e1n atendidas en el mismo momento por nuestro personal cualificado que le informar\u00e1 y asesorar\u00e1 en todo momento, salvo que por la complejidad de la misma sea necesaria la consulta de otros organismos.<\/span><span style=\"font-size: large;\">\u00a0<\/span><\/p>\r\n<p style=\"text-align: justify;\"><span style=\"font-size: large;\">Si desea realizar su consulta a trav\u00e9s de Internet, pulse aqu\u00ed: <\/span><a onclick=\"target='_blank'\" href=\"https:\/\/alzira.es\/wp-content\/uploads\/2009\/02\/Formulari-de-consulta.pdf\"><span style=\"font-size: large;\"><em><img decoding=\"async\" data-src=\"https:\/\/alzira.es\/wp-content\/uploads\/2009\/02\/pdfrojo.gif\" alt=\"\" width=\"18\" height=\"15\" src=\"data:image\/svg+xml;base64,PHN2ZyB3aWR0aD0iMSIgaGVpZ2h0PSIxIiB4bWxucz0iaHR0cDovL3d3dy53My5vcmcvMjAwMC9zdmciPjwvc3ZnPg==\" class=\"lazyload\" style=\"--smush-placeholder-width: 18px; --smush-placeholder-aspect-ratio: 18\/15;\" \/><\/em><span style=\"color: #0000ff;\"><em>\u00a0(13 kb)<\/em><\/span><\/span><\/a><\/p>\r\n\r\n<hr\/>\r\n<p style=\"text-align: justify;\"><span style=\"font-size: large;\">\u00a0<\/span><\/p>\r\n<p style=\"text-align: justify;\"><span style=\"font-size: large;\"> <a name=\"NO_admitimos\"><\/a>\u00a0NO admitimos<\/span><span style=\"font-size: large;\">\u00a0<\/span><\/p>\r\n<p style=\"text-align: justify;\"><span style=\"font-size: large;\">No admitimos en la OMIC los siguientes asuntos:<\/span><span style=\"font-size: large;\">\u00a0<\/span><\/p>\r\n<ul>\r\n<li><span style=\"font-size: large;\">Reclamaciones por la compra de un producto o servicio realizadas por comerciantes, profesionales o empresarios ya que no actuan como consumidores finales seg\u00fan el art\u00edculo 1 de la Ley 26\/1984 General para la Defensa de los Consumidores y Usuarios. Estos profesionales podr\u00e1n acudir a su Asociaci\u00f3n Profesional o a la C\u00e1mara de Comercio. <\/span><\/li>\r\n<li><span style=\"font-size: large;\">Reclamaciones por compras de productos o servicios de particular a particular porque no son temas de consumo ya que el vendedor o prestador del servicio no se dedica profesionalmente a ello, por lo tanto, deber\u00e1n acudir a un asesor o abogado. <\/span><\/li>\r\n<li><span style=\"font-size: large;\">Arrendamientos urbanos (contratos de alquiler entre particulares). No es un tema de consumo porque no existe profesionalidad en ninguno de los contratantes. No obstante, podemos informarle y asesorarle seg\u00fan la Ley 29\/1994, de Arrendamientos Urbanos. <\/span><\/li>\r\n<li><span style=\"font-size: large;\">Reclamaciones contra la Administraci\u00f3n P\u00fablica: En este caso deber\u00e1 dirigirse al servicio p\u00fablico de la Administraci\u00f3n correspondiente: Seguridad Social, Hacienda, Tr\u00e1fico&#8230; <\/span><\/li>\r\n<li><span style=\"font-size: large;\">Reclamaciones en las que falte el documento probatorio de la relaci\u00f3n contractual: contrato, factura, ticket&#8230; : No podemos fundamentar una reclamaci\u00f3n s\u00f3lo con la palabra del consumidor. <\/span><\/li>\r\n<\/ul>\r\n\r\n<hr\/>\r\n<p style=\"text-align: justify;\">\u00a0<\/p>\r\n<p style=\"text-align: justify;\"><span style=\"font-size: large;\"><a name=\"Documentos_\"><\/a>\u00a0Documentos\u00a0<\/span><span style=\"font-size: large;\">\u00a0<\/span><\/p>\r\n<p style=\"margin-left: 40px; text-align: justify;\"><span style=\"font-size: large;\">Formulario de reclamaci\u00f3n <\/span><span style=\"font-size: large;\"><a onclick=\"target='_blank'\" href=\"https:\/\/alzira.es\/wp-content\/uploads\/2009\/02\/Formulari-de-reclamacio.pdf\"><em><img decoding=\"async\" data-src=\"https:\/\/alzira.es\/wp-content\/uploads\/2009\/02\/pdfrojo.gif\" alt=\"\" width=\"18\" height=\"15\" src=\"data:image\/svg+xml;base64,PHN2ZyB3aWR0aD0iMSIgaGVpZ2h0PSIxIiB4bWxucz0iaHR0cDovL3d3dy53My5vcmcvMjAwMC9zdmciPjwvc3ZnPg==\" class=\"lazyload\" style=\"--smush-placeholder-width: 18px; --smush-placeholder-aspect-ratio: 18\/15;\" \/><\/em><span style=\"color: #0000ff;\"><em>\u00a0(27 kb)<\/em><\/span> <\/a><br\/> Formulario de consulta <\/span><span style=\"font-size: large;\"><a onclick=\"target='_blank'\" href=\"https:\/\/alzira.es\/wp-content\/uploads\/2009\/02\/Formulari-de-consulta.pdf\"><em><img decoding=\"async\" data-src=\"https:\/\/alzira.es\/wp-content\/uploads\/2009\/02\/pdfrojo.gif\" alt=\"\" width=\"18\" height=\"15\" src=\"data:image\/svg+xml;base64,PHN2ZyB3aWR0aD0iMSIgaGVpZ2h0PSIxIiB4bWxucz0iaHR0cDovL3d3dy53My5vcmcvMjAwMC9zdmciPjwvc3ZnPg==\" class=\"lazyload\" style=\"--smush-placeholder-width: 18px; --smush-placeholder-aspect-ratio: 18\/15;\" \/><\/em><span style=\"color: #0000ff;\"><em>\u00a0(13 kb)<\/em><\/span> <\/a><span style=\"color: #0000ff;\">\u00a0<\/span>\u00a0<\/span><\/p>\r\n<p style=\"text-align: justify;\">\u00a0<\/p>\r\n<hr\/>\r\n<p style=\"text-align: justify;\"><span style=\"font-size: 14.4px;\">\u00a0<\/span><\/p>\r\n<p style=\"text-align: justify;\"><span style=\"font-size: large;\"><a name=\"Documentos_\"><\/a>\u00a0Gu\u00eda de Compra Segura in Internet\u00a0<\/span><span style=\"font-size: large;\">\u00a0<\/span><\/p>\r\n<p style=\"margin-left: 40px; text-align: justify;\"><span style=\"font-size: large;\"><a title=\"http:\/\/www.indi.gva.es\" href=\"http:\/\/www.indi.gva.es\/va\/web\/consumo\/recomendaciones-destacadas\" target=\"_blank\" rel=\"noopener\"><span style=\"font-size: large;\">http:\/\/www.indi.gva.es\/va\/web\/consumo\/recomendaciones-destacadas<\/span> <\/a><a onclick=\"target='_blank'\" href=\"https:\/\/alzira.es\/wp-content\/uploads\/2009\/02\/Formulari-de-consulta.pdf\">\u00a0<\/a><span style=\"color: #0000ff;\">\u00a0<\/span>\u00a0<\/span><\/p>\r\n<p style=\"text-align: justify;\"><span style=\"font-size: large;\">\u00a0<\/span><\/p>\r\n<p style=\"text-align: justify;\"><span style=\"font-size: large;\"><br\/> \u00a0<\/span><\/p> \t\r\n","protected":false},"excerpt":{"rendered":"<p>\u00a0\u00bfQu\u00e9 es la OMIC? \u00a0\u00bfQui\u00e9nes somos? \u00a0\u00bfD\u00f3nde estamos? \u00a0\u00bfC\u00f3mo contactar? \u00a0\u00bfQui\u00e9n puede reclamar? \u00a0\u00bfC\u00f3mo podeis reclamar? \u00a0\u00bfC\u00f3mo realizar las consultas? \u00a0NO admitimos \u00a0Documentos\u00a0 \u00a0Gu\u00eda de Compra Segura en Internet \u00a0 \u00a0 \u00a0\u00bfQu\u00e9 es la OMIC? Es una oficina que depende del Ayuntamiento, y tiene como funci\u00f3n la informaci\u00f3n, ayuda y orientaci\u00f3n a los consumidores y &hellip; <\/p>\n<p class=\"link-more\"><a href=\"https:\/\/alzira.es\/es\/servicios-municipales\/omic\/\" class=\"more-link\">Continuar leyendo<span class=\"screen-reader-text\"> \u00abOMIC\u00bb<\/span><\/a><\/p>\n","protected":false},"author":12,"featured_media":0,"parent":60847,"menu_order":0,"comment_status":"closed","ping_status":"closed","template":"","meta":{"_acf_changed":false,"footnotes":""},"class_list":["post-86546","page","type-page","status-publish","hentry"],"acf":[],"_links":{"self":[{"href":"https:\/\/alzira.es\/es\/wp-json\/wp\/v2\/pages\/86546","targetHints":{"allow":["GET"]}}],"collection":[{"href":"https:\/\/alzira.es\/es\/wp-json\/wp\/v2\/pages"}],"about":[{"href":"https:\/\/alzira.es\/es\/wp-json\/wp\/v2\/types\/page"}],"author":[{"embeddable":true,"href":"https:\/\/alzira.es\/es\/wp-json\/wp\/v2\/users\/12"}],"replies":[{"embeddable":true,"href":"https:\/\/alzira.es\/es\/wp-json\/wp\/v2\/comments?post=86546"}],"version-history":[{"count":2,"href":"https:\/\/alzira.es\/es\/wp-json\/wp\/v2\/pages\/86546\/revisions"}],"predecessor-version":[{"id":86551,"href":"https:\/\/alzira.es\/es\/wp-json\/wp\/v2\/pages\/86546\/revisions\/86551"}],"up":[{"embeddable":true,"href":"https:\/\/alzira.es\/es\/wp-json\/wp\/v2\/pages\/60847"}],"wp:attachment":[{"href":"https:\/\/alzira.es\/es\/wp-json\/wp\/v2\/media?parent=86546"}],"curies":[{"name":"wp","href":"https:\/\/api.w.org\/{rel}","templated":true}]}}